{"id":943,"date":"2025-02-07T18:57:42","date_gmt":"2025-02-07T17:57:42","guid":{"rendered":"https:\/\/oega.boku.ac.at\/?page_id=943"},"modified":"2025-02-07T18:57:42","modified_gmt":"2025-02-07T17:57:42","slug":"oega-tagung-1991","status":"publish","type":"page","link":"https:\/\/oega.boku.ac.at\/en\/oega-tagung-1991\/","title":{"rendered":"\u00d6GA-Tagung 1991"},"content":{"rendered":"<p><strong>Internationalisierung und ihre Folgen f\u00fcr die Landwirtschaft<\/strong><\/p>\n\n\n\n<p>1. Jahrestagung der \u00d6GA<\/p>\n\n\n\n<p>Gerhard Poschacher, Erik Malischnig, Walter Schneeberger und Hans Karl Wytrzens (Hrsg), 1992<br>Dokumentation der 1. \u00d6GA-Jahrestagung am 7. November 1991 in Wien<br>Erschienen als Sonderausgabe der Zeitschrift &#8222;F\u00f6rderungsdienst&#8220;, BMLF<\/p>\n\n\n\n<figure class=\"wp-block-table\"><table class=\"has-fixed-layout\"><tbody><tr><td><strong>AutorInnen<\/strong><\/td><td><strong>Titel des Beitrags<\/strong><\/td><\/tr><tr><td><strong>Poschacher<\/strong>, G.<\/td><td>Pl\u00e4doyer f\u00fcr eine neue Agrarpolitik<\/td><\/tr><tr><td><strong>Frohberg<\/strong>, K.<\/td><td>Analyse einer Liberalisierung des Agrarhandels mit Simulationsmodellen: M\u00f6glichkeiten, Ergebnisse und Grenzen<\/td><\/tr><tr><td><strong>Ortner<\/strong>, K.<\/td><td>Die Entwicklung der \u00f6sterreichischen Agrarproduktm\u00e4rkte im internationalen Vergleich<\/td><\/tr><tr><td><strong>Schneider<\/strong>, M.<\/td><td>Folgen der Liberalisierung f\u00fcr die \u00f6sterreichische Landwirtschaft<\/td><\/tr><tr><td><strong>Priewasser<\/strong>, R.<\/td><td>Rohstoffe und Energietr\u00e4ger aus agrarischer Produktion &#8211; Optionen und Restriktionen in \u00f6konomischer und \u00f6kologischer Sicht<\/td><\/tr><tr><td><strong>W\u00f6rg\u00f6tter<\/strong>, A.<\/td><td>Angebots- und nachfrageorientierte Interventionen am Milchmarkt in \u00d6sterreich<\/td><\/tr><tr><td><strong>Steidl<\/strong>, A.<\/td><td>Vorgangsweise bei der Ermittlung und Evaluierung von Marktchancen am Beispiel Mohn<\/td><\/tr><tr><td><strong>Hegenbart<\/strong>, B.<\/td><td>Internationaler Handel und Umweltschutz &#8211; Eine Analyse der Zusammenh\u00e4nge<\/td><\/tr><tr><td><strong>Vogel<\/strong>, S.<\/td><td>Zur Umwelteinstellung von Bauern und B\u00e4uerinnen in \u00d6sterreich &#8211; Ausgew\u00e4hlte Ergebnisse aus einer Befragung<\/td><\/tr><tr><td><strong>Wagner<\/strong>, K.<\/td><td>Landwirtschaft und Umweltvertr\u00e4glichkeitspr\u00fcfung<\/td><\/tr><tr><td><strong>Paffermayr<\/strong>, M.<\/td><td>Humankapital und Arbeitsmarktpartizipation von Landwirten<\/td><\/tr><tr><td><strong>Gattermayr<\/strong>, F.<\/td><td>Angebotsanalyse von &#8222;Urlaub am Bauernhof&#8220;<\/td><\/tr><tr><td><strong>Wytrzens<\/strong>, H.K.<\/td><td>Die \u00d6GA &#8211; Ein Agrar\u00f6konomisches Wissenschaftsforum<\/td><\/tr><\/tbody><\/table><\/figure>\n<div class=\"pdfprnt-buttons pdfprnt-buttons-page pdfprnt-bottom-left\"><a href=\"https:\/\/oega.boku.ac.at\/en\/wp-json\/wp\/v2\/pages\/943?print=pdf\" class=\"pdfprnt-button pdfprnt-button-pdf\" target=\"_blank\" ><\/a><a href=\"https:\/\/oega.boku.ac.at\/en\/wp-json\/wp\/v2\/pages\/943?print=print\" class=\"pdfprnt-button pdfprnt-button-print\" target=\"_blank\" ><img decoding=\"async\" src=\"https:\/\/oega.boku.ac.at\/wp-content\/plugins\/pdf-print\/images\/print.png\" alt=\"image_print\" title=\"Print Content\" \/><span class=\"pdfprnt-button-title pdfprnt-button-print-title\">Print-Version<\/span><\/a><\/div>","protected":false},"excerpt":{"rendered":"<p>Internationalisierung und ihre Folgen f\u00fcr die Landwirtschaft 1. Jahrestagung der \u00d6GA Gerhard Poschacher, Erik Malischnig, Walter Schneeberger und Hans Karl Wytrzens (Hrsg), 1992Dokumentation der 1. \u00d6GA-Jahrestagung am 7. November 1991 in WienErschienen als Sonderausgabe der Zeitschrift &#8222;F\u00f6rderungsdienst&#8220;, BMLF AutorInnen Titel des Beitrags Poschacher, G. Pl\u00e4doyer f\u00fcr eine neue Agrarpolitik Frohberg, K. Analyse einer Liberalisierung des [&hellip;]<\/p>\n","protected":false},"author":1,"featured_media":0,"parent":0,"menu_order":0,"comment_status":"closed","ping_status":"closed","template":"","meta":{"footnotes":""},"class_list":["post-943","page","type-page","status-publish","hentry"],"_links":{"self":[{"href":"https:\/\/oega.boku.ac.at\/en\/wp-json\/wp\/v2\/pages\/943","targetHints":{"allow":["GET"]}}],"collection":[{"href":"https:\/\/oega.boku.ac.at\/en\/wp-json\/wp\/v2\/pages"}],"about":[{"href":"https:\/\/oega.boku.ac.at\/en\/wp-json\/wp\/v2\/types\/page"}],"author":[{"embeddable":true,"href":"https:\/\/oega.boku.ac.at\/en\/wp-json\/wp\/v2\/users\/1"}],"replies":[{"embeddable":true,"href":"https:\/\/oega.boku.ac.at\/en\/wp-json\/wp\/v2\/comments?post=943"}],"version-history":[{"count":1,"href":"https:\/\/oega.boku.ac.at\/en\/wp-json\/wp\/v2\/pages\/943\/revisions"}],"predecessor-version":[{"id":944,"href":"https:\/\/oega.boku.ac.at\/en\/wp-json\/wp\/v2\/pages\/943\/revisions\/944"}],"wp:attachment":[{"href":"https:\/\/oega.boku.ac.at\/en\/wp-json\/wp\/v2\/media?parent=943"}],"curies":[{"name":"wp","href":"https:\/\/api.w.org\/{rel}","templated":true}]}}