{"id":93,"date":"2025-01-13T17:26:01","date_gmt":"2025-01-13T16:26:01","guid":{"rendered":"https:\/\/oega.boku.ac.at\/?page_id=93"},"modified":"2025-03-10T14:03:41","modified_gmt":"2025-03-10T13:03:41","slug":"ajars-32","status":"publish","type":"page","link":"https:\/\/oega.boku.ac.at\/en\/journal\/ajars-32\/","title":{"rendered":"Austrian Journal of Agricultural Economics and Rural Studies Vol. 32"},"content":{"rendered":"<p>Herausgegeben von: Theresia Oedl-Wieser, Christian Fritz, Jochen Kantelhardt und Petra Riefler<\/p>\n\n\n\n<p><\/p>\n\n\n\n<div class=\"wp-block-media-text has-media-on-the-right is-stacked-on-mobile\"><div class=\"wp-block-media-text__content\">\n<p><a href=\"https:\/\/oega.boku.ac.at\/wp-content\/uploads\/2025\/01\/IT_AJARS_32_VOE.pdf\">AJARS Vol. 32<\/a><\/p>\n\n\n\n<p><a href=\"https:\/\/oega.boku.ac.at\/wp-content\/uploads\/2025\/01\/Inhaltsverzeichnis_AJARS_32.pdf\">Table of content<\/a><\/p>\n\n\n\n<p><a href=\"https:\/\/oega.boku.ac.at\/wp-content\/uploads\/2025\/01\/Editorial_2022.pdf\">Editorial<\/a><\/p>\n\n\n\n<p><a href=\"https:\/\/oega.boku.ac.at\/wp-content\/uploads\/2025\/01\/U2_Impressum_AJARS_32.pdf\">Imprint<\/a><\/p>\n\n\n\n<p><a href=\"https:\/\/oega.boku.ac.at\/wp-content\/uploads\/2025\/01\/Gutachterverzeichnis_2022.pdf\">Reviewers<\/a><\/p>\n<\/div><figure class=\"wp-block-media-text__media\"><img loading=\"lazy\" decoding=\"async\" width=\"723\" height=\"1024\" src=\"https:\/\/oega.boku.ac.at\/wp-content\/uploads\/2025\/01\/US_AJARS_32_Cover_Front-723x1024.png\" alt=\"\" class=\"wp-image-100 size-full\" srcset=\"https:\/\/oega.boku.ac.at\/wp-content\/uploads\/2025\/01\/US_AJARS_32_Cover_Front-723x1024.png 723w, https:\/\/oega.boku.ac.at\/wp-content\/uploads\/2025\/01\/US_AJARS_32_Cover_Front-212x300.png 212w, https:\/\/oega.boku.ac.at\/wp-content\/uploads\/2025\/01\/US_AJARS_32_Cover_Front-768x1087.png 768w, https:\/\/oega.boku.ac.at\/wp-content\/uploads\/2025\/01\/US_AJARS_32_Cover_Front-1085x1536.png 1085w, https:\/\/oega.boku.ac.at\/wp-content\/uploads\/2025\/01\/US_AJARS_32_Cover_Front-1447x2048.png 1447w\" sizes=\"auto, (max-width: 723px) 100vw, 723px\" \/><\/figure><\/div>\n\n\n\n<figure class=\"wp-block-table is-style-stripes\"><table class=\"has-fixed-layout\"><tbody><tr><td><strong>Authorinnen und Autoren<\/strong><\/td><td>&nbsp;<strong>Title<\/strong><\/td><\/tr><tr><td><\/td><td><\/td><\/tr><tr><td>Katharina FALKNER, Hermine MITTER und Erwin SCHMID<br><a href=\"https:\/\/oega.boku.ac.at\/wp-content\/uploads\/2025\/01\/10_Falkner.pdf\">DOI 10.15203\/OEGA_32.3<\/a><\/td><td><a href=\"https:\/\/oega.boku.ac.at\/wp-content\/uploads\/2025\/01\/10_Falkner.pdf\">Modellierung der Auswirkungen von Niederschlags- und Grundwasserbewirtschaftungsszenarien auf den landwirtschaftlichen Bew\u00e4sserungsbedarf und die Produktion in Ober\u00f6sterreich<\/a><\/td><\/tr><tr><td>&nbsp;<\/td><td>&nbsp;<\/td><\/tr><tr><td>Mathias KIRCHNER, Werner P\u00d6LZ, Hans MAYRHOFER, Michaela HICKERSBERGER und Franz SINABELL<br><a href=\"https:\/\/oega.boku.ac.at\/wp-content\/uploads\/2025\/01\/14_Kirchner_et_al.pdf\">DOI 10.15203\/OEGA_32.4<\/a><\/td><td><a href=\"https:\/\/oega.boku.ac.at\/wp-content\/uploads\/2025\/01\/14_Kirchner_et_al.pdf\">Carbon footprint of Austrian beef in an international context<\/a><\/td><\/tr><tr><td>&nbsp;<\/td><td>&nbsp;<\/td><\/tr><tr><td>Dierk SCHMID<br><a href=\"https:\/\/oega.boku.ac.at\/wp-content\/uploads\/2025\/01\/09_Schmid.pdf\">DOI 10.15203\/OEGA_32.5<\/a><\/td><td><a href=\"https:\/\/oega.boku.ac.at\/wp-content\/uploads\/2025\/01\/09_Schmid.pdf\">Profitability of Swiss Dairy Farms with different Milking Systems<\/a><\/td><\/tr><tr><td>&nbsp;<\/td><td>&nbsp;<\/td><\/tr><tr><td>Daniel HOOP<br><a href=\"https:\/\/oega.boku.ac.at\/wp-content\/uploads\/2025\/01\/11_Hoop.pdf\">DOI 10.15203\/OEGA_32.6<\/a><\/td><td><a href=\"https:\/\/oega.boku.ac.at\/wp-content\/uploads\/2025\/01\/11_Hoop.pdf\">The empirical economic effect of dairy cow longevity in a Swiss setting<\/a><\/td><\/tr><tr><td>&nbsp;<\/td><td>&nbsp;<\/td><\/tr><tr><td>Claudia WINKLER, Sabrina DREISIEBNER-LANZ und Dominik KORTSCHAK<br><a href=\"https:\/\/oega.boku.ac.at\/wp-content\/uploads\/2025\/01\/01_Winkler.pdf\">DOI 10.15203\/OEGA_32.7<\/a><\/td><td><a href=\"https:\/\/oega.boku.ac.at\/wp-content\/uploads\/2025\/01\/01_Winkler.pdf\">Sozio\u00f6konomische Datenerhebung im \u00f6sterreichischen Aquakultursektor durch die Kombination von Typical Farm Approach und statistischer Modellierung<\/a><\/td><\/tr><tr><td>&nbsp;<\/td><td>&nbsp;<\/td><\/tr><tr><td>Theresia OEDL-WIESER, Kerstin HAUSEGGER-NESTELBERGER, Lisa BAUCHINGER und Thomas DAX<br><a href=\"https:\/\/oega.boku.ac.at\/wp-content\/uploads\/2025\/01\/05_Oedl-Wieser.pdf\">DOI 10.15203\/OEGA_32.8<\/a><\/td><td><a href=\"https:\/\/oega.boku.ac.at\/wp-content\/uploads\/2025\/01\/05_Oedl-Wieser.pdf\">Interkommunale Kooperation im stadtregionalen Kontext aus der Sicht von B\u00fcrgermeister:innen \u2013 eine qualitative Untersuchung im Steirischen Zentralraum<\/a><\/td><\/tr><tr><td>&nbsp;<\/td><td>&nbsp;<\/td><\/tr><tr><td>Christine ROTHER, Nana ZUBEK und Friederike ZACHAU<br><a href=\"https:\/\/oega.boku.ac.at\/wp-content\/uploads\/2025\/01\/12_Rother.pdf\">DOI 10.15203\/OEGA_32.9<\/a><\/td><td><a href=\"https:\/\/oega.boku.ac.at\/wp-content\/uploads\/2025\/01\/12_Rother.pdf\">Frauen in der Landwirtschaft im Spiegel der deutschen Agrarberichterstattung<\/a><\/td><\/tr><tr><td>&nbsp;<\/td><td>&nbsp;<\/td><\/tr><tr><td>Savina KONZETT und Bernhard GR\u00dcNER<br><a href=\"https:\/\/oega.boku.ac.at\/wp-content\/uploads\/2025\/01\/15_Konzett_und_Gruener.pdf\">DOI 10.15203\/OEGA_32.10<\/a><\/td><td><a href=\"https:\/\/oega.boku.ac.at\/wp-content\/uploads\/2025\/01\/15_Konzett_und_Gruener.pdf\">NeueinsteigerInnen in der west\u00f6sterreichischen Berglandwirtschaft als Quelle neuer Ideen und Innovationen<\/a><\/td><\/tr><tr><td>&nbsp;<\/td><td>&nbsp;<\/td><\/tr><tr><td>Sara Anna PFAFF, Angelika THOMAS und Linda SPEIDEL<br><a href=\"https:\/\/oega.boku.ac.at\/wp-content\/uploads\/2025\/01\/02_Pfaff_et_al.pdf\">DOI 10.15203\/OEGA_32.11<\/a><\/td><td><a href=\"https:\/\/oega.boku.ac.at\/wp-content\/uploads\/2025\/01\/02_Pfaff_et_al.pdf\">Analyse des Wissens- und Innovationssystems in der Pferdewirtschaft Baden-W\u00fcrttembergs: Angebot und Nachfrage von Informationen \u00fcber digitale Technologien in der Pferdehaltung<\/a><\/td><\/tr><tr><td>&nbsp;<\/td><td>&nbsp;<\/td><\/tr><tr><td>Michael PAULUS und Andrea KNIERIEM<br><a href=\"https:\/\/oega.boku.ac.at\/wp-content\/uploads\/2025\/01\/13_Paulus_und_Knieriem.pdf\">DOI 10.15203\/OEGA_32.12<\/a><\/td><td><a href=\"https:\/\/oega.boku.ac.at\/wp-content\/uploads\/2025\/01\/13_Paulus_und_Knieriem.pdf\">Wissenstransfer zu digitalen Technologien in Baden-W\u00fcrttemberg \u2013 Ergebnisse einer Betriebsbefragung<\/a><\/td><\/tr><tr><td>&nbsp;<\/td><td>&nbsp;<\/td><\/tr><tr><td>Lydia Maria LIENHART<br><a href=\"https:\/\/oega.boku.ac.at\/wp-content\/uploads\/2025\/01\/6_Lienhart.pdf\">DOI 10.15203\/OEGA_32.13<\/a><\/td><td><a href=\"https:\/\/oega.boku.ac.at\/wp-content\/uploads\/2025\/01\/6_Lienhart.pdf\">The role of free trade agreements and the agricultural share of the GDP in the EU\u2019s external agricultural trade<\/a><\/td><\/tr><tr><td>&nbsp;<\/td><td>&nbsp;<\/td><\/tr><tr><td>Hermine MITTER, Franziska FUNKE, Linus MATTAUCH, Thorsten MERL, Viola PRIESEMANN, Leonie WENZ und Anna WIESE<br><a href=\"https:\/\/oega.boku.ac.at\/wp-content\/uploads\/2025\/01\/04_Mitter.pdf\">DOI 10.15203\/OEGA_32.14<\/a><\/td><td><a href=\"https:\/\/oega.boku.ac.at\/wp-content\/uploads\/2025\/01\/04_Mitter.pdf\">Die Zukunft der Ern\u00e4hrung in Europa: Multidisziplin\u00e4re Perspektiven<\/a><\/td><\/tr><\/tbody><\/table><\/figure>\n<div class=\"pdfprnt-buttons pdfprnt-buttons-page pdfprnt-bottom-left\"><a href=\"https:\/\/oega.boku.ac.at\/en\/wp-json\/wp\/v2\/pages\/93?print=pdf\" class=\"pdfprnt-button pdfprnt-button-pdf\" target=\"_blank\" ><\/a><a href=\"https:\/\/oega.boku.ac.at\/en\/wp-json\/wp\/v2\/pages\/93?print=print\" class=\"pdfprnt-button pdfprnt-button-print\" target=\"_blank\" ><img decoding=\"async\" src=\"https:\/\/oega.boku.ac.at\/wp-content\/plugins\/pdf-print\/images\/print.png\" alt=\"image_print\" title=\"Print Content\" \/><span class=\"pdfprnt-button-title pdfprnt-button-print-title\">Print-Version<\/span><\/a><\/div>","protected":false},"excerpt":{"rendered":"<p>Herausgegeben von: Theresia Oedl-Wieser, Christian Fritz, Jochen Kantelhardt und Petra Riefler AJARS Vol. 32 Inhaltsverzeichnis Editorial Impressum Gutachterinnen und Gutachterverzeichnis Authorinnen und Autoren &nbsp;Titel Katharina FALKNER, Hermine MITTER und Erwin SCHMIDDOI 10.15203\/OEGA_32.3 Modellierung der Auswirkungen von Niederschlags- und Grundwasserbewirtschaftungsszenarien auf den landwirtschaftlichen Bew\u00e4sserungsbedarf und die Produktion in Ober\u00f6sterreich &nbsp; &nbsp; Mathias KIRCHNER, Werner P\u00d6LZ, Hans [&hellip;]<\/p>\n","protected":false},"author":1,"featured_media":0,"parent":37,"menu_order":0,"comment_status":"closed","ping_status":"closed","template":"","meta":{"footnotes":""},"class_list":["post-93","page","type-page","status-publish","hentry"],"_links":{"self":[{"href":"https:\/\/oega.boku.ac.at\/en\/wp-json\/wp\/v2\/pages\/93","targetHints":{"allow":["GET"]}}],"collection":[{"href":"https:\/\/oega.boku.ac.at\/en\/wp-json\/wp\/v2\/pages"}],"about":[{"href":"https:\/\/oega.boku.ac.at\/en\/wp-json\/wp\/v2\/types\/page"}],"author":[{"embeddable":true,"href":"https:\/\/oega.boku.ac.at\/en\/wp-json\/wp\/v2\/users\/1"}],"replies":[{"embeddable":true,"href":"https:\/\/oega.boku.ac.at\/en\/wp-json\/wp\/v2\/comments?post=93"}],"version-history":[{"count":7,"href":"https:\/\/oega.boku.ac.at\/en\/wp-json\/wp\/v2\/pages\/93\/revisions"}],"predecessor-version":[{"id":1443,"href":"https:\/\/oega.boku.ac.at\/en\/wp-json\/wp\/v2\/pages\/93\/revisions\/1443"}],"up":[{"embeddable":true,"href":"https:\/\/oega.boku.ac.at\/en\/wp-json\/wp\/v2\/pages\/37"}],"wp:attachment":[{"href":"https:\/\/oega.boku.ac.at\/en\/wp-json\/wp\/v2\/media?parent=93"}],"curies":[{"name":"wp","href":"https:\/\/api.w.org\/{rel}","templated":true}]}}