{"id":927,"date":"2025-02-07T18:51:32","date_gmt":"2025-02-07T17:51:32","guid":{"rendered":"https:\/\/oega.boku.ac.at\/?page_id=927"},"modified":"2025-02-07T19:00:10","modified_gmt":"2025-02-07T18:00:10","slug":"oega-tagung-1998","status":"publish","type":"page","link":"https:\/\/oega.boku.ac.at\/en\/oega-tagung-1998\/","title":{"rendered":"\u00d6GA-Tagung 1998"},"content":{"rendered":"<p><strong>Effizienz und Wettbewerbsf\u00e4higkeit in der Agrarpolitik<\/strong>8. Jahrestagung der \u00d6GA<\/p>\n\n\n\n<p>Hans Karl Wytrzens (Hrsg), 1999<br>Dokumentation der 8. \u00d6GA-Jahrestagung am 24. September 1998 in St. P\u00f6lten<br>Wissenschaftsverlag Vauk Kiel KG, Kiel, ISBN 3-8175-0302-4<\/p>\n\n\n\n<p><a href=\"https:\/\/oega.boku.ac.at\/wp-content\/uploads\/2025\/02\/1998-Beitraege.zip\">Papers<\/a><\/p>\n\n\n\n<figure class=\"wp-block-table\"><table class=\"has-fixed-layout\"><tbody><tr><td><strong>AutorInnen<\/strong><\/td><td><strong>Titel des Beitrags<\/strong><\/td><\/tr><tr><td><strong>Poschacher<\/strong>, G.<\/td><td>Effizienz und Wettbewerbsf\u00e4higkeit in der Agrarpolitik<\/td><\/tr><tr><td><strong>Hofreither<\/strong>, M.<\/td><td>Effizienz- versus Interessenorientierung in der Agrarpolitik<\/td><\/tr><tr><td><strong>Dietl<\/strong>, A.; <strong>Salhofer<\/strong>, K; <strong>Siebert<\/strong>, J.; <strong>Spenger<\/strong>, T.; <strong>Stockinger<\/strong>, R.<\/td><td>Agenda 2000 &#8211; eine empirische Analyse f\u00fcr ausgew\u00e4hlte Agrarm\u00e4rkte<\/td><\/tr><tr><td><strong>Poschacher<\/strong>, R.<\/td><td>Analyse, Struktur und Entwicklungstendenzen am \u00f6sterreichischen Obst- und Gem\u00fcsemarkt sowie Konsequenzen f\u00fcr erfolgreiches Marketing<\/td><\/tr><tr><td><strong>Kniepert<\/strong>, R.<\/td><td>Zur Integration agrarstatistischer Konzeptionen: Ein proze\u00dfanalytischer Ansatz<\/td><\/tr><tr><td><strong>Forster<\/strong>, T.; <strong>Weiss<\/strong>, C.<\/td><td>Determinanten der Diversifikation im Agrarbereich<\/td><\/tr><tr><td><strong>Mayer<\/strong>, C.; <strong>Wytrzens<\/strong>, H.K.<\/td><td>Ausgew\u00e4hlte Determinanten der Bewirtschaftungsintensit\u00e4t im Dauergr\u00fcnland des Mittleren Ennstales &#8211; Modellbildung und empirische Ergebnisse<\/td><\/tr><tr><td><strong>Pevetz<\/strong>, W.<\/td><td>Die Multifunktionalit\u00e4t der \u00f6sterreichischen Land- und Forstwirtschaft<\/td><\/tr><tr><td><strong>Stiglbauer<\/strong>, A.; <strong>Weiss<\/strong>, C.<\/td><td>Hofnachfolge: Eine theoretische und empirische Analyse f\u00fcr Ober\u00f6sterreich<\/td><\/tr><tr><td><strong>R\u00f6hm<\/strong>, O.; <strong>Sinabell<\/strong>, F.<\/td><td>Ausgew\u00e4hlte Effekte von Agrar-Umweltma\u00dfnahmen in Ober\u00f6sterreich<\/td><\/tr><tr><td><strong>Penker<\/strong>, M.<\/td><td>Die rechts\u00f6kologische Wirkungsanalyse f\u00fcr eine zielgerichtete Agrar- und Umweltpolitik im Aufgabenfeld nachhaltiger Kulturlandschaft<\/td><\/tr><\/tbody><\/table><\/figure>\n<div class=\"pdfprnt-buttons pdfprnt-buttons-page pdfprnt-bottom-left\"><a href=\"https:\/\/oega.boku.ac.at\/en\/wp-json\/wp\/v2\/pages\/927?print=pdf\" class=\"pdfprnt-button pdfprnt-button-pdf\" target=\"_blank\" ><\/a><a href=\"https:\/\/oega.boku.ac.at\/en\/wp-json\/wp\/v2\/pages\/927?print=print\" class=\"pdfprnt-button pdfprnt-button-print\" target=\"_blank\" ><img decoding=\"async\" src=\"https:\/\/oega.boku.ac.at\/wp-content\/plugins\/pdf-print\/images\/print.png\" alt=\"image_print\" title=\"Print Content\" \/><span class=\"pdfprnt-button-title pdfprnt-button-print-title\">Print-Version<\/span><\/a><\/div>","protected":false},"excerpt":{"rendered":"<p>Effizienz und Wettbewerbsf\u00e4higkeit in der Agrarpolitik8. Jahrestagung der \u00d6GA Hans Karl Wytrzens (Hrsg), 1999Dokumentation der 8. \u00d6GA-Jahrestagung am 24. September 1998 in St. P\u00f6ltenWissenschaftsverlag Vauk Kiel KG, Kiel, ISBN 3-8175-0302-4 Beitr\u00e4ge AutorInnen Titel des Beitrags Poschacher, G. Effizienz und Wettbewerbsf\u00e4higkeit in der Agrarpolitik Hofreither, M. Effizienz- versus Interessenorientierung in der Agrarpolitik Dietl, A.; Salhofer, K; [&hellip;]<\/p>\n","protected":false},"author":1,"featured_media":0,"parent":0,"menu_order":0,"comment_status":"closed","ping_status":"closed","template":"","meta":{"footnotes":""},"class_list":["post-927","page","type-page","status-publish","hentry"],"_links":{"self":[{"href":"https:\/\/oega.boku.ac.at\/en\/wp-json\/wp\/v2\/pages\/927","targetHints":{"allow":["GET"]}}],"collection":[{"href":"https:\/\/oega.boku.ac.at\/en\/wp-json\/wp\/v2\/pages"}],"about":[{"href":"https:\/\/oega.boku.ac.at\/en\/wp-json\/wp\/v2\/types\/page"}],"author":[{"embeddable":true,"href":"https:\/\/oega.boku.ac.at\/en\/wp-json\/wp\/v2\/users\/1"}],"replies":[{"embeddable":true,"href":"https:\/\/oega.boku.ac.at\/en\/wp-json\/wp\/v2\/comments?post=927"}],"version-history":[{"count":2,"href":"https:\/\/oega.boku.ac.at\/en\/wp-json\/wp\/v2\/pages\/927\/revisions"}],"predecessor-version":[{"id":946,"href":"https:\/\/oega.boku.ac.at\/en\/wp-json\/wp\/v2\/pages\/927\/revisions\/946"}],"wp:attachment":[{"href":"https:\/\/oega.boku.ac.at\/en\/wp-json\/wp\/v2\/media?parent=927"}],"curies":[{"name":"wp","href":"https:\/\/api.w.org\/{rel}","templated":true}]}}