{"id":811,"date":"2025-02-04T10:14:29","date_gmt":"2025-02-04T09:14:29","guid":{"rendered":"https:\/\/oega.boku.ac.at\/?page_id=811"},"modified":"2025-02-04T10:49:46","modified_gmt":"2025-02-04T09:49:46","slug":"oega-tagung-2008","status":"publish","type":"page","link":"https:\/\/oega.boku.ac.at\/en\/tagungen\/tagungen-bis-2009\/oega-tagung-2008\/","title":{"rendered":"\u00d6GA-Tagung 2008"},"content":{"rendered":"<p>Die 18. Jahrestagung der \u00d6GA wurde am 18. und 19. September 2008 an der Universit\u00e4t f\u00fcr Bodenkultur Wien zum Generalthema &#8222;Neue Impulse in der Agrar- und Ern\u00e4hrungswirtschaft?!\u201c abgehalten.<\/p>\n\n\n\n<div class=\"wp-block-media-text has-media-on-the-right is-stacked-on-mobile\" style=\"grid-template-columns:auto 45%\"><div class=\"wp-block-media-text__content\">\n<p><a href=\"https:\/\/oega.boku.ac.at\/wp-content\/uploads\/2025\/02\/Beitraege-6.zip\">Papers<\/a>, presented at the conference<br><br><a href=\"https:\/\/oega.boku.ac.at\/wp-content\/uploads\/2025\/02\/Fotos-6.zip\">Photos <\/a>der Tagung und der Exkursion<\/p>\n<\/div><figure class=\"wp-block-media-text__media\"><img loading=\"lazy\" decoding=\"async\" width=\"289\" height=\"176\" src=\"https:\/\/oega.boku.ac.at\/wp-content\/uploads\/2025\/02\/Tagg08_0_01.jpg\" alt=\"\" class=\"wp-image-821 size-full\"\/><\/figure><\/div>\n\n\n\n<p><strong>Downloads:<\/strong><br><a href=\"https:\/\/oega.boku.ac.at\/wp-content\/uploads\/2025\/02\/Programm_OEGA2008_neu310708.pdf\">Programme<\/a>\u00a0der Tagung<br>Gesamter <a href=\"https:\/\/oega.boku.ac.at\/wp-content\/uploads\/2025\/02\/Tagungsband_2008.pdf\">Tagungsband 2008<\/a><\/p>\n\n\n\n<h2 class=\"wp-block-heading\">Auszeichnung der &#8218;Best Paper&#8216; und &#8218;Best Poster&#8216;<\/h2>\n\n\n\n<p>Im Rahmen der Tagung wurde folgenden Vortragenden die Auszeichnung f\u00fcr das &#8222;Best Paper&#8220; vergeben:<br><br><strong>Maike Bruhn<\/strong> (Inst. f\u00fcr Agrar\u00f6konomie der Christian-Albrechts Universit\u00e4t zu Kiel) f\u00fcr den Vortrag: &#8222;<a href=\"https:\/\/oega.boku.ac.at\/wp-content\/uploads\/2025\/02\/Bruhn_OEGA2008_Tagungsband.pdf\">Rolle der Ern\u00e4hrungsbranche bei der Bek\u00e4mpfung von \u00dcbergewicht und Fettleibigkeit<\/a>&#8222;<br><br><strong>Anja Matscher<\/strong> (Inst. f\u00fcr Soziologie der Leopold-Franzens Universit\u00e4t Innsbruck) f\u00fcr ihren Vortrag: &#8222;<a href=\"https:\/\/oega.boku.ac.at\/wp-content\/uploads\/2025\/02\/Matscher_etal_OEGA2008_Tagungsband.pdf\">Das Selbstbild der B\u00e4uerinnen in S\u00fcdtirol<\/a>&#8222;<br><br><strong>Matthilde Schmitt<\/strong> (Inst. f\u00fcr Soziologie der Leopold-Franzens Universit\u00e4t Innsbruck), f\u00fcr ihren Vortrag: &#8222;<a href=\"https:\/\/web.archive.org\/web\/20211018225300\/https:\/\/oega.boku.ac.at\/fileadmin\/user_upload\/Tagung\/2008\/Short_Paper_2008\/Schmitt_OEGA2008_Tagungsband.pdf\">Pluriaktivit\u00e4t im Generationenvergleich: Wird es zu einer Bedeutungsverschiebung von Frauen- und M\u00e4nnerarbeit in landwirtschaftlichenn Betriebe<\/a><a href=\"https:\/\/oega.boku.ac.at\/wp-content\/uploads\/2025\/02\/Schmitt_OEGA2008_Tagungsband.pdf\">n<\/a><a href=\"https:\/\/web.archive.org\/web\/20211018225300\/https:\/\/oega.boku.ac.at\/fileadmin\/user_upload\/Tagung\/2008\/Short_Paper_2008\/Schmitt_OEGA2008_Tagungsband.pdf\"> kommen?<\/a><strong><br><br><br>Die Auszeichnung f\u00fcr &#8222;Best Poster&#8220; ging an:<br><br>Doris Damyanovic<\/strong> and <strong>Florian Reinwald<\/strong> (Inst. f\u00fcr Landschaftsplanung, Universit\u00e4t f\u00fcr Bodenkultur Wien) f\u00fcr ihren Poster: &#8222;<a href=\"https:\/\/oega.boku.ac.at\/wp-content\/uploads\/2025\/02\/Damyanovic_Reinwald_OEGA2008_Tagungsband.pdf\">Chancengleiche Gemeindeentwicklung im l\u00e4ndlichen Raum<\/a>&#8222;<br><br><strong>Katrin Zander<\/strong> (Fachbereich \u00d6kologische Agrarwissenschaften, Universit\u00e4t Kassel) f\u00fcr ihren Poster: &#8222;<a href=\"https:\/\/oega.boku.ac.at\/wp-content\/uploads\/2025\/02\/Zander_OEGA2008_Tagungsband.pdf\">Betriebsleiterpers\u00f6nlichkeit und Entwicklungswege \u00f6kologischer Betriebe<\/a>&#8222;<\/p>\n\n\n\n<figure class=\"wp-block-gallery has-nested-images columns-default is-cropped wp-block-gallery-1 is-layout-flex wp-block-gallery-is-layout-flex\">\n<figure class=\"wp-block-image size-large\"><img loading=\"lazy\" decoding=\"async\" width=\"250\" height=\"167\" data-id=\"813\" src=\"https:\/\/oega.boku.ac.at\/wp-content\/uploads\/2025\/02\/BestP_09.jpg\" alt=\"\" class=\"wp-image-813\"\/><\/figure>\n\n\n\n<figure class=\"wp-block-image size-large\"><img loading=\"lazy\" decoding=\"async\" width=\"250\" height=\"167\" data-id=\"814\" src=\"https:\/\/oega.boku.ac.at\/wp-content\/uploads\/2025\/02\/BestP_10.jpg\" alt=\"\" class=\"wp-image-814\"\/><\/figure>\n\n\n\n<figure class=\"wp-block-image size-large\"><img loading=\"lazy\" decoding=\"async\" width=\"250\" height=\"167\" data-id=\"815\" src=\"https:\/\/oega.boku.ac.at\/wp-content\/uploads\/2025\/02\/BestP_11.jpg\" alt=\"\" class=\"wp-image-815\"\/><\/figure>\n\n\n\n<figure class=\"wp-block-image size-large\"><img loading=\"lazy\" decoding=\"async\" width=\"250\" height=\"167\" data-id=\"816\" src=\"https:\/\/oega.boku.ac.at\/wp-content\/uploads\/2025\/02\/BestP_12.jpg\" alt=\"\" class=\"wp-image-816\"\/><\/figure>\n<\/figure>\n\n\n\n<h2 class=\"wp-block-heading\">Wir bedanken uns sehr herzlich&#8230;<\/h2>\n\n\n\n<figure class=\"wp-block-image size-full\"><img loading=\"lazy\" decoding=\"async\" width=\"300\" height=\"227\" src=\"https:\/\/oega.boku.ac.at\/wp-content\/uploads\/2025\/02\/tagg08_1_01.jpg\" alt=\"\" class=\"wp-image-822\"\/><\/figure>\n\n\n\n<p>&#8230; bei den &#8222;Guten Geistern&#8220;, die f\u00fcr den perfekten Ablauf der Tagung gesorgt haben: Fr. Iris Richter, Fr. Tanja&nbsp;Pregert, Fr. Michaela Gr\u00f6tzer und Fr.&nbsp;Eva Krickler.<\/p>\n\n\n\n<p>&#8230; bei unseren Sponsoren: das Lebensministerium, die \u00d6sterreichische Nationalbank und die Firma <a href=\"http:\/\/www.stroeck.at\/\" target=\"_blank\" rel=\"noreferrer noopener\">Str\u00f6ck<\/a>.<\/p>\n\n\n\n<figure class=\"wp-block-image size-full\"><img loading=\"lazy\" decoding=\"async\" width=\"152\" height=\"105\" src=\"https:\/\/oega.boku.ac.at\/wp-content\/uploads\/2025\/02\/bmlfuw_01-1.jpg\" alt=\"\" class=\"wp-image-817\" srcset=\"https:\/\/oega.boku.ac.at\/wp-content\/uploads\/2025\/02\/bmlfuw_01-1.jpg 152w, https:\/\/oega.boku.ac.at\/wp-content\/uploads\/2025\/02\/bmlfuw_01-1-150x105.jpg 150w\" sizes=\"auto, (max-width: 152px) 100vw, 152px\" \/><\/figure>\n\n\n\n<figure class=\"wp-block-image size-full\"><img loading=\"lazy\" decoding=\"async\" width=\"161\" height=\"56\" src=\"https:\/\/oega.boku.ac.at\/wp-content\/uploads\/2025\/02\/oenb_01.jpg\" alt=\"\" class=\"wp-image-819\"\/><\/figure>\n\n\n\n<figure class=\"wp-block-image size-full\"><img loading=\"lazy\" decoding=\"async\" width=\"143\" height=\"105\" src=\"https:\/\/oega.boku.ac.at\/wp-content\/uploads\/2025\/02\/Stroeck6_01-1.jpg\" alt=\"\" class=\"wp-image-820\"\/><\/figure>\n\n\n\n<p><\/p>\n<div class=\"pdfprnt-buttons pdfprnt-buttons-page pdfprnt-bottom-left\"><a href=\"https:\/\/oega.boku.ac.at\/en\/wp-json\/wp\/v2\/pages\/811?print=pdf\" class=\"pdfprnt-button pdfprnt-button-pdf\" target=\"_blank\" ><\/a><a href=\"https:\/\/oega.boku.ac.at\/en\/wp-json\/wp\/v2\/pages\/811?print=print\" class=\"pdfprnt-button pdfprnt-button-print\" target=\"_blank\" ><img decoding=\"async\" src=\"https:\/\/oega.boku.ac.at\/wp-content\/plugins\/pdf-print\/images\/print.png\" alt=\"image_print\" title=\"Print Content\" \/><span class=\"pdfprnt-button-title pdfprnt-button-print-title\">Print-Version<\/span><\/a><\/div>","protected":false},"excerpt":{"rendered":"<p>Die 18. Jahrestagung der \u00d6GA wurde am 18. und 19. September 2008 an der Universit\u00e4t f\u00fcr Bodenkultur Wien zum Generalthema &#8222;Neue Impulse in der Agrar- und Ern\u00e4hrungswirtschaft?!\u201c abgehalten. Beitr\u00e4ge, die bei der Tagung pr\u00e4sentiert wurden Fotos der Tagung und der Exkursion Downloads:Programm\u00a0der TagungGesamter Tagungsband 2008 Auszeichnung der &#8218;Best Paper&#8216; und &#8218;Best Poster&#8216; Im Rahmen der [&hellip;]<\/p>\n","protected":false},"author":1,"featured_media":0,"parent":796,"menu_order":0,"comment_status":"closed","ping_status":"closed","template":"","meta":{"footnotes":""},"class_list":["post-811","page","type-page","status-publish","hentry"],"_links":{"self":[{"href":"https:\/\/oega.boku.ac.at\/en\/wp-json\/wp\/v2\/pages\/811","targetHints":{"allow":["GET"]}}],"collection":[{"href":"https:\/\/oega.boku.ac.at\/en\/wp-json\/wp\/v2\/pages"}],"about":[{"href":"https:\/\/oega.boku.ac.at\/en\/wp-json\/wp\/v2\/types\/page"}],"author":[{"embeddable":true,"href":"https:\/\/oega.boku.ac.at\/en\/wp-json\/wp\/v2\/users\/1"}],"replies":[{"embeddable":true,"href":"https:\/\/oega.boku.ac.at\/en\/wp-json\/wp\/v2\/comments?post=811"}],"version-history":[{"count":1,"href":"https:\/\/oega.boku.ac.at\/en\/wp-json\/wp\/v2\/pages\/811\/revisions"}],"predecessor-version":[{"id":833,"href":"https:\/\/oega.boku.ac.at\/en\/wp-json\/wp\/v2\/pages\/811\/revisions\/833"}],"up":[{"embeddable":true,"href":"https:\/\/oega.boku.ac.at\/en\/wp-json\/wp\/v2\/pages\/796"}],"wp:attachment":[{"href":"https:\/\/oega.boku.ac.at\/en\/wp-json\/wp\/v2\/media?parent=811"}],"curies":[{"name":"wp","href":"https:\/\/api.w.org\/{rel}","templated":true}]}}