{"id":798,"date":"2025-02-04T09:58:01","date_gmt":"2025-02-04T08:58:01","guid":{"rendered":"https:\/\/oega.boku.ac.at\/?page_id=798"},"modified":"2025-02-04T10:49:53","modified_gmt":"2025-02-04T09:49:53","slug":"oega-tagung-2009","status":"publish","type":"page","link":"https:\/\/oega.boku.ac.at\/en\/tagungen\/tagungen-bis-2009\/oega-tagung-2009\/","title":{"rendered":"\u00d6GA-Tagung 2009"},"content":{"rendered":"<p>Die 19. \u00d6GA Jahrestagung wurde am 24. und 25. September 2009 an der Universit\u00e4t Innsbruck (Fakult\u00e4t f\u00fcr Politikwissenschaft und Soziologie, Institut f\u00fcr Soziologie, <a href=\"http:\/\/www.uibk.ac.at\/berglandwirtschaft\/\" target=\"_blank\" rel=\"noreferrer noopener\">Forschungsschwerpunkt Berglandwirtschaft<\/a>) abgehalten. Sie war dem\u00a0 Generalthema: &#8222;<strong>Rollen der Landwirtschaft in benachteiligten Regionen<\/strong>&#8220; gewidmet.<\/p>\n\n\n\n<div class=\"wp-block-media-text has-media-on-the-right is-stacked-on-mobile\" style=\"grid-template-columns:auto 47%\"><div class=\"wp-block-media-text__content\">\n<p><a href=\"https:\/\/oega.boku.ac.at\/wp-content\/uploads\/2025\/02\/Beitraege-5.zip\">Papers<\/a>, presented at the conference<br><br><a href=\"https:\/\/oega.boku.ac.at\/wp-content\/uploads\/2025\/02\/Fotos-5.zip\">Photos<\/a> der Tagung und der Exkursion<\/p>\n<\/div><figure class=\"wp-block-media-text__media\"><img loading=\"lazy\" decoding=\"async\" width=\"250\" height=\"160\" src=\"https:\/\/oega.boku.ac.at\/wp-content\/uploads\/2025\/02\/OeGA2009_06.jpg\" alt=\"\" class=\"wp-image-800 size-full\"\/><\/figure><\/div>\n\n\n\n<p><strong>Downloads<\/strong>:<br><a href=\"https:\/\/oega.boku.ac.at\/wp-content\/uploads\/2025\/02\/Programm_OEGA2009.pdf\">Programme <\/a>der Tagung<br><a href=\"https:\/\/oega.boku.ac.at\/wp-content\/uploads\/2025\/02\/TAGUNGSBAND-OEGA2009.pdf\">Conference Proceedings<\/a><\/p>\n\n\n\n<h2 class=\"wp-block-heading\">Best Paper Award<\/h2>\n\n\n\n<figure class=\"wp-block-image size-full\"><img loading=\"lazy\" decoding=\"async\" width=\"250\" height=\"160\" src=\"https:\/\/oega.boku.ac.at\/wp-content\/uploads\/2025\/02\/OeGA2009_19.jpg\" alt=\"\" class=\"wp-image-802\"\/><\/figure>\n\n\n\n<figure class=\"wp-block-image size-full\"><img loading=\"lazy\" decoding=\"async\" width=\"250\" height=\"160\" src=\"https:\/\/oega.boku.ac.at\/wp-content\/uploads\/2025\/02\/OeGA2009_20.jpg\" alt=\"\" class=\"wp-image-803\"\/><\/figure>\n\n\n\n<p>Im Rahmen der Tagung wurde folgenden Vortragenden die Auszeichnung f\u00fcr das &#8222;Best Paper&#8220; vergeben:<br><br><strong>Pamela M\u00fchlmann<\/strong> (Universit\u00e4t f\u00fcr Bodenkultur, Wien), f\u00fcr ihren Vortrag: <a href=\"https:\/\/oega.boku.ac.at\/wp-content\/uploads\/2025\/02\/15-Muehlmann_et_al_TB_OEGA2009.pdf\">&#8222;Gemeinsam land bewirtschaften &#8211; Ein Beitrag zur nachhaltigen Gemeindeentwicklung?&#8220;<\/a><br><br><strong>Markus Lips<\/strong> (Forschungsanstalt Agroscope Reckenholz-T\u00e4nikon), f\u00fcr seinen Vortrag: <a href=\"https:\/\/oega.boku.ac.at\/wp-content\/uploads\/2025\/02\/44-Jan_TB_OEGA2009.pdf\">&#8222;Total Factor Productivity change of Swiss dairy farms located in the mountainous area under particular consideration of the direct payments&#8220;<\/a><br><br><strong>Gianluca Giuliani<\/strong> (Flury &amp; Giuliani GmbH), f\u00fcr seinen Vortrag: <a href=\"https:\/\/oega.boku.ac.at\/wp-content\/uploads\/2025\/02\/28-Giuliani-Flury_TB_OEGA2009.pdf\">&#8222;Regionalwirtschaftlicher Beitrag der Landwirtschaft in benachteiligten Regionen&#8220;<\/a><\/p>\n\n\n\n<h2 class=\"wp-block-heading\">Wir danken dem Local Organising Commitee!<\/h2>\n\n\n\n<p>Herzlichen Dank an Markus Schermer, Anja Matscher und Christoph Kirchengast f\u00fcr die wundervolle vor-Ort Organisation!<\/p>\n\n\n\n<figure class=\"wp-block-image size-full\"><img loading=\"lazy\" decoding=\"async\" width=\"500\" height=\"160\" src=\"https:\/\/oega.boku.ac.at\/wp-content\/uploads\/2025\/02\/OeGA2009_18.jpg\" alt=\"\" class=\"wp-image-801\" srcset=\"https:\/\/oega.boku.ac.at\/wp-content\/uploads\/2025\/02\/OeGA2009_18.jpg 500w, https:\/\/oega.boku.ac.at\/wp-content\/uploads\/2025\/02\/OeGA2009_18-300x96.jpg 300w\" sizes=\"auto, (max-width: 500px) 100vw, 500px\" \/><\/figure>\n\n\n\n<p><\/p>\n<div class=\"pdfprnt-buttons pdfprnt-buttons-page pdfprnt-bottom-left\"><a href=\"https:\/\/oega.boku.ac.at\/en\/wp-json\/wp\/v2\/pages\/798?print=pdf\" class=\"pdfprnt-button pdfprnt-button-pdf\" target=\"_blank\" ><\/a><a href=\"https:\/\/oega.boku.ac.at\/en\/wp-json\/wp\/v2\/pages\/798?print=print\" class=\"pdfprnt-button pdfprnt-button-print\" target=\"_blank\" ><img decoding=\"async\" src=\"https:\/\/oega.boku.ac.at\/wp-content\/plugins\/pdf-print\/images\/print.png\" alt=\"image_print\" title=\"Print Content\" \/><span class=\"pdfprnt-button-title pdfprnt-button-print-title\">Print-Version<\/span><\/a><\/div>","protected":false},"excerpt":{"rendered":"<p>Die 19. \u00d6GA Jahrestagung wurde am 24. und 25. September 2009 an der Universit\u00e4t Innsbruck (Fakult\u00e4t f\u00fcr Politikwissenschaft und Soziologie, Institut f\u00fcr Soziologie, Forschungsschwerpunkt Berglandwirtschaft) abgehalten. Sie war dem\u00a0 Generalthema: &#8222;Rollen der Landwirtschaft in benachteiligten Regionen&#8220; gewidmet. Beitr\u00e4ge, die bei der Tagung pr\u00e4sentiert wurden Fotos der Tagung und der Exkursion Downloads:Programm der TagungTagungsband Best Paper [&hellip;]<\/p>\n","protected":false},"author":1,"featured_media":0,"parent":796,"menu_order":0,"comment_status":"closed","ping_status":"closed","template":"","meta":{"footnotes":""},"class_list":["post-798","page","type-page","status-publish","hentry"],"_links":{"self":[{"href":"https:\/\/oega.boku.ac.at\/en\/wp-json\/wp\/v2\/pages\/798","targetHints":{"allow":["GET"]}}],"collection":[{"href":"https:\/\/oega.boku.ac.at\/en\/wp-json\/wp\/v2\/pages"}],"about":[{"href":"https:\/\/oega.boku.ac.at\/en\/wp-json\/wp\/v2\/types\/page"}],"author":[{"embeddable":true,"href":"https:\/\/oega.boku.ac.at\/en\/wp-json\/wp\/v2\/users\/1"}],"replies":[{"embeddable":true,"href":"https:\/\/oega.boku.ac.at\/en\/wp-json\/wp\/v2\/comments?post=798"}],"version-history":[{"count":1,"href":"https:\/\/oega.boku.ac.at\/en\/wp-json\/wp\/v2\/pages\/798\/revisions"}],"predecessor-version":[{"id":810,"href":"https:\/\/oega.boku.ac.at\/en\/wp-json\/wp\/v2\/pages\/798\/revisions\/810"}],"up":[{"embeddable":true,"href":"https:\/\/oega.boku.ac.at\/en\/wp-json\/wp\/v2\/pages\/796"}],"wp:attachment":[{"href":"https:\/\/oega.boku.ac.at\/en\/wp-json\/wp\/v2\/media?parent=798"}],"curies":[{"name":"wp","href":"https:\/\/api.w.org\/{rel}","templated":true}]}}