{"id":781,"date":"2025-02-03T11:04:13","date_gmt":"2025-02-03T10:04:13","guid":{"rendered":"https:\/\/oega.boku.ac.at\/?page_id=781"},"modified":"2025-02-03T11:04:32","modified_gmt":"2025-02-03T10:04:32","slug":"oega-tagung-2010","status":"publish","type":"page","link":"https:\/\/oega.boku.ac.at\/en\/tagungen\/oega-tagung-2010\/","title":{"rendered":"\u00d6GA-Tagung 2010"},"content":{"rendered":"<p>Die 20. Jahrestagung der \u00d6GA wurde am 23. und 24. September 2010 an der Universit\u00e4t f\u00fcr Bodenkultur Wien zum Generalthema &#8222;<strong>Land- und Ern\u00e4hrungswirtschaft 2020<\/strong>&#8220; abgehalten.<\/p>\n\n\n\n<div class=\"wp-block-media-text has-media-on-the-right is-stacked-on-mobile\" style=\"grid-template-columns:auto 34%\"><div class=\"wp-block-media-text__content\">\n<p><a href=\"https:\/\/oega.boku.ac.at\/wp-content\/uploads\/2025\/02\/Beitraege-4.zip\">Papers<\/a>, presented at the conference<br><a href=\"https:\/\/oega.boku.ac.at\/wp-content\/uploads\/2025\/02\/Fotos-4.zip\">Photos<\/a>\u00a0der Tagung und der Exkursion<\/p>\n\n\n\n<p><a href=\"https:\/\/oega.boku.ac.at\/wp-content\/uploads\/2025\/02\/OEGA-TAGUNGSBAND_2010.pdf\">Conference Proceedings<\/a><br><a href=\"https:\/\/oega.boku.ac.at\/wp-content\/uploads\/2025\/02\/Programm_OEGA2010.pdf\">Programme<\/a><\/p>\n<\/div><figure class=\"wp-block-media-text__media\"><img loading=\"lazy\" decoding=\"async\" width=\"250\" height=\"250\" src=\"https:\/\/oega.boku.ac.at\/wp-content\/uploads\/2025\/02\/Guttenberghaus.jpg\" alt=\"\" class=\"wp-image-785 size-full\" srcset=\"https:\/\/oega.boku.ac.at\/wp-content\/uploads\/2025\/02\/Guttenberghaus.jpg 250w, https:\/\/oega.boku.ac.at\/wp-content\/uploads\/2025\/02\/Guttenberghaus-150x150.jpg 150w\" sizes=\"auto, (max-width: 250px) 100vw, 250px\" \/><\/figure><\/div>\n\n\n\n<h2 class=\"wp-block-heading\">Best Presentation Award<\/h2>\n\n\n\n<p>The following speakers were awarded the \u201cBest Presentation\u201d award at the conference:<br><br>DI <strong>Karol Granoszewski<\/strong> (Georg-August-Universit\u00e4t G\u00f6ttingen), f\u00fcr seinen Vortrag: <a href=\"https:\/\/oega.boku.ac.at\/wp-content\/uploads\/2025\/02\/29_Granoszewski_etal-OEGA_TB_2010.pdf\">Konfliktpotenziale der Biogaserzeugung in der Landwirtschaft \u2013 eine Situationsanalyse<\/a><\/p>\n\n\n<div class=\"wp-block-image\">\n<figure class=\"aligncenter size-full\"><img loading=\"lazy\" decoding=\"async\" width=\"100\" height=\"75\" src=\"https:\/\/oega.boku.ac.at\/wp-content\/uploads\/2025\/02\/P1060184_08.jpg\" alt=\"\" class=\"wp-image-789\"\/><\/figure>\n<\/div>\n\n\n<p><br>Mag. DI <strong>Eva Burger<\/strong>\u00a0(SERI Nachhaltigkeitsforschungs- und Kommunikations GmbH), f\u00fcr ihren Vortrag: <a href=\"https:\/\/oega.boku.ac.at\/wp-content\/uploads\/2025\/02\/10_Burger_Poechtrager_Meixner-OEGA_TB_2010.pdf\">Kriterien f\u00fcr mehr Transparenz in Carbon-Footprint-Analysen im Lebensmittelsektor<\/a><\/p>\n\n\n<div class=\"wp-block-image\">\n<figure class=\"aligncenter size-full\"><img loading=\"lazy\" decoding=\"async\" width=\"100\" height=\"75\" src=\"https:\/\/oega.boku.ac.at\/wp-content\/uploads\/2025\/02\/P1060182_08.jpg\" alt=\"\" class=\"wp-image-788\"\/><\/figure>\n<\/div>\n\n\n<p><br>DI Dr. <strong>Barbara Enengel<\/strong> (Universit\u00e4t f\u00fcr Bodenkultur Wien), f\u00fcr ihren Vortrag: <a href=\"https:\/\/oega.boku.ac.at\/wp-content\/uploads\/2025\/02\/44_Enengel_Penker-OEGA_TB_2010.pdf\">Natura 2000-Steuerungsgruppen \u2013 Erhebung der Zufriedenheit aus Sicht der Involvierten und Ableitung von Handlungsempfehlungen<\/a><\/p>\n\n\n<div class=\"wp-block-image\">\n<figure class=\"aligncenter size-full\"><img loading=\"lazy\" decoding=\"async\" width=\"100\" height=\"75\" src=\"https:\/\/oega.boku.ac.at\/wp-content\/uploads\/2025\/02\/P1060180_08.jpg\" alt=\"\" class=\"wp-image-787\"\/><\/figure>\n<\/div>\n\n\n<h2 class=\"wp-block-heading\">Wir bedanken uns herzlich &#8230;<\/h2>\n\n\n\n<p>&#8230; f\u00fcr die vor-Ort Organisation bei Michaela Gr\u00f6tzer, Iris Richter, Eva Krickler, Christina Roder und Victoria Fleck.<\/p>\n\n\n\n<p>&#8230; bei unseren Sponsoren: das Lebensministerium, die \u00d6sterreichische Nationalbank, <a href=\"http:\/\/www.noem.at\/\" target=\"_blank\" rel=\"noreferrer noopener\">N\u00f6m<\/a>, <a href=\"http:\/\/www.mars.com\/austria\/de\/index.aspx\" target=\"_blank\" rel=\"noreferrer noopener\">Mars Austria<\/a> und die Firma <a href=\"http:\/\/www.stroeck.at\/\" target=\"_blank\" rel=\"noreferrer noopener\">Str\u00f6ck<\/a>.<\/p>\n\n\n\n<p><\/p>\n<div class=\"pdfprnt-buttons pdfprnt-buttons-page pdfprnt-bottom-left\"><a href=\"https:\/\/oega.boku.ac.at\/en\/wp-json\/wp\/v2\/pages\/781?print=pdf\" class=\"pdfprnt-button pdfprnt-button-pdf\" target=\"_blank\" ><\/a><a href=\"https:\/\/oega.boku.ac.at\/en\/wp-json\/wp\/v2\/pages\/781?print=print\" class=\"pdfprnt-button pdfprnt-button-print\" target=\"_blank\" ><img decoding=\"async\" src=\"https:\/\/oega.boku.ac.at\/wp-content\/plugins\/pdf-print\/images\/print.png\" alt=\"image_print\" title=\"Print Content\" \/><span class=\"pdfprnt-button-title pdfprnt-button-print-title\">Print-Version<\/span><\/a><\/div>","protected":false},"excerpt":{"rendered":"<p>Die 20. Jahrestagung der \u00d6GA wurde am 23. und 24. September 2010 an der Universit\u00e4t f\u00fcr Bodenkultur Wien zum Generalthema &#8222;Land- und Ern\u00e4hrungswirtschaft 2020&#8220; abgehalten. Beitr\u00e4ge, die bei der Tagung pr\u00e4sentiert wurdenFotos\u00a0der Tagung und der Exkursion TagungsbandProgramm Best Presentation Award Im Rahmen der Tagung wurde folgenden Vortragenden die Auszeichnung f\u00fcr die &#8222;Best Presentation&#8220; vergeben: DI [&hellip;]<\/p>\n","protected":false},"author":1,"featured_media":0,"parent":35,"menu_order":0,"comment_status":"closed","ping_status":"closed","template":"","meta":{"footnotes":""},"class_list":["post-781","page","type-page","status-publish","hentry"],"_links":{"self":[{"href":"https:\/\/oega.boku.ac.at\/en\/wp-json\/wp\/v2\/pages\/781","targetHints":{"allow":["GET"]}}],"collection":[{"href":"https:\/\/oega.boku.ac.at\/en\/wp-json\/wp\/v2\/pages"}],"about":[{"href":"https:\/\/oega.boku.ac.at\/en\/wp-json\/wp\/v2\/types\/page"}],"author":[{"embeddable":true,"href":"https:\/\/oega.boku.ac.at\/en\/wp-json\/wp\/v2\/users\/1"}],"replies":[{"embeddable":true,"href":"https:\/\/oega.boku.ac.at\/en\/wp-json\/wp\/v2\/comments?post=781"}],"version-history":[{"count":1,"href":"https:\/\/oega.boku.ac.at\/en\/wp-json\/wp\/v2\/pages\/781\/revisions"}],"predecessor-version":[{"id":794,"href":"https:\/\/oega.boku.ac.at\/en\/wp-json\/wp\/v2\/pages\/781\/revisions\/794"}],"up":[{"embeddable":true,"href":"https:\/\/oega.boku.ac.at\/en\/wp-json\/wp\/v2\/pages\/35"}],"wp:attachment":[{"href":"https:\/\/oega.boku.ac.at\/en\/wp-json\/wp\/v2\/media?parent=781"}],"curies":[{"name":"wp","href":"https:\/\/api.w.org\/{rel}","templated":true}]}}