{"id":771,"date":"2025-02-03T10:55:13","date_gmt":"2025-02-03T09:55:13","guid":{"rendered":"https:\/\/oega.boku.ac.at\/?page_id=771"},"modified":"2025-02-03T11:04:39","modified_gmt":"2025-02-03T10:04:39","slug":"oega-tagung-2011","status":"publish","type":"page","link":"https:\/\/oega.boku.ac.at\/en\/tagungen\/oega-tagung-2011\/","title":{"rendered":"\u00d6GA-Tagung 2011"},"content":{"rendered":"<p>Die 21. Jahrestagung der \u00d6GA fand am <strong>4. bis 6. Oktober&nbsp;2011<\/strong> an der Europ\u00e4ischen Akademie Bozen (EURAC) zum Thema <strong>Diversifizierung versus Spezialisierung <\/strong><strong>in der Agrar- und Ern\u00e4hrungswirtschaft&nbsp;<\/strong> .<\/p>\n\n\n<div class=\"wp-block-image\">\n<figure class=\"aligncenter size-full\"><img loading=\"lazy\" decoding=\"async\" width=\"320\" height=\"240\" src=\"https:\/\/oega.boku.ac.at\/wp-content\/uploads\/2025\/02\/EURAC_Home.jpg\" alt=\"\" class=\"wp-image-776\" srcset=\"https:\/\/oega.boku.ac.at\/wp-content\/uploads\/2025\/02\/EURAC_Home.jpg 320w, https:\/\/oega.boku.ac.at\/wp-content\/uploads\/2025\/02\/EURAC_Home-300x225.jpg 300w\" sizes=\"auto, (max-width: 320px) 100vw, 320px\" \/><\/figure>\n<\/div>\n\n\n<p><a href=\"https:\/\/oega.boku.ac.at\/wp-content\/uploads\/2025\/02\/Beitraege-3.zip\">Papers<\/a>, presented at the conference<\/p>\n\n\n\n<p><a href=\"https:\/\/oega.boku.ac.at\/wp-content\/uploads\/2025\/02\/Fotos-3.zip\">Photos<\/a>\u00a0der Tagung und der Exkursion<\/p>\n\n\n\n<p><a href=\"https:\/\/oega.boku.ac.at\/wp-content\/uploads\/2025\/02\/TAGUNGSBAND_2011.pdf\">Conference Proceedings<\/a><br><a href=\"https:\/\/oega.boku.ac.at\/wp-content\/uploads\/2025\/02\/Programm_OEGA2011.pdfhttps:\/\/oega.boku.ac.at\/wp-content\/uploads\/2025\/02\/Programm_OEGA2011.pdf\">Programme<\/a><\/p>\n\n\n\n<h2 class=\"wp-block-heading\">Best Presentation Award<\/h2>\n\n\n\n<p>Im Rahmen der Tagung wurde an folgende Vortragende die Auszeichnung f\u00fcr die &#8222;Best Presentation&#8220; vergeben:<br><br>DI <strong>Stefan H\u00f6ltinger <\/strong>(BOKU University, Vienna), for his presentation: <a href=\"https:\/\/oega.boku.ac.at\/wp-content\/uploads\/2025\/02\/49-37_Hoeltinger_et_al_OEGA_TB_2011.pdf\">The Green Biorefinery Concept: Optimal plant locations and sizes in Upper Austria<\/a><\/p>\n\n\n\n<p><strong>Theresa F\u00fcrtbauer<\/strong>, Bakk.techn.\u00a0und\u00a0<strong>Georg Spreitzer<\/strong>, Bakk.techn.\u00a0(Universit\u00e4t f\u00fcr Bodenkultur Wien) f\u00fcr ihren Vortrag: <a href=\"https:\/\/oega.boku.ac.at\/wp-content\/uploads\/2025\/02\/44-55_Fuertbauer_et_al_OEGA_TB_2011.pdfhttps:\/\/oega.boku.ac.at\/wp-content\/uploads\/2025\/02\/44-55_Fuertbauer_et_al_OEGA_TB_2011.pdf\">Erwartungen unterschiedlicher Akteursgruppen an geographische Herkunftsbezeichnungen und ihren Beitrag zur Regionalentwicklung<\/a><\/p>\n\n\n\n<p><strong>Monika Zehetmeier<\/strong>, M.Sc. (Technische Universit\u00e4t M\u00fcnchen) f\u00fcr ihren Vortrag: <a href=\"https:\/\/oega.boku.ac.at\/wp-content\/uploads\/2025\/02\/04-68_Zehetmeier_et_al.pdf\">Diskussion der Leistungssteigerung in der Milchviehhaltung als m\u00f6gliche Strategie zur Reduktion von Treibhausgasemissionen<\/a><\/p>\n<div class=\"pdfprnt-buttons pdfprnt-buttons-page pdfprnt-bottom-left\"><a href=\"https:\/\/oega.boku.ac.at\/en\/wp-json\/wp\/v2\/pages\/771?print=pdf\" class=\"pdfprnt-button pdfprnt-button-pdf\" target=\"_blank\" ><\/a><a href=\"https:\/\/oega.boku.ac.at\/en\/wp-json\/wp\/v2\/pages\/771?print=print\" class=\"pdfprnt-button pdfprnt-button-print\" target=\"_blank\" ><img decoding=\"async\" src=\"https:\/\/oega.boku.ac.at\/wp-content\/plugins\/pdf-print\/images\/print.png\" alt=\"image_print\" title=\"Print Content\" \/><span class=\"pdfprnt-button-title pdfprnt-button-print-title\">Print-Version<\/span><\/a><\/div>","protected":false},"excerpt":{"rendered":"<p>Die 21. Jahrestagung der \u00d6GA fand am 4. bis 6. Oktober&nbsp;2011 an der Europ\u00e4ischen Akademie Bozen (EURAC) zum Thema Diversifizierung versus Spezialisierung in der Agrar- und Ern\u00e4hrungswirtschaft&nbsp; statt. Beitr\u00e4ge, die bei der Tagung pr\u00e4sentiert wurden Fotos\u00a0der Tagung und der Exkursion TagungsbandProgramm Best Presentation Award Im Rahmen der Tagung wurde an folgende Vortragende die Auszeichnung f\u00fcr [&hellip;]<\/p>\n","protected":false},"author":1,"featured_media":0,"parent":35,"menu_order":0,"comment_status":"closed","ping_status":"closed","template":"","meta":{"footnotes":""},"class_list":["post-771","page","type-page","status-publish","hentry"],"_links":{"self":[{"href":"https:\/\/oega.boku.ac.at\/en\/wp-json\/wp\/v2\/pages\/771","targetHints":{"allow":["GET"]}}],"collection":[{"href":"https:\/\/oega.boku.ac.at\/en\/wp-json\/wp\/v2\/pages"}],"about":[{"href":"https:\/\/oega.boku.ac.at\/en\/wp-json\/wp\/v2\/types\/page"}],"author":[{"embeddable":true,"href":"https:\/\/oega.boku.ac.at\/en\/wp-json\/wp\/v2\/users\/1"}],"replies":[{"embeddable":true,"href":"https:\/\/oega.boku.ac.at\/en\/wp-json\/wp\/v2\/comments?post=771"}],"version-history":[{"count":1,"href":"https:\/\/oega.boku.ac.at\/en\/wp-json\/wp\/v2\/pages\/771\/revisions"}],"predecessor-version":[{"id":780,"href":"https:\/\/oega.boku.ac.at\/en\/wp-json\/wp\/v2\/pages\/771\/revisions\/780"}],"up":[{"embeddable":true,"href":"https:\/\/oega.boku.ac.at\/en\/wp-json\/wp\/v2\/pages\/35"}],"wp:attachment":[{"href":"https:\/\/oega.boku.ac.at\/en\/wp-json\/wp\/v2\/media?parent=771"}],"curies":[{"name":"wp","href":"https:\/\/api.w.org\/{rel}","templated":true}]}}