{"id":727,"date":"2025-02-03T10:27:46","date_gmt":"2025-02-03T09:27:46","guid":{"rendered":"https:\/\/oega.boku.ac.at\/?page_id=727"},"modified":"2025-02-03T11:04:57","modified_gmt":"2025-02-03T10:04:57","slug":"oega-tagung-2013","status":"publish","type":"page","link":"https:\/\/oega.boku.ac.at\/en\/tagungen\/oega-tagung-2013\/","title":{"rendered":"\u00d6GA-Tagung 2013"},"content":{"rendered":"<p>Die 23. \u00d6GA-Jahrestagung fand gemeinsam mit der <a href=\"http:\/\/www.sga-sse.ch\/agrarwirtschaft\/SGA-Jahrestagung\/2013-Zuerich.html\" target=\"_blank\" rel=\"noreferrer noopener\">41. SGA-Jahrestagung<\/a> von <strong>12.-14. September 2013<\/strong> an der ETH Z\u00fcrich zum Thema <strong>&#8222;Grenzen der Qualit\u00e4tsstrategie im Agrarsektor&#8220;<\/strong> .<br><\/p>\n\n\n\n<figure class=\"wp-block-gallery has-nested-images columns-default is-cropped wp-block-gallery-1 is-layout-flex wp-block-gallery-is-layout-flex\">\n<figure class=\"wp-block-image size-full\"><img loading=\"lazy\" decoding=\"async\" width=\"145\" height=\"77\" data-id=\"732\" src=\"https:\/\/oega.boku.ac.at\/wp-content\/uploads\/2025\/02\/Logo-sga.gif\" alt=\"\" class=\"wp-image-732\"\/><\/figure>\n\n\n\n<figure class=\"wp-block-image size-full\"><img loading=\"lazy\" decoding=\"async\" width=\"160\" height=\"79\" data-id=\"733\" src=\"https:\/\/oega.boku.ac.at\/wp-content\/uploads\/2025\/02\/OEGALogo_klein.jpg\" alt=\"\" class=\"wp-image-733\"\/><\/figure>\n<\/figure>\n\n\n\n<p><br><a href=\"https:\/\/oega.boku.ac.at\/wp-content\/uploads\/2025\/02\/Beitraege-1.zip\">Papers<\/a>, presented at the conference<br><a href=\"https:\/\/oega.boku.ac.at\/wp-content\/uploads\/2025\/02\/Fotos-1.ziphttps:\/\/oega.boku.ac.at\/wp-content\/uploads\/2025\/02\/Fotos-1.zip\">Photos<\/a>, der Tagung und der Exkursion<br><br><a href=\"https:\/\/oega.boku.ac.at\/wp-content\/uploads\/2025\/02\/SGA-OEGA-TAGUNGSBAND_2013.pdf\">Conference Proceedings<\/a><br><a href=\"http:\/\/www.sga-sse.ch\/agrarwirtschaft\/SGA-Jahrestagung\/2013-Zuerich\/presentations.html\" target=\"_blank\" rel=\"noreferrer noopener\">presentations<\/a><br><a href=\"https:\/\/oega.boku.ac.at\/wp-content\/uploads\/2025\/02\/Programm_SGA_OEGA2013.pdf\">Programme<\/a><\/p>\n\n\n\n<h2 class=\"wp-block-heading\">Best Presenation Award 2013<\/h2>\n\n\n\n<p>The following speakers were awarded the \u201cBest Presentation\u201d award at the conference:<br><br><br><strong>Valentina Rohrer-Vanzo <\/strong>(Kompetenzzentrum Holz GmbH)<em>:<\/em><br><a href=\"https:\/\/oega.boku.ac.at\/wp-content\/uploads\/2025\/02\/37-39_Rohrer-Vanzo_SGA-OEGA_2013.pdf\">Gender-Marketing und Frauen in der Land und -Forstwirtschaft<\/a><\/p>\n\n\n<div class=\"wp-block-image\">\n<figure class=\"aligncenter size-full\"><img loading=\"lazy\" decoding=\"async\" width=\"146\" height=\"176\" src=\"https:\/\/oega.boku.ac.at\/wp-content\/uploads\/2025\/02\/Valentina-klein-edited-1.jpg\" alt=\"\" class=\"wp-image-742\"\/><\/figure>\n<\/div>\n\n\n<p><br><strong>J\u00fcrn Sanders<\/strong> (Johann Heinrich von Th\u00fcnen-Institut):<br><a href=\"https:\/\/oega.boku.ac.at\/wp-content\/uploads\/2025\/02\/50-80_Sanders_et_al_SGA-OEGA_2013.pdf\">Gr\u00fcnde f\u00fcr die R\u00fcckumstellung \u00f6kologisch wirtschaftender Betriebe auf konventionellen Landbau in Deutschland<\/a><br><\/p>\n\n\n<div class=\"wp-block-image\">\n<figure class=\"aligncenter size-full\"><img loading=\"lazy\" decoding=\"async\" width=\"146\" height=\"176\" src=\"https:\/\/oega.boku.ac.at\/wp-content\/uploads\/2025\/02\/Preis-klein_2-edited-2.jpg\" alt=\"\" class=\"wp-image-748\"\/><\/figure>\n<\/div>\n\n\n<p><br><strong>Niels Pelka <\/strong>(Georg-August-Universit\u00e4 G\u00f6ttingen):<br><a href=\"https:\/\/oega.boku.ac.at\/wp-content\/uploads\/2025\/02\/44-07_Pelka-Musshoff_SGA-OEGA_2013.pdf\">Das Potenzial von Wetterindexversicherungen zur Reduzierung des Ausfallrisikos von Mikrokrediten<\/a><\/p>\n\n\n<div class=\"wp-block-image\">\n<figure class=\"aligncenter size-full\"><img loading=\"lazy\" decoding=\"async\" width=\"146\" height=\"176\" src=\"https:\/\/oega.boku.ac.at\/wp-content\/uploads\/2025\/02\/Preis-klein_3-edited-2.jpg\" alt=\"\" class=\"wp-image-745\"\/><\/figure>\n<\/div>\n\n\n<h2 class=\"wp-block-heading\">Wir bedanken uns herzlich&#8230;<\/h2>\n\n\n\n<p>&#8230;f\u00fcr die Organisation der Tagung bei unserem <strong>Programmkomitee<\/strong><br>Leslie Berger (Schweizer Berghilfe, CH)<br>Simon Briner (ETH Z\u00fcrich, CH)<br>Christoph Grohsebner (BMLFUW, A)<br>Michaela Gr\u00f6tzer (Universit\u00e4t f\u00fcr Bodenkultur Wien, A)<br>Jochen Kantelhardt (Universit\u00e4t f\u00fcr Bodenkultur Wien, A)<br>Stefan Kirchweger (Universit\u00e4t f\u00fcr Bodenkultur Wien, A)<br>Stefan Mann (Agroscope, CH)<br>Ulrich Morawetz (Universit\u00e4t f\u00fcr Bodenkultur Wien, A)<br>Theresia Oedl-Wieser (Bundesanstalt f\u00fcr Bergbauernfragen, A)<br>Christian Schader (FiBL, CH)<br><br>&#8230;bei unseren <strong>Sponsoren<\/strong><br>Schweizerischer Bauernverband<br>Schweizerische Eidgenossenschaft<br>Lebensministerium<br>Amt f\u00fcr Landschaft und Natur &#8211; Kanton Z\u00fcrich<\/p>\n<div class=\"pdfprnt-buttons pdfprnt-buttons-page pdfprnt-bottom-left\"><a href=\"https:\/\/oega.boku.ac.at\/en\/wp-json\/wp\/v2\/pages\/727?print=pdf\" class=\"pdfprnt-button pdfprnt-button-pdf\" target=\"_blank\" ><\/a><a href=\"https:\/\/oega.boku.ac.at\/en\/wp-json\/wp\/v2\/pages\/727?print=print\" class=\"pdfprnt-button pdfprnt-button-print\" target=\"_blank\" ><img decoding=\"async\" src=\"https:\/\/oega.boku.ac.at\/wp-content\/plugins\/pdf-print\/images\/print.png\" alt=\"image_print\" title=\"Print Content\" \/><span class=\"pdfprnt-button-title pdfprnt-button-print-title\">Print-Version<\/span><\/a><\/div>","protected":false},"excerpt":{"rendered":"<p>Die 23. \u00d6GA-Jahrestagung fand gemeinsam mit der 41. SGA-Jahrestagung von 12.-14. September 2013 an der ETH Z\u00fcrich zum Thema &#8222;Grenzen der Qualit\u00e4tsstrategie im Agrarsektor&#8220; statt. Beitr\u00e4ge, die bei der Tagung pr\u00e4sentiert wurdenFotos, der Tagung und der Exkursion TagungsbandPr\u00e4sentationenProgramm Best Presenation Award 2013 Im Rahmen der Tagung wurde folgenden Vortragenden die Auszeichnung f\u00fcr die &#8222;Best Presentation&#8220; [&hellip;]<\/p>\n","protected":false},"author":1,"featured_media":0,"parent":35,"menu_order":0,"comment_status":"closed","ping_status":"closed","template":"","meta":{"footnotes":""},"class_list":["post-727","page","type-page","status-publish","hentry"],"_links":{"self":[{"href":"https:\/\/oega.boku.ac.at\/en\/wp-json\/wp\/v2\/pages\/727","targetHints":{"allow":["GET"]}}],"collection":[{"href":"https:\/\/oega.boku.ac.at\/en\/wp-json\/wp\/v2\/pages"}],"about":[{"href":"https:\/\/oega.boku.ac.at\/en\/wp-json\/wp\/v2\/types\/page"}],"author":[{"embeddable":true,"href":"https:\/\/oega.boku.ac.at\/en\/wp-json\/wp\/v2\/users\/1"}],"replies":[{"embeddable":true,"href":"https:\/\/oega.boku.ac.at\/en\/wp-json\/wp\/v2\/comments?post=727"}],"version-history":[{"count":3,"href":"https:\/\/oega.boku.ac.at\/en\/wp-json\/wp\/v2\/pages\/727\/revisions"}],"predecessor-version":[{"id":750,"href":"https:\/\/oega.boku.ac.at\/en\/wp-json\/wp\/v2\/pages\/727\/revisions\/750"}],"up":[{"embeddable":true,"href":"https:\/\/oega.boku.ac.at\/en\/wp-json\/wp\/v2\/pages\/35"}],"wp:attachment":[{"href":"https:\/\/oega.boku.ac.at\/en\/wp-json\/wp\/v2\/media?parent=727"}],"curies":[{"name":"wp","href":"https:\/\/api.w.org\/{rel}","templated":true}]}}