{"id":709,"date":"2025-02-03T10:12:46","date_gmt":"2025-02-03T09:12:46","guid":{"rendered":"https:\/\/oega.boku.ac.at\/?page_id=709"},"modified":"2025-02-03T11:05:05","modified_gmt":"2025-02-03T10:05:05","slug":"oega-tagung-2014","status":"publish","type":"page","link":"https:\/\/oega.boku.ac.at\/en\/tagungen\/oega-tagung-2014\/","title":{"rendered":"\u00d6GA-Tagung 2014"},"content":{"rendered":"<p>The <strong>24. Jahrestagung der \u00d6sterreichischen Gesellschaft f\u00fcr Agrar\u00f6konomie<\/strong> zum Thema \u201eLebensmittelversorgung, Lebensmittelsicherheit und Ern\u00e4hrungssouver\u00e4nit\u00e4t&#8220; fand am <strong>25. und 26 September 2014<\/strong> an der Universit\u00e4t f\u00fcr Bodenkultur in Wien statt.<\/p>\n\n\n\n<p><a href=\"https:\/\/oega.boku.ac.at\/wp-content\/uploads\/2025\/02\/Beitraege.zip\">Papers<\/a>, presented at the conference<\/p>\n\n\n\n<p><a href=\"https:\/\/oega.boku.ac.at\/wp-content\/uploads\/2025\/02\/Fotos.zip\">Photos<\/a>, der Tagung und der Exkursion<br><br><a href=\"https:\/\/oega.boku.ac.at\/en\/oega-preis\/oega-preis-2014\/\" data-type=\"page\" data-id=\"635\">\u00d6GA-Preis 2014<\/a><br><br><a href=\"https:\/\/oega.boku.ac.at\/wp-content\/uploads\/2025\/02\/OEGA-TAGUNGSBAND_2014.pdf\">Conference Proceedings<\/a><br><a href=\"https:\/\/oega.boku.ac.at\/wp-content\/uploads\/2025\/02\/2014_Programm-OEGA_Tagung_2014.pdf\">Programme<br><\/a><\/p>\n\n\n\n<p><strong>Keynote Pr\u00e4sentationen:<\/strong><\/p>\n\n\n\n<p><a href=\"https:\/\/oega.boku.ac.at\/wp-content\/uploads\/2025\/02\/Banse_oega2014.pdf\">Martin Banse<\/a><\/p>\n\n\n\n<p><a href=\"https:\/\/oega.boku.ac.at\/wp-content\/uploads\/2025\/02\/Cahill_oega2014.pdf\">Carmel Cahill<\/a><\/p>\n\n\n\n<p><a href=\"https:\/\/oega.boku.ac.at\/wp-content\/uploads\/2025\/02\/Ermann_oega2014.pdf\">Ulrich Ermann<\/a><br><\/p>\n\n\n\n<h2 class=\"wp-block-heading\">Best Presentation Award<\/h2>\n\n\n\n<p>The following speakers were awarded the \u201cBest Presentation\u201d award at the conference:<br><br><strong>DI<sup>in<\/sup> Christine Strobel <\/strong>(Universit\u00e4t f\u00fcr Bodenkultur Wien): <a href=\"https:\/\/oega.boku.ac.at\/wp-content\/uploads\/2025\/02\/09-3-56_Strobel_et_al-OEGA_2014.pdf\">Die Einstellung st\u00e4dtischer KonsumentInnen gegen\u00fcber regionalen Lebensmitteln und Regionalinitiativen am Beispiel Wien<\/a><br><br><strong>Dr. Norbert R\u00f6der <\/strong>(Johann Heinrich von Th\u00fcnen-Institut):<a href=\"https:\/\/oega.boku.ac.at\/wp-content\/uploads\/2025\/02\/10-3-10_Roeder_et_al-OEGA_2014.pdf\">Greening &#8211; Anything but green paint?<\/a><br><br><strong>Dr.<sup>in<\/sup> Inken Christoph-Schulz <\/strong>(Johann Heinrich von Th\u00fcnen-Institut): <a href=\"https:\/\/oega.boku.ac.at\/wp-content\/uploads\/2025\/02\/04-5-25_Christoph-Schulz-OEGA_2014.pdf\">Zwischen Heidi-Idyll und Agrarfabrik zur Wahrnehmung der Milchviehhaltun<\/a>g<\/p>\n\n\n\n<h2 class=\"wp-block-heading\">Wir bedanken uns herzlich&#8230;.<\/h2>\n\n\n\n<p>&#8230; f\u00fcr die vor-Ort Organisation bei Michaela Gr\u00f6tzer, Kerstin Hafenscher, Eva Krickler, Christina Roder.<\/p>\n\n\n\n<p>&#8230; bei unseren Sponsoren: das Lebensministerium, die Hochschule f\u00fcr Agrar- und Umweltp\u00e4dagogik, <a href=\"http:\/\/www.schaerdinger.at\/\" target=\"_blank\" rel=\"noreferrer noopener\">Sch\u00e4rdinger<\/a> und der Firma <a href=\"http:\/\/www.stroeck.at\/\" target=\"_blank\" rel=\"noreferrer noopener\">Str\u00f6ck<\/a>.<\/p>\n\n\n<div class=\"wp-block-image\">\n<figure class=\"aligncenter size-full\"><img loading=\"lazy\" decoding=\"async\" width=\"148\" height=\"100\" src=\"https:\/\/oega.boku.ac.at\/wp-content\/uploads\/2025\/02\/Hochschule-logo-kl.jpg\" alt=\"\" class=\"wp-image-718\"\/><\/figure>\n<\/div>\n\n<div class=\"wp-block-image\">\n<figure class=\"aligncenter size-full\"><img loading=\"lazy\" decoding=\"async\" width=\"100\" height=\"103\" src=\"https:\/\/oega.boku.ac.at\/wp-content\/uploads\/2025\/02\/Schaerdinger-kl.bmp\" alt=\"\" class=\"wp-image-721\"\/><\/figure>\n<\/div>\n\n<div class=\"wp-block-image\">\n<figure class=\"aligncenter size-full\"><img loading=\"lazy\" decoding=\"async\" width=\"123\" height=\"70\" src=\"https:\/\/oega.boku.ac.at\/wp-content\/uploads\/2025\/02\/Stroeck-Brot.jpg\" alt=\"\" class=\"wp-image-722\"\/><\/figure>\n<\/div>\n\n<div class=\"wp-block-image\">\n<figure class=\"aligncenter size-full\"><img loading=\"lazy\" decoding=\"async\" width=\"106\" height=\"100\" src=\"https:\/\/oega.boku.ac.at\/wp-content\/uploads\/2025\/02\/logo_lebensministerium-kl.jpg\" alt=\"\" class=\"wp-image-719\"\/><\/figure>\n<\/div>\n\n\n<p><\/p>\n<div class=\"pdfprnt-buttons pdfprnt-buttons-page pdfprnt-bottom-left\"><a href=\"https:\/\/oega.boku.ac.at\/en\/wp-json\/wp\/v2\/pages\/709?print=pdf\" class=\"pdfprnt-button pdfprnt-button-pdf\" target=\"_blank\" ><\/a><a href=\"https:\/\/oega.boku.ac.at\/en\/wp-json\/wp\/v2\/pages\/709?print=print\" class=\"pdfprnt-button pdfprnt-button-print\" target=\"_blank\" ><img decoding=\"async\" src=\"https:\/\/oega.boku.ac.at\/wp-content\/plugins\/pdf-print\/images\/print.png\" alt=\"image_print\" title=\"Print Content\" \/><span class=\"pdfprnt-button-title pdfprnt-button-print-title\">Print-Version<\/span><\/a><\/div>","protected":false},"excerpt":{"rendered":"<p>Die 24. Jahrestagung der \u00d6sterreichischen Gesellschaft f\u00fcr Agrar\u00f6konomie zum Thema \u201eLebensmittelversorgung, Lebensmittelsicherheit und Ern\u00e4hrungssouver\u00e4nit\u00e4t&#8220; fand am 25. und 26 September 2014 an der Universit\u00e4t f\u00fcr Bodenkultur in Wien statt. Beitr\u00e4ge, die bei der Tagung pr\u00e4sentiert wurden Fotos, der Tagung und der Exkursion \u00d6GA-Preis 2014 TagungsbandProgramm Keynote Pr\u00e4sentationen: Martin Banse Carmel Cahill Ulrich Ermann Best Presentation [&hellip;]<\/p>\n","protected":false},"author":1,"featured_media":0,"parent":35,"menu_order":0,"comment_status":"closed","ping_status":"closed","template":"","meta":{"footnotes":""},"class_list":["post-709","page","type-page","status-publish","hentry"],"_links":{"self":[{"href":"https:\/\/oega.boku.ac.at\/en\/wp-json\/wp\/v2\/pages\/709","targetHints":{"allow":["GET"]}}],"collection":[{"href":"https:\/\/oega.boku.ac.at\/en\/wp-json\/wp\/v2\/pages"}],"about":[{"href":"https:\/\/oega.boku.ac.at\/en\/wp-json\/wp\/v2\/types\/page"}],"author":[{"embeddable":true,"href":"https:\/\/oega.boku.ac.at\/en\/wp-json\/wp\/v2\/users\/1"}],"replies":[{"embeddable":true,"href":"https:\/\/oega.boku.ac.at\/en\/wp-json\/wp\/v2\/comments?post=709"}],"version-history":[{"count":3,"href":"https:\/\/oega.boku.ac.at\/en\/wp-json\/wp\/v2\/pages\/709\/revisions"}],"predecessor-version":[{"id":726,"href":"https:\/\/oega.boku.ac.at\/en\/wp-json\/wp\/v2\/pages\/709\/revisions\/726"}],"up":[{"embeddable":true,"href":"https:\/\/oega.boku.ac.at\/en\/wp-json\/wp\/v2\/pages\/35"}],"wp:attachment":[{"href":"https:\/\/oega.boku.ac.at\/en\/wp-json\/wp\/v2\/media?parent=709"}],"curies":[{"name":"wp","href":"https:\/\/api.w.org\/{rel}","templated":true}]}}