{"id":671,"date":"2025-01-30T10:13:42","date_gmt":"2025-01-30T09:13:42","guid":{"rendered":"https:\/\/oega.boku.ac.at\/?page_id=671"},"modified":"2025-01-30T10:16:59","modified_gmt":"2025-01-30T09:16:59","slug":"oega-preis-2004","status":"publish","type":"page","link":"https:\/\/oega.boku.ac.at\/en\/oega-preis\/oega-preis-2004\/","title":{"rendered":"\u00d6GA Prize 2004"},"content":{"rendered":"<p>On February 24, 2005, in the Marble Hall of the Government Building, <strong>DDr. Reinhard Mang<\/strong> \u2013 Head of Department at the Federal Ministry of Agriculture, Forestry, Environment and Water Management \u2013 \u200b\u200bpresented the Austrian Society for Agricultural Economics (\u00d6GA) Research Prize, donated by Federal Minister Josef Pr\u00f6ll, to <strong>DI Christoph Tribl <\/strong>in recognition of his research. Tribl is a research associate at the Chair of Economics \u2013 Environmental Economics and Agricultural Policy at the Technical University of Munich, Weihenstephan Science Center. The laudatory speech was given by <strong>Univ. Prof. Dr. Klaus Salhofer<\/strong>, his supervisor. Tribl's thesis was selected from several agricultural economics papers by <strong>Univ. Prof. Dr. Jens-Peter Loy<\/strong> from the Institute of Agricultural Economics at Kiel University, acting as an independent reviewer.<\/p>\n\n\n\n<p><strong>Short version of the award-winning thesis:<\/strong><\/p>\n\n\n\n<p>Sugar is still one of the most heavily protected agricultural commodities. International and national policies limit the quantity traded on the world market, thereby leading to highly volatile world market prices. This paper pursues two objectives: First, it uses economic theory to explain the causes and implications of volatile prices. Second, it applies the cointegration theory of econometrics to empirically investigate whether price fluctuations in the world market price for raw sugar are transmitted completely (symmetrically) or incompletely (asymmetrically) to subsequent processing stages. In particular, it analyzes the price transmission between raw and white sugar on the world market. Furthermore, using data from the United States of America, it analyzes the price transmission from the world market to the wholesale level and from the wholesale to the retail level. The empirical results show the following: First, a rising premium between the world market prices for raw and white sugar is corrected more quickly than a falling premium. Reasons for this are likely to be speculation on futures markets, among others. Second, the price transmission process between world market prices and the corresponding wholesale prices is almost complete. Third, the price transmission process between the wholesale price of refined sugar and the retail price demonstrates the pattern of potentially existing market power.<\/p>\n\n\n\n<p><strong>Univ. Prof. Dr. Jens-Peter Loy <\/strong>delivered a <strong>keynote speech <\/strong>on the German milk exchange system, exploring whether it could serve as a pioneering model for milk quota trading.<br><br>Since April 1, 2000, milk quota trading in Germany has been permitted exclusively through milk quota exchanges. This change to the institutional framework was developed in close coordination by the Ministry and the agricultural interest group. The objective was to \"reduce the burden on active milk producers associated with the purchase of reference quantities and to restore greater control over the reference quantities\" (Sales Office for Milk Quotas of the States of Lower Saxony, Schleswig-Holstein, Hamburg, and Bremen, 2000). These goals were to be achieved by introducing regional sales offices while simultaneously prohibiting alternative transaction mechanisms. Furthermore, a reduction in the quota price should be achieved through additional price-dampening institutions, such as penalty deductions or the price corridor. The presentation presented, discussed, and evaluated the key regulations and peculiarities of the German milk exchange system. The analysis was further illustrated by real-life developments in the German milk quota market. The presentation concluded with some recommendations that should be considered when adopting such market regulations.<\/p>\n\n\n\n<p>The celebratory event concluded with a buffet sponsored by the Federal Ministry of Agriculture, Forestry, and Consumer Protection.<\/p>\n\n\n\n<figure class=\"wp-block-gallery has-nested-images columns-default is-cropped wp-block-gallery-1 is-layout-flex wp-block-gallery-is-layout-flex\">\n<figure class=\"wp-block-image size-large\"><img loading=\"lazy\" decoding=\"async\" width=\"150\" height=\"113\" data-id=\"675\" src=\"https:\/\/oega.boku.ac.at\/wp-content\/uploads\/2025\/01\/OegaPreis04_3_Marmorsaal_01.jpg\" alt=\"\" class=\"wp-image-675\"\/><\/figure>\n\n\n\n<figure class=\"wp-block-image size-large\"><img loading=\"lazy\" decoding=\"async\" width=\"150\" height=\"113\" data-id=\"673\" src=\"https:\/\/oega.boku.ac.at\/wp-content\/uploads\/2025\/01\/OegaPreis04_1_01.jpg\" alt=\"\" class=\"wp-image-673\"\/><\/figure>\n\n\n\n<figure class=\"wp-block-image size-large\"><img loading=\"lazy\" decoding=\"async\" width=\"150\" height=\"113\" data-id=\"674\" src=\"https:\/\/oega.boku.ac.at\/wp-content\/uploads\/2025\/01\/OegaPreis04_3_02.jpg\" alt=\"\" class=\"wp-image-674\"\/><\/figure>\n\n\n\n<figure class=\"wp-block-image size-large\"><img loading=\"lazy\" decoding=\"async\" width=\"150\" height=\"113\" data-id=\"672\" src=\"https:\/\/oega.boku.ac.at\/wp-content\/uploads\/2025\/01\/OegaPreis04_4_01.jpg\" alt=\"\" class=\"wp-image-672\"\/><\/figure>\n<\/figure>\n<div class=\"pdfprnt-buttons pdfprnt-buttons-page pdfprnt-bottom-left\"><a href=\"https:\/\/oega.boku.ac.at\/en\/wp-json\/wp\/v2\/pages\/671?print=pdf\" class=\"pdfprnt-button pdfprnt-button-pdf\" target=\"_blank\" ><\/a><a href=\"https:\/\/oega.boku.ac.at\/en\/wp-json\/wp\/v2\/pages\/671?print=print\" class=\"pdfprnt-button pdfprnt-button-print\" target=\"_blank\" ><img decoding=\"async\" src=\"https:\/\/oega.boku.ac.at\/wp-content\/plugins\/pdf-print\/images\/print.png\" alt=\"image_print\" title=\"Print Content\" \/><span class=\"pdfprnt-button-title pdfprnt-button-print-title\">Print-Version<\/span><\/a><\/div>","protected":false},"excerpt":{"rendered":"<p>Am 24. Februar 2005 \u00fcberreichte DDr. Reinhard Mang &#8211; Sektionsleiter im Bundesministerium f\u00fcr Land- und Forstwirtschaft, Umwelt und Wasserwirtschaft &#8211; im Marmorsaal des Regierungsgeb\u00e4udes den von Bundesminister Josef Pr\u00f6ll gestifteten Forschungspreis der \u00d6sterreichischen Gesellschaft f\u00fcr Agrar\u00f6konomie (\u00d6GA) an DI Christoph Tribl in Anerkennung seiner Forschungen. DI Tribl ist wissenschaftlicher Mitarbeiter am Lehrstuhl f\u00fcr Volkswirtschaftslehre &#8211; [&hellip;]<\/p>\n","protected":false},"author":1,"featured_media":0,"parent":39,"menu_order":0,"comment_status":"closed","ping_status":"closed","template":"","meta":{"footnotes":""},"class_list":["post-671","page","type-page","status-publish","hentry"],"_links":{"self":[{"href":"https:\/\/oega.boku.ac.at\/en\/wp-json\/wp\/v2\/pages\/671","targetHints":{"allow":["GET"]}}],"collection":[{"href":"https:\/\/oega.boku.ac.at\/en\/wp-json\/wp\/v2\/pages"}],"about":[{"href":"https:\/\/oega.boku.ac.at\/en\/wp-json\/wp\/v2\/types\/page"}],"author":[{"embeddable":true,"href":"https:\/\/oega.boku.ac.at\/en\/wp-json\/wp\/v2\/users\/1"}],"replies":[{"embeddable":true,"href":"https:\/\/oega.boku.ac.at\/en\/wp-json\/wp\/v2\/comments?post=671"}],"version-history":[{"count":1,"href":"https:\/\/oega.boku.ac.at\/en\/wp-json\/wp\/v2\/pages\/671\/revisions"}],"predecessor-version":[{"id":676,"href":"https:\/\/oega.boku.ac.at\/en\/wp-json\/wp\/v2\/pages\/671\/revisions\/676"}],"up":[{"embeddable":true,"href":"https:\/\/oega.boku.ac.at\/en\/wp-json\/wp\/v2\/pages\/39"}],"wp:attachment":[{"href":"https:\/\/oega.boku.ac.at\/en\/wp-json\/wp\/v2\/media?parent=671"}],"curies":[{"name":"wp","href":"https:\/\/api.w.org\/{rel}","templated":true}]}}