{"id":659,"date":"2025-01-30T10:10:30","date_gmt":"2025-01-30T09:10:30","guid":{"rendered":"https:\/\/oega.boku.ac.at\/?page_id=659"},"modified":"2025-01-30T10:17:06","modified_gmt":"2025-01-30T09:17:06","slug":"oega-preis-2006","status":"publish","type":"page","link":"https:\/\/oega.boku.ac.at\/en\/oega-preis\/oega-preis-2006\/","title":{"rendered":"\u00d6GA Prize 2006"},"content":{"rendered":"<p>On September 28, 2006, <strong>DDr. Reinhard Mang<\/strong> \u2013 Head of Department at the Federal Ministry of Agriculture, Forestry, Environment and Water Management \u2013 \u200b\u200bpresented the Austrian Society for Agricultural Economics (\u00d6GA) Research Prize, donated by Federal Minister Josef Pr\u00f6ll, in the Marble Hall of the Government Building. Due to the diverse range of submitted work, two researchers were honored for the first time in 2006: <strong>Mag. Christoph Kirchengast <\/strong>received the 2006 \u00d6GA Prize for his work in agricultural sociology, and<strong> DI DI Hermine Mitter <\/strong>received the 2006 \u00d6GA Prize for her work in agricultural economics.<\/p>\n\n\n\n<p><strong>\u00d6GA Prize with Focus on Agricultural Sociology<\/strong><\/p>\n\n\n\n<p><strong>Mag. Christoph Kirchengast<\/strong>, a research associate at the Center for Mountain Agriculture at the University of Innsbruck, received the prize for his diploma thesis entitled \"On Alpine Pastures \u2013 Social and Cultural Anthropological Considerations of Alpine Farming in Austria.\" Kirchengast's work was supervised by <strong>Dr. Karlheinz Knickel<\/strong> from the Institute for Rural Development Research at the Johann Wolfgang Goethe University in Frankfurt am Main was selected as an independent reviewer from the submitted works.<\/p>\n\n\n\n<p><a href=\"https:\/\/oega.boku.ac.at\/en\/oega-preis-2006-ueberblick-mit-schwerpunkt-agrarsoziologie\/\" data-type=\"page\" data-id=\"665\">Overview of the award-winning work<\/a><\/p>\n\n\n\n<hr class=\"wp-block-separator has-alpha-channel-opacity\"\/>\n\n\n\n<p><strong>\u00d6GA Prize with a Focus on Agricultural Economics<\/strong><\/p>\n\n\n\n<p><strong>DI DI Hermine Mitter<\/strong>, research associate at the Institute for Spatial Planning and Rural Development at the University of Natural Resources and Life Sciences, received the prize for her diploma thesis entitled \"Supply of Biomass District Heating as a Planning Content of the Local Development Concept Using the Example of St. Georgen am Walde\/Upper Austria.\" Hermine Mitter's work was selected as an independent reviewer from the submitted works by <strong>Prof. Dr. Alfons Balmann<\/strong> from the Leibniz Institute of Agricultural Development in Central and Eastern Europe.<\/p>\n\n\n\n<p><a href=\"https:\/\/oega.boku.ac.at\/en\/oega-preis-2006-ueberblick-mit-schwerpunkt-agrarsoziologie-2\/\" data-type=\"page\" data-id=\"668\">Overview of the award-winning work\u00a0<\/a><\/p>\n\n\n\n<figure class=\"wp-block-gallery has-nested-images columns-default is-cropped wp-block-gallery-1 is-layout-flex wp-block-gallery-is-layout-flex\">\n<figure class=\"wp-block-image size-large\"><img loading=\"lazy\" decoding=\"async\" width=\"136\" height=\"102\" data-id=\"664\" src=\"https:\/\/oega.boku.ac.at\/wp-content\/uploads\/2025\/01\/csm_4Preis06_M2_01_a5141157f7.jpg\" alt=\"\" class=\"wp-image-664\"\/><\/figure>\n\n\n\n<figure class=\"wp-block-image size-large\"><img loading=\"lazy\" decoding=\"async\" width=\"136\" height=\"103\" data-id=\"662\" src=\"https:\/\/oega.boku.ac.at\/wp-content\/uploads\/2025\/01\/csm_2Preis06_K1_8cc3602ac9.jpg\" alt=\"\" class=\"wp-image-662\"\/><\/figure>\n\n\n\n<figure class=\"wp-block-image size-large\"><img loading=\"lazy\" decoding=\"async\" width=\"136\" height=\"102\" data-id=\"660\" src=\"https:\/\/oega.boku.ac.at\/wp-content\/uploads\/2025\/01\/csm_5Preis06_3916b5d3dc.jpg\" alt=\"\" class=\"wp-image-660\"\/><\/figure>\n\n\n\n<figure class=\"wp-block-image size-large\"><img loading=\"lazy\" decoding=\"async\" width=\"136\" height=\"238\" data-id=\"663\" src=\"https:\/\/oega.boku.ac.at\/wp-content\/uploads\/2025\/01\/csm_3Preis06_M1_3a7096ad21.jpg\" alt=\"\" class=\"wp-image-663\"\/><\/figure>\n\n\n\n<figure class=\"wp-block-image size-large\"><img loading=\"lazy\" decoding=\"async\" width=\"136\" height=\"213\" data-id=\"661\" src=\"https:\/\/oega.boku.ac.at\/wp-content\/uploads\/2025\/01\/csm_1Preis06_K2_15ba127c7d.jpg\" alt=\"\" class=\"wp-image-661\"\/><\/figure>\n<\/figure>\n<div class=\"pdfprnt-buttons pdfprnt-buttons-page pdfprnt-bottom-left\"><a href=\"https:\/\/oega.boku.ac.at\/en\/wp-json\/wp\/v2\/pages\/659?print=pdf\" class=\"pdfprnt-button pdfprnt-button-pdf\" target=\"_blank\" ><\/a><a href=\"https:\/\/oega.boku.ac.at\/en\/wp-json\/wp\/v2\/pages\/659?print=print\" class=\"pdfprnt-button pdfprnt-button-print\" target=\"_blank\" ><img decoding=\"async\" src=\"https:\/\/oega.boku.ac.at\/wp-content\/plugins\/pdf-print\/images\/print.png\" alt=\"image_print\" title=\"Print Content\" \/><span class=\"pdfprnt-button-title pdfprnt-button-print-title\">Print-Version<\/span><\/a><\/div>","protected":false},"excerpt":{"rendered":"<p>Am 28. September 2006 \u00fcberreichte DDr. Reinhard Mang &#8211; Sektionsleiter im Bundesministerium f\u00fcr Land- und Forstwirtschaft, Umwelt und Wasserwirtschaft &#8211; im Marmorsaal des Regierungsgeb\u00e4udes den von Bundesminister Josef Pr\u00f6ll gestifteten Forschungspreis der \u00d6sterreichischen Gesellschaft f\u00fcr Agrar\u00f6konomie (\u00d6GA). Aufgrund der fachlichen Heterogenit\u00e4t der eingereichten Arbeiten wurden 2006 erstmals zwei ForscherInnen pr\u00e4miert: Mag. Christoph Kirchengast erhielt den [&hellip;]<\/p>\n","protected":false},"author":1,"featured_media":0,"parent":39,"menu_order":0,"comment_status":"closed","ping_status":"closed","template":"","meta":{"footnotes":""},"class_list":["post-659","page","type-page","status-publish","hentry"],"_links":{"self":[{"href":"https:\/\/oega.boku.ac.at\/en\/wp-json\/wp\/v2\/pages\/659","targetHints":{"allow":["GET"]}}],"collection":[{"href":"https:\/\/oega.boku.ac.at\/en\/wp-json\/wp\/v2\/pages"}],"about":[{"href":"https:\/\/oega.boku.ac.at\/en\/wp-json\/wp\/v2\/types\/page"}],"author":[{"embeddable":true,"href":"https:\/\/oega.boku.ac.at\/en\/wp-json\/wp\/v2\/users\/1"}],"replies":[{"embeddable":true,"href":"https:\/\/oega.boku.ac.at\/en\/wp-json\/wp\/v2\/comments?post=659"}],"version-history":[{"count":1,"href":"https:\/\/oega.boku.ac.at\/en\/wp-json\/wp\/v2\/pages\/659\/revisions"}],"predecessor-version":[{"id":670,"href":"https:\/\/oega.boku.ac.at\/en\/wp-json\/wp\/v2\/pages\/659\/revisions\/670"}],"up":[{"embeddable":true,"href":"https:\/\/oega.boku.ac.at\/en\/wp-json\/wp\/v2\/pages\/39"}],"wp:attachment":[{"href":"https:\/\/oega.boku.ac.at\/en\/wp-json\/wp\/v2\/media?parent=659"}],"curies":[{"name":"wp","href":"https:\/\/api.w.org\/{rel}","templated":true}]}}