{"id":633,"date":"2025-01-29T19:20:16","date_gmt":"2025-01-29T18:20:16","guid":{"rendered":"https:\/\/oega.boku.ac.at\/?page_id=633"},"modified":"2025-01-29T19:38:23","modified_gmt":"2025-01-29T18:38:23","slug":"oega-preis-2018","status":"publish","type":"page","link":"https:\/\/oega.boku.ac.at\/en\/oega-preis\/oega-preis-2018\/","title":{"rendered":"\u00d6GA Prize 2018"},"content":{"rendered":"<p>Award winner: <strong>DDI Dr.in Susanna Erker<\/strong><\/p>\n\n\n\n<p>The submitted dissertation is entitled: <em>\u201cSpatial Resilience in the Face of Energy Crises. A Concept for Spatial Energy Planning.\u201d<\/em><\/p>\n\n\n\n<p>Reviewer\u2019s Appreciation: <strong>Univ.Prof. DI Dr. Marianne Penker<\/strong> (Institute for Sustainable Economic Development, BOKU University, Vienna)<\/p>\n\n\n\n<p>The dissertation addresses the concept of resilience in the context of energy use and energy security. The research demonstrated that the concept of resilience can contribute to the discourse on energy spatial planning. The core of the dissertation is the newly developed RERA (Regional Energy Resilience Assessment) method, which examines problems of regional energy security in the event of an energy crisis. The added value of this heuristic approach lies in the operationalization of resilience. With her dissertation, Dr. Erker has made a significant contribution to the new research and planning field of spatial energy planning. Her work includes developing the conceptual foundations, identifying research needs based on a systematic screening of relevant planning tools, the thematic integration of the concept of resilience into energy spatial planning, and operationalizing it through method development and application.<\/p>\n\n\n\n<p>Award winner: <strong>Ursula Ploll, MSc.<\/strong><\/p>\n\n\n\n<p>The submitted master\u2019s thesis is titled:<em> \u201cMotives of Austrian Vegetarians and Vegans and their Behavioural Expressions\u201d<\/em><\/p>\n\n\n\n<p>Reviewer\u2019s Appreciation: <strong>DDr. habil. Stefan Mann<\/strong> (Agroscope T\u00e4nikon, Schweiz)<\/p>\n\n\n\n<p>Ursula Ploll\u2019s work uses the theory of planned behavior and adapts it to the question of dietary habits. In a further section, Ploll examines the abstinence from meat and animal products. First, the gradations between partial vegetarians and vegans are analyzed, then different motives for abstinence behavior are listed, and finally, the extent to which abstinence from meat and other animal products is linked to lifestyle characteristics is discussed.<br>Collaboration with another master\u2019s student enabled a broad qualitative and quantitative approach in an empirical survey of 556 complete data sets. For example, we learn that about half of meat abstinence is due to animal-related reasons, while health, the environment, and taste account for the other half. We also learn that many vegans certainly try to express their beliefs when shopping for clothes. And that vegetarians and semi-vegetarians also consume noticeably less milk and eggs than omnivores. Finally, the results are linked back to the theoretical model by applying an econometric specification for individual aspects such as the environment and animal welfare, with good success.<\/p>\n<div class=\"pdfprnt-buttons pdfprnt-buttons-page pdfprnt-bottom-left\"><a href=\"https:\/\/oega.boku.ac.at\/en\/wp-json\/wp\/v2\/pages\/633?print=pdf\" class=\"pdfprnt-button pdfprnt-button-pdf\" target=\"_blank\" ><\/a><a href=\"https:\/\/oega.boku.ac.at\/en\/wp-json\/wp\/v2\/pages\/633?print=print\" class=\"pdfprnt-button pdfprnt-button-print\" target=\"_blank\" ><img decoding=\"async\" src=\"https:\/\/oega.boku.ac.at\/wp-content\/plugins\/pdf-print\/images\/print.png\" alt=\"image_print\" title=\"Print Content\" \/><span class=\"pdfprnt-button-title pdfprnt-button-print-title\">Print-Version<\/span><\/a><\/div>","protected":false},"excerpt":{"rendered":"<p>Preistr\u00e4gerin: DDI Dr.in Susanna Erker Die eingereichte Dissertation hat den Titel: &#8222;R\u00e4umliche Resilienz im Hinblick auf Energiekrisen. Ein Konzept f\u00fcr die Energieraumplanung&#8220; W\u00fcrdigung durch die Gutachterin: Univ.Prof. DI Dr. Marianne Penker (Institut f\u00fcr Nachhaltige Wirtschaftsentwicklung, Universit\u00e4t f\u00fcr Bodenkultur Wien) Die Dissertation thematisiert das Konzept der Resilienz im Spannungsfeld zwischen Energieeinsatz und Versorgungssicherheit. Im Zuge der [&hellip;]<\/p>\n","protected":false},"author":1,"featured_media":0,"parent":39,"menu_order":0,"comment_status":"closed","ping_status":"closed","template":"","meta":{"footnotes":""},"class_list":["post-633","page","type-page","status-publish","hentry"],"_links":{"self":[{"href":"https:\/\/oega.boku.ac.at\/en\/wp-json\/wp\/v2\/pages\/633","targetHints":{"allow":["GET"]}}],"collection":[{"href":"https:\/\/oega.boku.ac.at\/en\/wp-json\/wp\/v2\/pages"}],"about":[{"href":"https:\/\/oega.boku.ac.at\/en\/wp-json\/wp\/v2\/types\/page"}],"author":[{"embeddable":true,"href":"https:\/\/oega.boku.ac.at\/en\/wp-json\/wp\/v2\/users\/1"}],"replies":[{"embeddable":true,"href":"https:\/\/oega.boku.ac.at\/en\/wp-json\/wp\/v2\/comments?post=633"}],"version-history":[{"count":1,"href":"https:\/\/oega.boku.ac.at\/en\/wp-json\/wp\/v2\/pages\/633\/revisions"}],"predecessor-version":[{"id":634,"href":"https:\/\/oega.boku.ac.at\/en\/wp-json\/wp\/v2\/pages\/633\/revisions\/634"}],"up":[{"embeddable":true,"href":"https:\/\/oega.boku.ac.at\/en\/wp-json\/wp\/v2\/pages\/39"}],"wp:attachment":[{"href":"https:\/\/oega.boku.ac.at\/en\/wp-json\/wp\/v2\/media?parent=633"}],"curies":[{"name":"wp","href":"https:\/\/api.w.org\/{rel}","templated":true}]}}