{"id":562,"date":"2025-01-29T12:49:14","date_gmt":"2025-01-29T11:49:14","guid":{"rendered":"https:\/\/oega.boku.ac.at\/?page_id=562"},"modified":"2025-01-29T12:56:52","modified_gmt":"2025-01-29T11:56:52","slug":"tagungsband-2016","status":"publish","type":"page","link":"https:\/\/oega.boku.ac.at\/en\/tagungen\/oega-tagung-2016\/tagungsband-2016\/","title":{"rendered":"Tagungsband 2016"},"content":{"rendered":"<p><strong>Forschungsforum 1 &#8211; Betriebswirtschaft<\/strong><\/p>\n\n\n\n<ul class=\"wp-block-list\">\n<li><a href=\"https:\/\/oega.boku.ac.at\/wp-content\/uploads\/2025\/01\/01_Scharner-Poechtrager_OEGA_2016.pdf\">\u00d6konomische Betrachtung von Einkommensversicherungen f\u00fcr \u00f6sterreichische Milchproduzenten<\/a><br><em>M. Scharner, S. P\u00f6chtrager<\/em><\/li>\n\n\n\n<li><a href=\"https:\/\/oega.boku.ac.at\/wp-content\/uploads\/2025\/01\/02_Kirner-Wagner_OEGA_2016.pdf\">Analyse des strategischen Managements in landwirtschaftlichen Betrieben in \u00d6sterreich<\/a><br><em>L. Kirner, W. Wagner<\/em><\/li>\n\n\n\n<li><a href=\"https:\/\/oega.boku.ac.at\/wp-content\/uploads\/2025\/01\/03_Hildenbrand_et_al_OEGA2016.pdf\">Der Pay-What-You-Want-Mechanismus als Preissetzungsmechanismus f\u00fcr Weinverkostungen<\/a><br><em>A. Hildenbrand, E. Pabst, U. Schilling, L. Bitsch, J. Hanf<\/em><\/li>\n\n\n\n<li><a href=\"https:\/\/oega.boku.ac.at\/wp-content\/uploads\/2025\/01\/04_Schulte-Musshoff_OEGA_2016.pdf\">Production risks on dairy farm level &#8211; differences between pasture and confinement<\/a><br><em>H.D. Schulte, O. Musshoff<\/em><\/li>\n<\/ul>\n\n\n\n<p><strong>Forschungsforum 2 &#8211; Boden und Handel<\/strong><\/p>\n\n\n\n<ul class=\"wp-block-list\">\n<li><a href=\"https:\/\/oega.boku.ac.at\/wp-content\/uploads\/2025\/01\/05_Ritzel-Kohler_OEGA2016.pdf\">The causal effect of free trade for the world&#8217;s poorest countries<\/a><br><em>C. Ritzel, A. Kohlere<\/em><\/li>\n\n\n\n<li><a href=\"https:\/\/oega.boku.ac.at\/wp-content\/uploads\/2025\/01\/06_Odening_et_al_OEGA2016.pdf\">Agricultural land prices and the law of one price<\/a><br><em>M. Odening, M. Ritter, X. Yang<\/em><\/li>\n\n\n\n<li><a href=\"https:\/\/oega.boku.ac.at\/wp-content\/uploads\/2025\/01\/07_Ghidoni_et_al._OEGA_2016.pdf\">Factors influening German and Italian farmland prices &#8211; equalities and differences<\/a><br><em>A. Ghidoni, F. Menzel, I. De Noni, E. Bahrs, S. Corsi<\/em><\/li>\n\n\n\n<li><a href=\"https:\/\/oega.boku.ac.at\/wp-content\/uploads\/2025\/01\/08_Dieterle_et_al_OEGA2016.pdf\">Vergleich landwirtschaftlicher Ertragswertmethoden auf der Basis von Buchhaltungsdaten des Schweizer Testbetriebsnetzes<\/a><br><em>M. Dieterle, D. Schmid, M. Lips<\/em><\/li>\n<\/ul>\n\n\n\n<p><strong>Forschungsforum 3 &#8211; Tierhaltung und Gesellschaft<\/strong><\/p>\n\n\n\n<ul class=\"wp-block-list\">\n<li><a href=\"https:\/\/oega.boku.ac.at\/wp-content\/uploads\/2025\/01\/09_Rovers_et_al_OEGA_2016.pdf\">Die aktuelle Wahrnehmung der Tiergesundheit in der deutschen Schweinehaltung<\/a><br><em>A.K. Rovers, I. Christoph-Schulz, N. Br\u00fcmmer, D. Saggau<\/em><\/li>\n\n\n\n<li><a href=\"https:\/\/oega.boku.ac.at\/wp-content\/uploads\/2025\/01\/10_Pirsich-Theuvsen_OEGA_2016.pdf\">Die Vermarktung von Tierwohl-Fleisch aus der Perspektive des Fleischerhandwerks<\/a><br><em>W. Pirsich, L. Theuvsen<\/em><\/li>\n\n\n\n<li><a href=\"https:\/\/oega.boku.ac.at\/wp-content\/uploads\/2025\/01\/11_Sonntag_et_al_OEGA_2016.pdf\">Kommunikationsstrategien zur Vermittlung zwischen Verbrauchern und Gefl\u00fcgelhaltern<\/a><br><em>W. Sonntag, M. von Meyer-H\u00f6fer, G. Ogan, A. Spiller<\/em><\/li>\n\n\n\n<li><a href=\"https:\/\/oega.boku.ac.at\/wp-content\/uploads\/2025\/01\/12_Moog-Gebhardt_OEGA_2016.pdf\">Formen der Kennzeichnung von regionalem Schweinefleisch in den DACH-Staaten und deren Akzeptanz<\/a><br><em>K. Moog, B. Gebhardt<\/em><\/li>\n<\/ul>\n\n\n\n<p><strong>Forschungsforum 4 &#8211; Biogas<\/strong><\/p>\n\n\n\n<ul class=\"wp-block-list\">\n<li><a href=\"https:\/\/oega.boku.ac.at\/wp-content\/uploads\/2025\/01\/13_Stuermer_OEGA_2016-1.pdf\">Biomethane from biogenic waste and agricultural residues<\/a><br><em>B. St\u00fcrmer<\/em><\/li>\n\n\n\n<li><a href=\"https:\/\/oega.boku.ac.at\/wp-content\/uploads\/2025\/01\/14_Anspach_et_al_OEGA_2016.pdf\">Benchmarking Biogas &#8211; ein Instrument zur kontinuierlichen Optimierung von landwirtschaftlichen Biogasanlagen<\/a><br><em>V. Anspach, S. Bolli, S. Mutzner<\/em><\/li>\n\n\n\n<li><a href=\"https:\/\/oega.boku.ac.at\/wp-content\/uploads\/2025\/01\/15_Stuermer2_OEGA_2016.pdf\">Marktintegration von Biogasanalagen<\/a><br><em>B. St\u00fcrmer<\/em><\/li>\n\n\n\n<li><a href=\"https:\/\/oega.boku.ac.at\/wp-content\/uploads\/2025\/01\/16_Serdjuk_et_al_OEGA_2016-1.pdf\">Economic impacts of integration plant in a stockless organic farming system<\/a><br><em>M. Serdjuk, U. Bodmer, K.-J. H\u00fclsenbergen<\/em><\/li>\n<\/ul>\n\n\n\n<p><strong>Forschungsforum 5 &#8211; \u00d6konomik des Pflanzenbaus<\/strong><\/p>\n\n\n\n<ul class=\"wp-block-list\">\n<li><a href=\"https:\/\/oega.boku.ac.at\/wp-content\/uploads\/2025\/01\/17_Heinschink_et_al_OEGA_2016.pdf\">Crop procuction costs in Austria: Validation of simulated results using farm observations<\/a><br><em>K. Heinschink, F. Lembacher, F. Sinabell, C. Tribl<\/em><\/li>\n\n\n\n<li><a href=\"https:\/\/oega.boku.ac.at\/wp-content\/uploads\/2025\/01\/18_Feusthuber_et_al_OEGA_2016.pdf\">Integrated modelling of policy scenarios to control Western Corn Rootworm in Austria<\/a><br><em>F. Feusthuber, M. Sch\u00f6nhart, H. Mitter, E. Schmid<\/em><\/li>\n\n\n\n<li><a href=\"https:\/\/oega.boku.ac.at\/wp-content\/uploads\/2025\/01\/19_Schulte_et_al_OEGA_2016.pdf\">\u00d6konomische Auswirkungen eines Glyphosatverzichts auf einzelbetrieblicher Ebene<\/a><br><em>M. Schulte, T. K\u00fchlmann, T de Witte, L. Theuvsen<\/em><\/li>\n\n\n\n<li><a href=\"https:\/\/oega.boku.ac.at\/wp-content\/uploads\/2025\/01\/20_Wellner_et_al_OEGA_2016.pdf\">\u00d6konomische Bewertung verschiedener Anbauverfahren in der Kirschproduktion<\/a><br><em>M. Wellner, M. Schulte, F. Kregel, L. Theuvsen<\/em><\/li>\n<\/ul>\n\n\n\n<p><strong>Forschungsforum 6 &#8211; L\u00e4ndlicher Raum<\/strong><\/p>\n\n\n\n<ul class=\"wp-block-list\">\n<li><a href=\"https:\/\/oega.boku.ac.at\/wp-content\/uploads\/2025\/01\/21_Jantsch_et_al_OEGA_2016.pdf\">Lebensqualit\u00e4t in Deutschland &#8211; ein Verlgeich von st\u00e4dtischen und l\u00e4ndlichen Regionen<\/a><br><em>A. Jantsch, C. Wunder, N. Hirschauer<\/em><\/li>\n\n\n\n<li><a href=\"https:\/\/oega.boku.ac.at\/wp-content\/uploads\/2025\/01\/22_Ermann_et_al_OEGA_2016.pdf\">Wie nimmt die deutsche Landwirtschaft externe Stakeholder wahr?<\/a><br><em>M. Ermann, I. Christoph-Schulz, A. Spiller<\/em><\/li>\n\n\n\n<li><a href=\"https:\/\/oega.boku.ac.at\/wp-content\/uploads\/2025\/01\/23_Weber_OEGA_2016.pdf\">Interkommunale Zusammenarbeit als Zukunftsperspektive f\u00fcr l\u00e4ndliche Regionen- eine Fallstudie an den Gemeinden des Lavanttals<\/a><br><em>T.M. Weber<\/em><\/li>\n\n\n\n<li><a href=\"https:\/\/oega.boku.ac.at\/wp-content\/uploads\/2025\/01\/24_Hechenberger_OEGA_2016.pdf\">Regionalgelder zwischen \u00d6konomie, \u00d6kosozialem und Resilienz<\/a><br>G. Hechenberger<\/li>\n<\/ul>\n\n\n\n<p><strong>Forschungsforum 7 &#8211; Konsumverhalten&nbsp;<\/strong><\/p>\n\n\n\n<ul class=\"wp-block-list\">\n<li><a href=\"https:\/\/oega.boku.ac.at\/wp-content\/uploads\/2025\/01\/25_Kirchdorfer_et_al_OEGA_2016.pdf\">Regionale Ern\u00e4hrung im Selbstversuch &#8211; Motive, Barrieren und Erfahrungen aus Salzburg und der Steiermark<\/a><br><em>L.M. Kirchdorfer, M. Penker<\/em><\/li>\n\n\n\n<li><a href=\"https:\/\/oega.boku.ac.at\/wp-content\/uploads\/2025\/01\/26_Kapp_et_al_OEGA_2016.pdf\">Die Einstellung von Wiener KonsumentInnen zum Thema Lebensmittelverschwendung<\/a><br><em>B. Kapp, P.L. Sajovitz, C. Strobel, S. P\u00f6chtrager<\/em><\/li>\n\n\n\n<li><a href=\"https:\/\/oega.boku.ac.at\/wp-content\/uploads\/2025\/01\/27_Ruediger_Hanf_OEGA_2016.pdf\">Die Erwartungen von Weintouristen im Kontext von Winzergenossenschaften<\/a><br><em>J. R\u00fcdiger, J.H. Hanf<\/em><\/li>\n\n\n\n<li><a href=\"https:\/\/oega.boku.ac.at\/wp-content\/uploads\/2025\/01\/28_Huber_et_al_OEGA_2016.pdf\">Forest management or greed of gain? &#8211; A case study of forest visitors&#8216; attitudes on forest operations<\/a><br><em>J. Huber, L. Ranacher, T. Stern<\/em><\/li>\n<\/ul>\n\n\n\n<p><strong>Forschungsforum 8 &#8211; Entwicklung landwirtschatlicher Betriebe<\/strong><\/p>\n\n\n\n<ul class=\"wp-block-list\">\n<li><a href=\"https:\/\/oega.boku.ac.at\/wp-content\/uploads\/2025\/01\/29_Payrhuber_OEGA_2016.pdf\">Nachfrage nach Bildungs- und Beratungsangeboten in der Unternehmensf\u00fchrung: Ergebnisse von Telefon- und Onlinebefragungen<\/a><br><em>A. Payrhuber, L. Kirner<\/em><\/li>\n\n\n\n<li><a href=\"https:\/\/oega.boku.ac.at\/wp-content\/uploads\/2025\/01\/30_Quendler_OEGA_2016.pdf\">Hof\u00fcbergabe au\u00dferhalb der Familie &#8211; Ergebnisse \u00f6sterreichweiter Befragungen von LandwirtInnen<\/a><br><em>E. Quendler, M. Br\u00fcckler, T. Resl<\/em><\/li>\n\n\n\n<li><a href=\"https:\/\/oega.boku.ac.at\/wp-content\/uploads\/2025\/01\/31_Engelhart_et_al_OEGA_2016.pdf\">Multivariate Analyse der Hofnachfolge in b\u00e4uerlichen Familien<\/a><br><em>R. Engelhart, S. Vogel, M. Larcher<\/em><\/li>\n\n\n\n<li><a href=\"https:\/\/oega.boku.ac.at\/wp-content\/uploads\/2025\/01\/32_Walder_et_al_OEGA_2016.pdf\">The specifics of agricultural innovation and their implications for innovation assessment, findings from Austria<\/a><br><em>P. Walder, J. Kantelhardt, F. Sinabell, F. Unterlass<\/em><\/li>\n<\/ul>\n\n\n\n<p><strong>Forschungsforum 9 &#8211; Nachhaltigkeit<\/strong><\/p>\n\n\n\n<ul class=\"wp-block-list\">\n<li><a href=\"https:\/\/oega.boku.ac.at\/wp-content\/uploads\/2025\/01\/33_Mitter_et_al_OEGA_2016.pdf\">Agriultural experts&#8216; perceptions on climate change impacts and adaption in Austria<\/a><br><em>H. Mitter, M. Larcher, M. Sch\u00f6nhart, E. Schmid<\/em><\/li>\n\n\n\n<li><a href=\"https:\/\/oega.boku.ac.at\/wp-content\/uploads\/2025\/01\/34_Stern_et_al_OEGA_2016.pdf\">Transition towards Bio-economy? Evaluating different definitions in Styria<\/a><br><em>T. Stern, N. Haberl, M. Singer, B. Schrempf<\/em><\/li>\n\n\n\n<li><a href=\"https:\/\/oega.boku.ac.at\/wp-content\/uploads\/2025\/01\/35_Repar_et_al_OEGA_2016.pdf\">Synergies and trade-offs between farm local and global environmental performance: A case study of Swiss alpine dairy farms<\/a><br><em>N. Repar, P. Jan, T. Nemecek, D. Dux<\/em><\/li>\n\n\n\n<li><a href=\"https:\/\/oega.boku.ac.at\/wp-content\/uploads\/2025\/01\/36_Gebhardt-Backes_OEGA_2016.pdf\">Bedeutung von Nachhaltigkeitspreisen in der deutschen Ern\u00e4hrungswirtschaft<\/a><br><em>B. Gebhardt, M. Backes<\/em><\/li>\n<\/ul>\n\n\n\n<p><strong>Forschungsforum 10 &#8211; Wertsch\u00f6pfungskette<\/strong><\/p>\n\n\n\n<ul class=\"wp-block-list\">\n<li><a href=\"https:\/\/oega.boku.ac.at\/wp-content\/uploads\/2025\/01\/37_Willersinn_et_al_OEGA_2016-1.pdf\">Auswirkungen einer Verlustreduktion von Kartoffeln auf die Nachhaltigkeit der gesamten Wertsch\u00f6pfungskette<\/a><br><em>C. Willersinn, S. M\u00f6bius, P. Mouron, G. Mack<\/em><\/li>\n\n\n\n<li><a href=\"https:\/\/oega.boku.ac.at\/wp-content\/uploads\/2025\/01\/38_Quender_Sinabell_OEGA_2016.pdf\">Der Anteil der Landwirtschaft an den Ausgaben f\u00fcr Lebensmittel in \u00d6sterreich<\/a><br><em>E. Quendler, F. Sinabell<\/em><\/li>\n\n\n\n<li><a href=\"https:\/\/oega.boku.ac.at\/wp-content\/uploads\/2025\/01\/39_Loy-Holzer_OEGA_2016.pdf\">Messung des Vermarktungserfolges bei Weizen<\/a><br><em>J.-P. Loy, P. Holzer<\/em><\/li>\n\n\n\n<li><a href=\"https:\/\/oega.boku.ac.at\/wp-content\/uploads\/2025\/01\/40_Fleiss_Aggestam_OEGA_2016.pdf\">Key aspects for scaling-up regional food supply chains: An empirical study on Swedish local food producers<\/a><br><em>E. Flei\u00df, V. Aggestam<\/em><\/li>\n<\/ul>\n\n\n\n<p><strong>Posersession I<\/strong><\/p>\n\n\n\n<ul class=\"wp-block-list\">\n<li><a href=\"https:\/\/oega.boku.ac.at\/wp-content\/uploads\/2025\/01\/41_Nigmann_et_al_OEGA_2016.pdf\">Analyse von Landnutzungssystemen zur Erbringung \u00f6ffentlicher G\u00fcter<\/a><br><em>T. Nigmann, T. Dax, J. Hoppichler, G. Hovorka<\/em><\/li>\n\n\n\n<li><a href=\"https:\/\/oega.boku.ac.at\/wp-content\/uploads\/2025\/01\/42_Bartel-Kratochvil_et_al_OEGA_2016.pdf\">Regionaler Nachhaltigkeits-Benefit von Honig<\/a><br><em>B. Bartel-Kratochvil, T. Markkut, I. Gusenbauer, T. Lindenthal<\/em><\/li>\n\n\n\n<li><a href=\"https:\/\/oega.boku.ac.at\/wp-content\/uploads\/2025\/01\/43_Jantsch_et_al_OEGA_2016.pdf\">Arbeits- und Lebenszufriedenheit der Erwerbst\u00e4tigen in der Landwirtschaft in Deutschland<\/a><br><em>A. Jantsch, N. Hirschauer, T. Weirowski<\/em><\/li>\n\n\n\n<li><a href=\"https:\/\/oega.boku.ac.at\/wp-content\/uploads\/2025\/01\/44_Langenberg_et_al_OEGA_2016.pdf\">Relation von Pacht- und Kaufpreisen: Eine Preisblase auf dem Bodenmarkt?<\/a><br><em>J. Langenberg, I. Schasse, L. Theuvsen<\/em><\/li>\n\n\n\n<li><a href=\"https:\/\/oega.boku.ac.at\/wp-content\/uploads\/2025\/01\/45_Kirner-Gahleitner_OEGA_2016.pdf\">Analyse der Eink\u00fcnfte aus Land- und Forstwirtschaft in \u00d6sterreich seit 1995<\/a><br><em>L. Kirner, G. Gahleitner<\/em><\/li>\n\n\n\n<li><a href=\"https:\/\/oega.boku.ac.at\/wp-content\/uploads\/2025\/01\/46_Arnreither_et_al_OEGA_2016.pdf\">Risiken in der Wertsch\u00f6pfungskette und dessen Management in der \u00f6sterreichischen Getreidewirtschaft<\/a><br><em>M. Arnreither, M. Larcher, M. Sch\u00f6nhart, E. Schmid<\/em><\/li>\n<\/ul>\n\n\n\n<p><strong>Postersession II<\/strong><\/p>\n\n\n\n<ul class=\"wp-block-list\">\n<li><a href=\"https:\/\/oega.boku.ac.at\/wp-content\/uploads\/2025\/01\/47_Kraft_OEGA_2016.pdf\">Corporate Social Responsibilty-Aktivit\u00e4ten: Zwischen Unternehmen und Stakeholdern<\/a><br><em>K. Kraft<\/em><\/li>\n\n\n\n<li><a href=\"https:\/\/oega.boku.ac.at\/wp-content\/uploads\/2025\/01\/48_Leonhardt_OEGA_2016.pdf\">Auswirkungen von Eigentumsverh\u00e4ltnissen auf Bodenschutzma\u00dfnahmen in \u00d6sterreich<\/a><br><em>H. Leonhardt<\/em><\/li>\n\n\n\n<li><a href=\"https:\/\/oega.boku.ac.at\/wp-content\/uploads\/2025\/01\/49_Wille_et_al_OEGA_2016.pdf\">Informationsbed\u00fcrfnis beim Kauf von regionalem Schweinefleisch: ein Experiment auf Basis der Information-Display-Matrix<\/a><br><em>S. Wille, M. Ermann, A. Spiller<\/em><\/li>\n\n\n\n<li><a href=\"https:\/\/oega.boku.ac.at\/wp-content\/uploads\/2025\/01\/50_Guesten_et_al_OEGA2016.pdf\">Welcome to the Jungle? &#8211; Einsatz von G\u00fctesiegeln im Lebensmitteleinzelhandel<\/a><br><em>S.N. G\u00fcsten<\/em><\/li>\n\n\n\n<li><a href=\"https:\/\/oega.boku.ac.at\/wp-content\/uploads\/2025\/01\/51_Petriz_et_al_OEGA_2016.pdf\">Vegetarianism and Veganism &#8211; Connecting multiple motives and behavioural perspectives towards social innovation diffusion<\/a><br><em>H. Petritz, U. Ploll<\/em><\/li>\n<\/ul>\n\n\n\n<p><strong>workshops<\/strong><\/p>\n\n\n\n<ul class=\"wp-block-list\">\n<li><a href=\"https:\/\/oega.boku.ac.at\/wp-content\/uploads\/2025\/01\/WS01_Leonhardt_et_al_OEGA_2016_v003.pdf\">&#8222;Degrowth&#8220; im Sektor Landwirtschaft?<\/a><br><em>H. Leonhardt, U. Morawetz<\/em><\/li>\n\n\n\n<li><a href=\"https:\/\/oega.boku.ac.at\/wp-content\/uploads\/2025\/01\/WS02_Kaipel_OEGA_2016.pdf\">Wissenstransfer trifft Individuum<\/a><br><em>L. Kaipel<\/em><\/li>\n\n\n\n<li><a href=\"https:\/\/oega.boku.ac.at\/wp-content\/uploads\/2025\/01\/WS03_Haas-Seebacher_OEGA_2016.pdf\">Promotion of innovative agriculture through co-operative and work-integrated education<\/a><br><em>J. Haas, U. Seebacher<\/em><\/li>\n\n\n\n<li><a href=\"https:\/\/oega.boku.ac.at\/wp-content\/uploads\/2025\/01\/WS04_Sinabell-Schoenhart_OEGA_2016.pdf\">Rindfleisch- und Milchproduktion im Spannungsfeld niedriger Preise und hoher Umweltauflagen<\/a><br><em>F. Sinabell, M. Sch\u00f6nhart<\/em><\/li>\n<\/ul>\n\n\n\n<p><\/p>\n<div class=\"pdfprnt-buttons pdfprnt-buttons-page pdfprnt-bottom-left\"><a href=\"https:\/\/oega.boku.ac.at\/en\/wp-json\/wp\/v2\/pages\/562?print=pdf\" class=\"pdfprnt-button pdfprnt-button-pdf\" target=\"_blank\" ><\/a><a href=\"https:\/\/oega.boku.ac.at\/en\/wp-json\/wp\/v2\/pages\/562?print=print\" class=\"pdfprnt-button pdfprnt-button-print\" target=\"_blank\" ><img decoding=\"async\" src=\"https:\/\/oega.boku.ac.at\/wp-content\/plugins\/pdf-print\/images\/print.png\" alt=\"image_print\" title=\"Print Content\" \/><span class=\"pdfprnt-button-title pdfprnt-button-print-title\">Print-Version<\/span><\/a><\/div>","protected":false},"excerpt":{"rendered":"","protected":false},"author":1,"featured_media":0,"parent":544,"menu_order":0,"comment_status":"closed","ping_status":"closed","template":"","meta":{"footnotes":""},"class_list":["post-562","page","type-page","status-publish","hentry"],"_links":{"self":[{"href":"https:\/\/oega.boku.ac.at\/en\/wp-json\/wp\/v2\/pages\/562","targetHints":{"allow":["GET"]}}],"collection":[{"href":"https:\/\/oega.boku.ac.at\/en\/wp-json\/wp\/v2\/pages"}],"about":[{"href":"https:\/\/oega.boku.ac.at\/en\/wp-json\/wp\/v2\/types\/page"}],"author":[{"embeddable":true,"href":"https:\/\/oega.boku.ac.at\/en\/wp-json\/wp\/v2\/users\/1"}],"replies":[{"embeddable":true,"href":"https:\/\/oega.boku.ac.at\/en\/wp-json\/wp\/v2\/comments?post=562"}],"version-history":[{"count":1,"href":"https:\/\/oega.boku.ac.at\/en\/wp-json\/wp\/v2\/pages\/562\/revisions"}],"predecessor-version":[{"id":618,"href":"https:\/\/oega.boku.ac.at\/en\/wp-json\/wp\/v2\/pages\/562\/revisions\/618"}],"up":[{"embeddable":true,"href":"https:\/\/oega.boku.ac.at\/en\/wp-json\/wp\/v2\/pages\/544"}],"wp:attachment":[{"href":"https:\/\/oega.boku.ac.at\/en\/wp-json\/wp\/v2\/media?parent=562"}],"curies":[{"name":"wp","href":"https:\/\/api.w.org\/{rel}","templated":true}]}}