{"id":554,"date":"2025-01-28T19:07:09","date_gmt":"2025-01-28T18:07:09","guid":{"rendered":"https:\/\/oega.boku.ac.at\/?page_id=554"},"modified":"2025-01-28T19:09:08","modified_gmt":"2025-01-28T18:09:08","slug":"oega-preis-2016","status":"publish","type":"page","link":"https:\/\/oega.boku.ac.at\/en\/oega-preis\/oega-preis-2016\/","title":{"rendered":"\u00d6GA Prize 2016"},"content":{"rendered":"<div class=\"wp-block-media-text is-stacked-on-mobile\"><figure class=\"wp-block-media-text__media\"><img loading=\"lazy\" decoding=\"async\" width=\"300\" height=\"400\" src=\"https:\/\/oega.boku.ac.at\/wp-content\/uploads\/2025\/01\/Klein_Preis2_2016.jpg\" alt=\"\" class=\"wp-image-555 size-full\" srcset=\"https:\/\/oega.boku.ac.at\/wp-content\/uploads\/2025\/01\/Klein_Preis2_2016.jpg 300w, https:\/\/oega.boku.ac.at\/wp-content\/uploads\/2025\/01\/Klein_Preis2_2016-225x300.jpg 225w\" sizes=\"auto, (max-width: 300px) 100vw, 300px\" \/><\/figure><div class=\"wp-block-media-text__content\">\n<p>Award winner: <strong>DI Dr. Matthias Kirchner<\/strong><\/p>\n<\/div><\/div>\n\n\n\n<p>The submitted dissertation is entitled: <strong>&#8222;Integrated Impact Modelling of Climate Change and Policy Scenarios on Agriculture, Land Use Change, and Environment in Austria&#8220;<\/strong><\/p>\n\n\n\n<p>Reviewer\u2019s Appreciation:<strong> Univ.Prof. Dr. Christoph Weiss <\/strong>(Institute of Economic Policy and Industrial Organization, Vienna University of Economics and Business)<\/p>\n\n\n\n<p>The dissertation comprises extensive interdisciplinary analyses of climate change and agricultural policy scenarios and their impacts on agriculture, land use, and ecosystem services in Austria. Analyzing the effects of these key future influencing factors is of social relevance, as agriculture, despite its small contribution to Austria's economic performance, is closely linked to social, ecological, and spatial dimensions.<\/p>\n\n\n\n<p>Reflecting this multifunctionality of agriculture, an interdisciplinary approach was chosen in the dissertation to demonstrate impacts on as many dimensions as possible. The methodological focus was the development of spatially explicit, bottom-up economic models for agriculture and forestry. These models were always created with consideration for their integration into interdisciplinary model networks, such as biophysical process, crop rotation, climate, energy sector, or macroeconomic input-output models, as well as spatial analyses related to landscapes or biodiversity, and were carried out in close collaboration with many other scientists from different disciplines in order to be able to analyze research questions more comprehensively.<\/p>\n\n\n\n<p>The results of the climate change scenarios show that the economic impacts on Austrian agriculture will be positive on average by 2040, but will vary greatly across regions, particularly between the cooler and wetter west, dominated by grassland, and the warmer and drier east, characterized by arable land. Intensification often leads to a deterioration of environmental indicators (e.g., nitrogen emissions). The results of alternative policy scenarios illustrate that such trade-offs between economic indicators (e.g., GDP) and ecosystem service providers (e.g., biomass production) on the one hand, and regulating and supporting ecosystem services (e.g., climate regulation, vascular plant diversity) on the other, are often unavoidable. Participation in agri-environmental measures, in particular, significantly influences the provision of various ecosystem services. This willingness to participate could decrease due to positive climate change effects and lower agri-environmental payments. The results of the dissertation have been published in important (S)SCI journals, such as Ecological Economics and Land Use Policy, and were disseminated to relevant stakeholders in workshops.<\/p>\n\n\n\n<hr class=\"wp-block-separator has-alpha-channel-opacity\"\/>\n\n\n\n<div class=\"wp-block-media-text is-stacked-on-mobile\"><figure class=\"wp-block-media-text__media\"><img decoding=\"async\" src=\"https:\/\/web.archive.org\/web\/20240221100902im_\/https:\/\/oega.boku.ac.at\/fileadmin\/user_upload\/Tagung\/2016\/Fotos\/Kleine_Preis_2016.jpg\" alt=\"\"\/><\/figure><div class=\"wp-block-media-text__content\">\n<p>Award winner: <strong>DI<sup>in<\/sup> Magdalena Arnreither<\/strong><\/p>\n<\/div><\/div>\n\n\n\n<p><br>The submitted master\u2019s thesis is titled: <strong>\u201cRisks in the Value Chain and its Management in the Austrian Grain Industry.\u201d<\/strong><\/p>\n\n\n\n<p>Reviewer\u2019s Appreciation:<strong> O.Univ.Prof. i.R. Dr. Markus Hofreither<\/strong> (Institute for Sustainable Economic Development, BOKU University, Vienna)<\/p>\n\n\n\n<p>This master\u2019s thesis focuses on risk assessments and risk management measures in the Austrian grain industry. In addition to an in-depth analysis of the business and behavioral economic foundations of risk management, the empirical part of the thesis determined the individual perspectives of representatives of Austrian companies in the grain industry on risks and risk management measures. The results of this thesis are particularly suitable as a basis for comparing risk management within companies.<\/p>\n\n\n\n<p>The thesis, reviewed by Prof. i.R. Dr. Markus Hofreither, demonstrates how practical topics can be addressed scientifically. The master's thesis is characterized by its clear structure and precise, methodical approach.<\/p>\n<div class=\"pdfprnt-buttons pdfprnt-buttons-page pdfprnt-bottom-left\"><a href=\"https:\/\/oega.boku.ac.at\/en\/wp-json\/wp\/v2\/pages\/554?print=pdf\" class=\"pdfprnt-button pdfprnt-button-pdf\" target=\"_blank\" ><\/a><a href=\"https:\/\/oega.boku.ac.at\/en\/wp-json\/wp\/v2\/pages\/554?print=print\" class=\"pdfprnt-button pdfprnt-button-print\" target=\"_blank\" ><img decoding=\"async\" src=\"https:\/\/oega.boku.ac.at\/wp-content\/plugins\/pdf-print\/images\/print.png\" alt=\"image_print\" title=\"Print Content\" \/><span class=\"pdfprnt-button-title pdfprnt-button-print-title\">Print-Version<\/span><\/a><\/div>","protected":false},"excerpt":{"rendered":"<p>Preistr\u00e4ger: DI Dr. Matthias Kirchner Die eingereichte Dissertation hat den Titel: &#8222;Integrated Impact Modelling of Climate Change and Policy Scenarios on Agriculture, Land Use Change, and Environment in Austria&#8220; W\u00fcrdigung durch den Gutachter: Univ.Prof. Dr. Christoph Weiss (Institut f\u00fcr Volkswirtschaftspolitik und Industrie\u00f6konomik, Wirtschaftsuniversit\u00e4t Wien) Die Dissertation umfasst umfangreiche interdisziplin\u00e4re Analysen von Klimawandel- und Agrarpolitikszenarien und [&hellip;]<\/p>\n","protected":false},"author":1,"featured_media":0,"parent":39,"menu_order":0,"comment_status":"closed","ping_status":"closed","template":"","meta":{"footnotes":""},"class_list":["post-554","page","type-page","status-publish","hentry"],"_links":{"self":[{"href":"https:\/\/oega.boku.ac.at\/en\/wp-json\/wp\/v2\/pages\/554","targetHints":{"allow":["GET"]}}],"collection":[{"href":"https:\/\/oega.boku.ac.at\/en\/wp-json\/wp\/v2\/pages"}],"about":[{"href":"https:\/\/oega.boku.ac.at\/en\/wp-json\/wp\/v2\/types\/page"}],"author":[{"embeddable":true,"href":"https:\/\/oega.boku.ac.at\/en\/wp-json\/wp\/v2\/users\/1"}],"replies":[{"embeddable":true,"href":"https:\/\/oega.boku.ac.at\/en\/wp-json\/wp\/v2\/comments?post=554"}],"version-history":[{"count":2,"href":"https:\/\/oega.boku.ac.at\/en\/wp-json\/wp\/v2\/pages\/554\/revisions"}],"predecessor-version":[{"id":557,"href":"https:\/\/oega.boku.ac.at\/en\/wp-json\/wp\/v2\/pages\/554\/revisions\/557"}],"up":[{"embeddable":true,"href":"https:\/\/oega.boku.ac.at\/en\/wp-json\/wp\/v2\/pages\/39"}],"wp:attachment":[{"href":"https:\/\/oega.boku.ac.at\/en\/wp-json\/wp\/v2\/media?parent=554"}],"curies":[{"name":"wp","href":"https:\/\/api.w.org\/{rel}","templated":true}]}}