{"id":544,"date":"2025-01-29T12:49:34","date_gmt":"2025-01-29T11:49:34","guid":{"rendered":"https:\/\/oega.boku.ac.at\/?page_id=544"},"modified":"2025-01-29T12:56:38","modified_gmt":"2025-01-29T11:56:38","slug":"oega-tagung-2016","status":"publish","type":"page","link":"https:\/\/oega.boku.ac.at\/en\/tagungen\/oega-tagung-2016\/","title":{"rendered":"\u00d6GA Conference 2016"},"content":{"rendered":"<p>The <strong>26th Annual Conference of the Austrian Society for Agricultural Economics<\/strong> on the topic \"Cooperation between Research and Practice \u2013 A Key to Competitiveness and Innovation in Agriculture?\" took place on September <strong>15. <\/strong>and <strong>16, 2016 <\/strong>at the <a href=\"http:\/\/www.agrarumweltpaedagogik.ac.at\/\" target=\"_blank\" rel=\"noreferrer noopener\">University of Agricultural and Environmental Education<\/a> in Vienna.&nbsp;<\/p>\n\n\n\n<div class=\"wp-block-media-text has-media-on-the-right is-stacked-on-mobile\" style=\"grid-template-columns:auto 47%\"><div class=\"wp-block-media-text__content\">\n<ul class=\"wp-block-list\">\n<li><a href=\"https:\/\/oega.boku.ac.at\/en\/tagungsband-2016\/\" data-type=\"page\" data-id=\"562\">Papers<\/a>, presented at the conference<\/li>\n\n\n\n<li><a href=\"https:\/\/oega.boku.ac.at\/wp-content\/uploads\/2025\/01\/OEGA_TAGUNGSBAND_2016.pdf\">Conference Proceedings<\/a><\/li>\n\n\n\n<li><a href=\"https:\/\/oega.boku.ac.at\/wp-content\/uploads\/2025\/01\/Programm-OEGA_Tagung2016.pdf\">Programme<\/a><\/li>\n\n\n\n<li><a href=\"https:\/\/oega.boku.ac.at\/wp-content\/uploads\/2025\/01\/Fotos.zip\" target=\"_blank\" rel=\"noreferrer noopener\">Photos<\/a><\/li>\n\n\n\n<li><a href=\"https:\/\/oega.boku.ac.at\/en\/oega-preis\/oega-preis-2016\/\">\u00d6GA Prize 2016<\/a><\/li>\n<\/ul>\n<\/div><figure class=\"wp-block-media-text__media\"><img loading=\"lazy\" decoding=\"async\" width=\"200\" height=\"135\" src=\"https:\/\/oega.boku.ac.at\/wp-content\/uploads\/2025\/01\/logoOVeit.jpg\" alt=\"\" class=\"wp-image-548 size-full\"\/><\/figure><\/div>\n\n\n\n<h2 class=\"wp-block-heading\">Best Presentation Award<\/h2>\n\n\n\n<p>The following speakers were awarded the \u201cBest Presentation\u201d award at the conference:<\/p>\n\n\n\n<p><strong>Bernhard St\u00fcrmer <\/strong>(University of Agricultural and Environmental Education) for his presentation: <a href=\"https:\/\/oega.boku.ac.at\/wp-content\/uploads\/2025\/01\/13_Stuermer_OEGA_2016.pdf\">Biomethane from biogenic waste and agricultural residues<\/a><\/p>\n\n\n\n<p><strong>Martina Serdjuk<\/strong> (Weihenstephan-Triesdorf University of Applied Sciences), for her presentation: <a href=\"https:\/\/oega.boku.ac.at\/wp-content\/uploads\/2025\/01\/16_Serdjuk_et_al_OEGA_2016.pdf\">Economic impacts of integration of a biogas plant in a stockless organic farming system<\/a><\/p>\n\n\n\n<p><strong>Christian Willersinn <\/strong>(Agroscope Reckenholz-T\u00e4nikon), for his presentation: <a href=\"https:\/\/oega.boku.ac.at\/wp-content\/uploads\/2025\/01\/37_Willersinn_et_al_OEGA_2016.pdf\">Impacts of a loss reaction in potatoes on the sustainability of the entire value chain<\/a><\/p>\n<div class=\"pdfprnt-buttons pdfprnt-buttons-page pdfprnt-bottom-left\"><a href=\"https:\/\/oega.boku.ac.at\/en\/wp-json\/wp\/v2\/pages\/544?print=pdf\" class=\"pdfprnt-button pdfprnt-button-pdf\" target=\"_blank\" ><\/a><a href=\"https:\/\/oega.boku.ac.at\/en\/wp-json\/wp\/v2\/pages\/544?print=print\" class=\"pdfprnt-button pdfprnt-button-print\" target=\"_blank\" ><img decoding=\"async\" src=\"https:\/\/oega.boku.ac.at\/wp-content\/plugins\/pdf-print\/images\/print.png\" alt=\"image_print\" title=\"Print Content\" \/><span class=\"pdfprnt-button-title pdfprnt-button-print-title\">Print-Version<\/span><\/a><\/div>","protected":false},"excerpt":{"rendered":"<p>Die 26. Jahrestagung der \u00d6sterreichischen Gesellschaft f\u00fcr Agrar\u00f6konomie zum Thema &#8222;Kooperation von Forschung und Praxis &#8211; Ein Schl\u00fcssel f\u00fcr Wettbewerbsf\u00e4higkeit und Innovation in der Landwirtschaft?&#8220; fand am 15. und 16. September 2016 an der Hochschule f\u00fcr Agrar- und Umweltp\u00e4dagogik in Wien statt.&nbsp; Best Presentation Award Im Rahmen der Tagung wurde folgenden Vortragenden die Auszeichnung f\u00fcr [&hellip;]<\/p>\n","protected":false},"author":1,"featured_media":0,"parent":35,"menu_order":0,"comment_status":"closed","ping_status":"closed","template":"","meta":{"footnotes":""},"class_list":["post-544","page","type-page","status-publish","hentry"],"_links":{"self":[{"href":"https:\/\/oega.boku.ac.at\/en\/wp-json\/wp\/v2\/pages\/544","targetHints":{"allow":["GET"]}}],"collection":[{"href":"https:\/\/oega.boku.ac.at\/en\/wp-json\/wp\/v2\/pages"}],"about":[{"href":"https:\/\/oega.boku.ac.at\/en\/wp-json\/wp\/v2\/types\/page"}],"author":[{"embeddable":true,"href":"https:\/\/oega.boku.ac.at\/en\/wp-json\/wp\/v2\/users\/1"}],"replies":[{"embeddable":true,"href":"https:\/\/oega.boku.ac.at\/en\/wp-json\/wp\/v2\/comments?post=544"}],"version-history":[{"count":3,"href":"https:\/\/oega.boku.ac.at\/en\/wp-json\/wp\/v2\/pages\/544\/revisions"}],"predecessor-version":[{"id":619,"href":"https:\/\/oega.boku.ac.at\/en\/wp-json\/wp\/v2\/pages\/544\/revisions\/619"}],"up":[{"embeddable":true,"href":"https:\/\/oega.boku.ac.at\/en\/wp-json\/wp\/v2\/pages\/35"}],"wp:attachment":[{"href":"https:\/\/oega.boku.ac.at\/en\/wp-json\/wp\/v2\/media?parent=544"}],"curies":[{"name":"wp","href":"https:\/\/api.w.org\/{rel}","templated":true}]}}