{"id":501,"date":"2025-01-25T20:01:21","date_gmt":"2025-01-25T19:01:21","guid":{"rendered":"https:\/\/oega.boku.ac.at\/?page_id=501"},"modified":"2025-01-25T20:01:33","modified_gmt":"2025-01-25T19:01:33","slug":"oega-tagung-2019","status":"publish","type":"page","link":"https:\/\/oega.boku.ac.at\/en\/tagungen\/oega-tagung-2019\/","title":{"rendered":"\u00d6GA Conference 2019"},"content":{"rendered":"<p>The <strong>The 29th Annual Conference of the Austrian Society for Agricultural Economics<\/strong> on the topic of <strong><em>\u201cPerspectives on Value-Based Value Chains\u201d<\/em><\/strong> took place on September 19 and 20, 2019, at the University of Innsbruck.<\/p>\n\n\n\n<div class=\"wp-block-media-text is-stacked-on-mobile\" style=\"grid-template-columns:47% auto\"><figure class=\"wp-block-media-text__media\"><img loading=\"lazy\" decoding=\"async\" width=\"300\" height=\"169\" src=\"https:\/\/oega.boku.ac.at\/wp-content\/uploads\/2025\/01\/Goldenes-Dachl-KLEIN.jpg\" alt=\"\" class=\"wp-image-503 size-full\"\/><\/figure><div class=\"wp-block-media-text__content\">\n<p><a href=\"https:\/\/oega.boku.ac.at\/wp-content\/uploads\/2025\/01\/OEGA2019_TAGUNGSBAND_Fin.pdf\">Conference Proceedings<\/a><\/p>\n\n\n\n<p><a href=\"https:\/\/oega.boku.ac.at\/wp-content\/uploads\/2025\/01\/Programm-OEGA_2019_Tagung_green.pdf\">Conference programme<\/a> (state: 2019-09-11)<\/p>\n\n\n\n<p><a href=\"https:\/\/oega.boku.ac.at\/wp-content\/uploads\/2025\/01\/Exkursion_Programm-OEGA_Tagung-2019.pdf\">Excursion programme<\/a><\/p>\n<\/div><\/div>\n\n\n\n<div class=\"wp-block-media-text is-stacked-on-mobile\" style=\"grid-template-columns:47% auto\"><figure class=\"wp-block-media-text__media\"><img loading=\"lazy\" decoding=\"async\" width=\"300\" height=\"118\" src=\"https:\/\/oega.boku.ac.at\/wp-content\/uploads\/2025\/01\/Universitaet-innsbruck-logo-rgb-farbe-KLEIN.jpg\" alt=\"\" class=\"wp-image-502 size-full\"\/><\/figure><div class=\"wp-block-media-text__content\">\n<p>Contact: <a href=\"mailto:oega_tagung@boku.ac.at\">oega_tagung@boku.ac.at<\/a><\/p>\n<\/div><\/div>\n\n\n\n<h2 class=\"wp-block-heading\">Best Presentation Award<\/h2>\n\n\n\n<p>The following speakers were awarded the \u201cBest Presentation\u201d award at the conference:<\/p>\n\n\n\n<p><strong>Jan-Hendrik Buhk <\/strong>(Christian-Albrechts University of Kiel), for his presentation: <a href=\"https:\/\/oega.boku.ac.at\/wp-content\/uploads\/2025\/01\/26_51_Buhk_et_al_OEGA_Shortpaper2019.pdf\">Nitrate Directive and Manure Allocation: Consequences of Changing Storage Capacity<\/a><\/p>\n\n\n\n<p><strong>Michael Braito <\/strong>(BOKU University, Vienna), for his presentation: <a href=\"https:\/\/oega.boku.ac.at\/wp-content\/uploads\/2025\/01\/02_07_Braito_et_al_OEGA_Shortpaper2019.pdf\">Characterising crop farmers\u2019 viewpoints on soil management<\/a><\/p>\n\n\n\n<p><strong>Marius Michels <\/strong>(Georg-August University of G\u00f6ttingen), for his presentation: <a href=\"https:\/\/oega.boku.ac.at\/wp-content\/uploads\/2025\/01\/43_02_Michels_et_al_OEGA_Shortpaper2019.pdf\">Sustainability in crop protection &#8211; Willingness to pay for crop protection smartphone apps<\/a><\/p>\n\n\n\n<h2 class=\"wp-block-heading\">Green Event<\/h2>\n\n\n\n<p>The conference met all requirements for a<strong> &#8222;Green Event&#8220;<\/strong> and was certified (<a href=\"https:\/\/oega.boku.ac.at\/wp-content\/uploads\/2025\/01\/Urkunde_.pdf\">certificate<\/a>). What is a Green Event? Green events consider environmental and sustainability aspects throughout their organization: They pay particular attention to climate-friendly mobility and nutrition, conserve resources and waste, and place great emphasis on communication and social participation.<\/p>\n\n\n\n<div class=\"wp-block-media-text has-media-on-the-right is-stacked-on-mobile\" style=\"grid-template-columns:auto 25%\"><div class=\"wp-block-media-text__content\">\n<p>Information about Green Events Tirol can be found at <a href=\"https:\/\/www.greenevents-tirol.at\/de\/\" target=\"_blank\" rel=\"noreferrer noopener\">https:\/\/www.greenevents-tirol.at\/de\/<\/a><\/p>\n<\/div><figure class=\"wp-block-media-text__media\"><img loading=\"lazy\" decoding=\"async\" width=\"1024\" height=\"952\" src=\"https:\/\/oega.boku.ac.at\/wp-content\/uploads\/2025\/01\/going_green_2019-1024x952.png\" alt=\"\" class=\"wp-image-504 size-full\" srcset=\"https:\/\/oega.boku.ac.at\/wp-content\/uploads\/2025\/01\/going_green_2019-1024x952.png 1024w, https:\/\/oega.boku.ac.at\/wp-content\/uploads\/2025\/01\/going_green_2019-300x279.png 300w, https:\/\/oega.boku.ac.at\/wp-content\/uploads\/2025\/01\/going_green_2019-768x714.png 768w, https:\/\/oega.boku.ac.at\/wp-content\/uploads\/2025\/01\/going_green_2019.png 1181w\" sizes=\"auto, (max-width: 1024px) 100vw, 1024px\" \/><\/figure><\/div>\n<div class=\"pdfprnt-buttons pdfprnt-buttons-page pdfprnt-bottom-left\"><a href=\"https:\/\/oega.boku.ac.at\/en\/wp-json\/wp\/v2\/pages\/501?print=pdf\" class=\"pdfprnt-button pdfprnt-button-pdf\" target=\"_blank\" ><\/a><a href=\"https:\/\/oega.boku.ac.at\/en\/wp-json\/wp\/v2\/pages\/501?print=print\" class=\"pdfprnt-button pdfprnt-button-print\" target=\"_blank\" ><img decoding=\"async\" src=\"https:\/\/oega.boku.ac.at\/wp-content\/plugins\/pdf-print\/images\/print.png\" alt=\"image_print\" title=\"Print Content\" \/><span class=\"pdfprnt-button-title pdfprnt-button-print-title\">Print-Version<\/span><\/a><\/div>","protected":false},"excerpt":{"rendered":"<p>Die 29. Jahrestagung der \u00d6sterreichischen Gesellschaft f\u00fcr Agrar\u00f6konomie zum Thema \u201ePerspektiven wertebasierter Wertsch\u00f6pfungsketten\u201c fand am 19. und 20. September 2019 an der Universit\u00e4t Innsbruck statt. Tagungsband Tagungsprogramm (Stand: 11. September 2019) Exkursionsprogramm Kontaktadresse: oega_tagung@boku.ac.at Best Presentation Award Im Rahmen der Tagung wurde folgenden Vortragenden die Auszeichnung f\u00fcr die &#8222;Best Presentation&#8220; vergeben: Jan-Hendrik Buhk (Christian-Albrechts-Universit\u00e4t zu [&hellip;]<\/p>\n","protected":false},"author":1,"featured_media":0,"parent":35,"menu_order":0,"comment_status":"closed","ping_status":"closed","template":"","meta":{"footnotes":""},"class_list":["post-501","page","type-page","status-publish","hentry"],"_links":{"self":[{"href":"https:\/\/oega.boku.ac.at\/en\/wp-json\/wp\/v2\/pages\/501","targetHints":{"allow":["GET"]}}],"collection":[{"href":"https:\/\/oega.boku.ac.at\/en\/wp-json\/wp\/v2\/pages"}],"about":[{"href":"https:\/\/oega.boku.ac.at\/en\/wp-json\/wp\/v2\/types\/page"}],"author":[{"embeddable":true,"href":"https:\/\/oega.boku.ac.at\/en\/wp-json\/wp\/v2\/users\/1"}],"replies":[{"embeddable":true,"href":"https:\/\/oega.boku.ac.at\/en\/wp-json\/wp\/v2\/comments?post=501"}],"version-history":[{"count":1,"href":"https:\/\/oega.boku.ac.at\/en\/wp-json\/wp\/v2\/pages\/501\/revisions"}],"predecessor-version":[{"id":512,"href":"https:\/\/oega.boku.ac.at\/en\/wp-json\/wp\/v2\/pages\/501\/revisions\/512"}],"up":[{"embeddable":true,"href":"https:\/\/oega.boku.ac.at\/en\/wp-json\/wp\/v2\/pages\/35"}],"wp:attachment":[{"href":"https:\/\/oega.boku.ac.at\/en\/wp-json\/wp\/v2\/media?parent=501"}],"curies":[{"name":"wp","href":"https:\/\/api.w.org\/{rel}","templated":true}]}}