{"id":496,"date":"2025-01-25T19:49:16","date_gmt":"2025-01-25T18:49:16","guid":{"rendered":"https:\/\/oega.boku.ac.at\/?page_id=496"},"modified":"2025-01-25T19:49:36","modified_gmt":"2025-01-25T18:49:36","slug":"oega-tagung-2020","status":"publish","type":"page","link":"https:\/\/oega.boku.ac.at\/en\/tagungen\/oega-tagung-2020\/","title":{"rendered":"\u00d6GA Conference 2020"},"content":{"rendered":"<p>The <strong>Austrian Society for Agricultural Economics (\u00d6GA) <\/strong>and the <strong>Department of Economics and Social Sciences at BOKU University<\/strong>, under the leadership of the <strong>Institute of Agricultural and Forest Economics<\/strong>are pleased with the successful outcome of this year's \u00d6GA Annual Conference, which was held <strong>online <\/strong>for the first time. The \u00d6GA welcomed 98 participants from eight different countries to a total of nine research forums, one workshop, and two plenary lectures.<\/p>\n\n\n\n<div class=\"wp-block-media-text is-stacked-on-mobile\"><figure class=\"wp-block-media-text__media\"><img loading=\"lazy\" decoding=\"async\" width=\"240\" height=\"180\" src=\"https:\/\/oega.boku.ac.at\/wp-content\/uploads\/2025\/01\/guttenbergH_klein-1.jpg\" alt=\"\" class=\"wp-image-497 size-full\"\/><\/figure><div class=\"wp-block-media-text__content\">\n<p>Guttenberg Haus (CC BY-ND 2.0) by Martin Gerzabek @ www.flickr.com<\/p>\n<\/div><\/div>\n\n\n\n<p>Achieving climate neutrality for Europe by 2050 is a central goal of the \"European Green Deal\" proposed by the European Commission in December 2019. To achieve this goal, the European Commission is proposing a comprehensive, staggered package of measures. Investments in green technologies and the development of sustainable concepts offer new opportunities for companies and form the basis for Europe's new growth strategy. The European Green Deal encompasses all economic sectors. Its design and financing therefore pose a major challenge for both rural areas and the agricultural and food sector. Beyond existing programs, it is important to develop sustainable strategies, particularly in the areas of climate protection, biodiversity, and food supply, and to implement them in the form of concrete measures. Sustainable concepts such as the circular economy, as well as the introduction and implementation of social innovations, are likely to be of key importance in this regard.<\/p>\n\n\n\n<p>A particular highlight of the conference were the two high-profile plenary lectures: <strong>Dr. Wolfgang Burtscher<\/strong>, Director-General of the European Commission\u2019s Directorate-General for Agriculture and Rural Development, delivered his presentation on the topic of \u201cGreen Deal \u2013 Strategies of the Common Agricultural Policy\u201d. <strong>Dr. Sebastian Lakner<\/strong>, Professor of Agricultural Economics at the University of Rostock, addressed the topic \u201cWhat can the EU's Common Agricultural Policy (CAP) contribute to biodiversity conservation?\u201d<\/p>\n\n\n\n<p><strong>Documents:<br><\/strong><a href=\"https:\/\/oega.boku.ac.at\/wp-content\/uploads\/2025\/01\/OEGA_Tagungsband_2020.pdf\">Proceedings | 30th \u00d6GA Annual Conference<\/a><br><a href=\"https:\/\/oega.boku.ac.at\/wp-content\/uploads\/2025\/01\/Programm-OeGA_2020_fin_14092020.pdf\">Programme | 30th \u00d6GA Annual Conference<\/a><em> (state: 2020-09-14)<\/em><\/p>\n\n\n\n<p>If you have any questions, please contact us at <a href=\"mailto:oega_tagung@boku.ac.at\">oega_tagung@boku.ac.at<\/a><\/p>\n\n\n\n<p><\/p>\n<div class=\"pdfprnt-buttons pdfprnt-buttons-page pdfprnt-bottom-left\"><a href=\"https:\/\/oega.boku.ac.at\/en\/wp-json\/wp\/v2\/pages\/496?print=pdf\" class=\"pdfprnt-button pdfprnt-button-pdf\" target=\"_blank\" ><\/a><a href=\"https:\/\/oega.boku.ac.at\/en\/wp-json\/wp\/v2\/pages\/496?print=print\" class=\"pdfprnt-button pdfprnt-button-print\" target=\"_blank\" ><img decoding=\"async\" src=\"https:\/\/oega.boku.ac.at\/wp-content\/plugins\/pdf-print\/images\/print.png\" alt=\"image_print\" title=\"Print Content\" \/><span class=\"pdfprnt-button-title pdfprnt-button-print-title\">Print-Version<\/span><\/a><\/div>","protected":false},"excerpt":{"rendered":"<p>Die \u00d6sterreichische Gesellschaft f\u00fcr Agrar\u00f6konomie (\u00d6GA) und das Department f\u00fcr Wirtschafts- und Sozialwissenschaften der BOKU, unter Federf\u00fchrung des Instituts f\u00fcr Agrar- und Forst\u00f6konomie, freuen sich \u00fcber den erfolgreichen Ablauf der diesj\u00e4hrigen \u00d6GA-Jahrestagung, welche zum ersten Mal als Online-Konferenz stattgefunden hat. Die \u00d6GA durfte 98 TeilnehmerInnen aus 8 verschiedenen L\u00e4ndern in insgesamt neun Forschungsforen, einem Workshop [&hellip;]<\/p>\n","protected":false},"author":1,"featured_media":0,"parent":35,"menu_order":0,"comment_status":"closed","ping_status":"closed","template":"","meta":{"footnotes":""},"class_list":["post-496","page","type-page","status-publish","hentry"],"_links":{"self":[{"href":"https:\/\/oega.boku.ac.at\/en\/wp-json\/wp\/v2\/pages\/496","targetHints":{"allow":["GET"]}}],"collection":[{"href":"https:\/\/oega.boku.ac.at\/en\/wp-json\/wp\/v2\/pages"}],"about":[{"href":"https:\/\/oega.boku.ac.at\/en\/wp-json\/wp\/v2\/types\/page"}],"author":[{"embeddable":true,"href":"https:\/\/oega.boku.ac.at\/en\/wp-json\/wp\/v2\/users\/1"}],"replies":[{"embeddable":true,"href":"https:\/\/oega.boku.ac.at\/en\/wp-json\/wp\/v2\/comments?post=496"}],"version-history":[{"count":1,"href":"https:\/\/oega.boku.ac.at\/en\/wp-json\/wp\/v2\/pages\/496\/revisions"}],"predecessor-version":[{"id":500,"href":"https:\/\/oega.boku.ac.at\/en\/wp-json\/wp\/v2\/pages\/496\/revisions\/500"}],"up":[{"embeddable":true,"href":"https:\/\/oega.boku.ac.at\/en\/wp-json\/wp\/v2\/pages\/35"}],"wp:attachment":[{"href":"https:\/\/oega.boku.ac.at\/en\/wp-json\/wp\/v2\/media?parent=496"}],"curies":[{"name":"wp","href":"https:\/\/api.w.org\/{rel}","templated":true}]}}