{"id":490,"date":"2025-01-25T19:46:33","date_gmt":"2025-01-25T18:46:33","guid":{"rendered":"https:\/\/oega.boku.ac.at\/?page_id=490"},"modified":"2025-01-25T19:46:44","modified_gmt":"2025-01-25T18:46:44","slug":"oega-tagung-2021","status":"publish","type":"page","link":"https:\/\/oega.boku.ac.at\/en\/tagungen\/oega-tagung-2021\/","title":{"rendered":"\u00d6GA Conference 2021"},"content":{"rendered":"<p>The <strong>Austrian Society for Agricultural Economics (\u00d6GA) <\/strong>and the <strong>Department of Economics and Social Sciences at BOKU University<\/strong>, under the leadership of the <strong>Institute of Agricultural and Forest Economics<\/strong>are pleased with the successful outcome of this year's \u00d6GA Annual Conference, which took place <strong>online <\/strong>for the second time. The \u00d6GA welcomed 125 participants from six different countries to a total of fourteen research forums, three workshops, and two plenary lectures.<\/p>\n\n\n\n<div class=\"wp-block-media-text is-stacked-on-mobile\"><figure class=\"wp-block-media-text__media\"><img loading=\"lazy\" decoding=\"async\" width=\"240\" height=\"180\" src=\"https:\/\/oega.boku.ac.at\/wp-content\/uploads\/2025\/01\/guttenbergH_klein.jpg\" alt=\"\" class=\"wp-image-491 size-full\"\/><\/figure><div class=\"wp-block-media-text__content\">\n<p>Guttenberg Haus (CC BY-ND 2.0) by Martin Gerzabek @ www.flickr.com<\/p>\n<\/div><\/div>\n\n\n\n<p>The <strong>31st \u00d6GA Annual Conference<\/strong> took place on September 16 and 17, 2021, on the general topic of <strong>\u201cStrategies for the Agricultural and Food Sector and Rural Areas in Times of Multiple Crises\u201d.<\/strong> The global coronavirus pandemic, which has been ongoing since the beginning of 2020, affects all areas of life and, through its health risks, triggers economic, social, and psychological crises whose extent is as yet unfathomable. While existing crises such as advancing climate change and the destruction of habitats and ecosystems, which are driven by our economic system and lifestyle, are currently receding into the background, existing social inequalities are becoming even more visible. In order to address multiple crises, current forms of economic activity and consumption, as well as our approach to the environment, must also be questioned. The experiences and insights of the past year can be seen as an impetus for transforming the agricultural and food sector and for shaping rural areas towards more resilient systems. Coping strategies in (agricultural) policy and at all levels of social and economic action should address the following questions: How are the recent crises changing existing agricultural and food systems (e.g., the dependence of agricultural production and processing sectors on foreign workers)? What opportunities and risks arise with regard to transformation processes already initiated (e.g., CO2 reduction, energy sector)? What role do the individual actors along the value chain play, as well as the state with its regained and recognized role of economic management? What significance does science have for the analysis and management of crises?<\/p>\n\n\n\n<p>The conference highlights were the two high-profile plenary lectures: <strong>Dr. Ika Darnhofer <\/strong>(BOKU University, Vienna) addressed the topic \u201cCrises from a Resilience Perspective.\u201d <strong>Prof. Peter Feindt <\/strong>(Humboldt University of Berlin) delivered his lecture on \u201cThe Crises of Agricultural Policy \u2013 \u200b\u200bResilience and Reflexivity as Perspectives for Analysis and Design\u201d.<\/p>\n\n\n\n<p><strong>DOWNLOADS:<\/strong><\/p>\n\n\n\n<p><a href=\"https:\/\/oega.boku.ac.at\/wp-content\/uploads\/2025\/01\/OEGA-TAGUNGSBAND_2021.pdf\">Conference Proceedings 2021<\/a><\/p>\n\n\n\n<p><a href=\"https:\/\/oega.boku.ac.at\/wp-content\/uploads\/2025\/01\/Programm-OeGA_2021_fin_13.09.21.pdf\">Programme | 31st \u00d6GA Annual Conference<\/a><em> (state: 2021-09-13)<\/em><\/p>\n\n\n\n<p><a href=\"https:\/\/oega.boku.ac.at\/wp-content\/uploads\/2025\/01\/OEGA-Zeitplan_2021.pdf\">Conference Schedule 2021<\/a><\/p>\n\n\n\n<h2 class=\"wp-block-heading\">Contact<\/h2>\n\n\n\n<p>If you have any questions, please contact us at <a href=\"https:\/\/web.archive.org\/web\/20240221093932\/mailto:oega_tagung@boku.ac.at\">oega_tagung@boku.ac.at<\/a> or by calling +43\/1\/47654 _73300.<\/p>\n\n\n\n<p><\/p>\n<div class=\"pdfprnt-buttons pdfprnt-buttons-page pdfprnt-bottom-left\"><a href=\"https:\/\/oega.boku.ac.at\/en\/wp-json\/wp\/v2\/pages\/490?print=pdf\" class=\"pdfprnt-button pdfprnt-button-pdf\" target=\"_blank\" ><\/a><a href=\"https:\/\/oega.boku.ac.at\/en\/wp-json\/wp\/v2\/pages\/490?print=print\" class=\"pdfprnt-button pdfprnt-button-print\" target=\"_blank\" ><img decoding=\"async\" src=\"https:\/\/oega.boku.ac.at\/wp-content\/plugins\/pdf-print\/images\/print.png\" alt=\"image_print\" title=\"Print Content\" \/><span class=\"pdfprnt-button-title pdfprnt-button-print-title\">Print-Version<\/span><\/a><\/div>","protected":false},"excerpt":{"rendered":"<p>Die \u00d6sterreichische Gesellschaft f\u00fcr Agrar\u00f6konomie (\u00d6GA) und das Department f\u00fcr Wirtschafts- und Sozialwissenschaften der BOKU, unter Federf\u00fchrung des Instituts f\u00fcr Agrar- und Forst\u00f6konomie, freuen sich \u00fcber den erfolgreichen Ablauf der diesj\u00e4hrigen \u00d6GA-Jahrestagung, welche zum 2. Mal als Online-Konferenz stattgefunden hat. Die \u00d6GA durfte 125 TeilnehmerInnen aus 6 verschiedenen L\u00e4ndern in insgesamt vierzehn Forschungsforen, drei Workshops [&hellip;]<\/p>\n","protected":false},"author":1,"featured_media":0,"parent":35,"menu_order":0,"comment_status":"closed","ping_status":"closed","template":"","meta":{"footnotes":""},"class_list":["post-490","page","type-page","status-publish","hentry"],"_links":{"self":[{"href":"https:\/\/oega.boku.ac.at\/en\/wp-json\/wp\/v2\/pages\/490","targetHints":{"allow":["GET"]}}],"collection":[{"href":"https:\/\/oega.boku.ac.at\/en\/wp-json\/wp\/v2\/pages"}],"about":[{"href":"https:\/\/oega.boku.ac.at\/en\/wp-json\/wp\/v2\/types\/page"}],"author":[{"embeddable":true,"href":"https:\/\/oega.boku.ac.at\/en\/wp-json\/wp\/v2\/users\/1"}],"replies":[{"embeddable":true,"href":"https:\/\/oega.boku.ac.at\/en\/wp-json\/wp\/v2\/comments?post=490"}],"version-history":[{"count":1,"href":"https:\/\/oega.boku.ac.at\/en\/wp-json\/wp\/v2\/pages\/490\/revisions"}],"predecessor-version":[{"id":495,"href":"https:\/\/oega.boku.ac.at\/en\/wp-json\/wp\/v2\/pages\/490\/revisions\/495"}],"up":[{"embeddable":true,"href":"https:\/\/oega.boku.ac.at\/en\/wp-json\/wp\/v2\/pages\/35"}],"wp:attachment":[{"href":"https:\/\/oega.boku.ac.at\/en\/wp-json\/wp\/v2\/media?parent=490"}],"curies":[{"name":"wp","href":"https:\/\/api.w.org\/{rel}","templated":true}]}}