{"id":486,"date":"2025-01-25T19:37:02","date_gmt":"2025-01-25T18:37:02","guid":{"rendered":"https:\/\/oega.boku.ac.at\/?page_id=486"},"modified":"2025-01-25T19:37:18","modified_gmt":"2025-01-25T18:37:18","slug":"oega-tagung-2022","status":"publish","type":"page","link":"https:\/\/oega.boku.ac.at\/en\/tagungen\/oega-tagung-2022\/","title":{"rendered":"\u00d6GA Conference 2022"},"content":{"rendered":"<p>The<strong> 32nd \u00d6GA Annual Conference<\/strong> took place jointly with the <strong>Slovenian Association of Agricultural Economists (DAES)<\/strong> from September 22-23, 2022, at the University of Ljubljana, Biotechnical Faculty, Jamnikarjeva 101, Ljubljana, Slovenia. The conference theme was <strong>\u201cSocietal Changes and Their Implications on Agri-Food Systems and Rural Areas\u201d.<\/strong><\/p>\n\n\n\n<p>Contributions from all areas related to the agricultural and food sector and rural areas were welcome, particularly those related to the conference theme.<\/p>\n\n\n\n<p><strong>Further information <\/strong>about the conference can be found at <strong><a href=\"http:\/\/www.daes.si\/\" target=\"_blank\" rel=\"noreferrer noopener\">www.daes.si<\/a><\/strong><\/p>\n\n\n\n<h2 class=\"wp-block-heading\">Downloads<\/h2>\n\n\n\n<p><a href=\"https:\/\/oega.boku.ac.at\/wp-content\/uploads\/2025\/01\/DAES-OEGA_2022_Programme_fin_halls_chairs.pdf\">Programme of the \u00d6GA-DAES Conference 2022, including information about the excursion<\/a><\/p>\n\n\n\n<p><a href=\"https:\/\/oega.boku.ac.at\/wp-content\/uploads\/2025\/01\/tagungsband_DAES_OEGA_2022.pdf\">Conference Proceedings<\/a><\/p>\n\n\n\n<p><\/p>\n<div class=\"pdfprnt-buttons pdfprnt-buttons-page pdfprnt-bottom-left\"><a href=\"https:\/\/oega.boku.ac.at\/en\/wp-json\/wp\/v2\/pages\/486?print=pdf\" class=\"pdfprnt-button pdfprnt-button-pdf\" target=\"_blank\" ><\/a><a href=\"https:\/\/oega.boku.ac.at\/en\/wp-json\/wp\/v2\/pages\/486?print=print\" class=\"pdfprnt-button pdfprnt-button-print\" target=\"_blank\" ><img decoding=\"async\" src=\"https:\/\/oega.boku.ac.at\/wp-content\/plugins\/pdf-print\/images\/print.png\" alt=\"image_print\" title=\"Print Content\" \/><span class=\"pdfprnt-button-title pdfprnt-button-print-title\">Print-Version<\/span><\/a><\/div>","protected":false},"excerpt":{"rendered":"<p>Die 32. \u00d6GA-Jahrestagung fand gemeinsam mit der Slovenian Association of Agricultural Economists (DAES) vom 22.-23. September 2022 an der Universit\u00e4t Ljubljana, Biotechnical Faculty, Jamnikarjeva 101, Ljubljana (Slowenien) statt. Das Tagungsthema lautete Societal changes and their implications on agri-food systems and rural areas. Grunds\u00e4tzlich waren Beitr\u00e4ge aus allen Bereichen mit Bezug zur Agrar- und Ern\u00e4hrungswirtschaft und [&hellip;]<\/p>\n","protected":false},"author":1,"featured_media":0,"parent":35,"menu_order":0,"comment_status":"closed","ping_status":"closed","template":"","meta":{"footnotes":""},"class_list":["post-486","page","type-page","status-publish","hentry"],"_links":{"self":[{"href":"https:\/\/oega.boku.ac.at\/en\/wp-json\/wp\/v2\/pages\/486","targetHints":{"allow":["GET"]}}],"collection":[{"href":"https:\/\/oega.boku.ac.at\/en\/wp-json\/wp\/v2\/pages"}],"about":[{"href":"https:\/\/oega.boku.ac.at\/en\/wp-json\/wp\/v2\/types\/page"}],"author":[{"embeddable":true,"href":"https:\/\/oega.boku.ac.at\/en\/wp-json\/wp\/v2\/users\/1"}],"replies":[{"embeddable":true,"href":"https:\/\/oega.boku.ac.at\/en\/wp-json\/wp\/v2\/comments?post=486"}],"version-history":[{"count":1,"href":"https:\/\/oega.boku.ac.at\/en\/wp-json\/wp\/v2\/pages\/486\/revisions"}],"predecessor-version":[{"id":489,"href":"https:\/\/oega.boku.ac.at\/en\/wp-json\/wp\/v2\/pages\/486\/revisions\/489"}],"up":[{"embeddable":true,"href":"https:\/\/oega.boku.ac.at\/en\/wp-json\/wp\/v2\/pages\/35"}],"wp:attachment":[{"href":"https:\/\/oega.boku.ac.at\/en\/wp-json\/wp\/v2\/media?parent=486"}],"curies":[{"name":"wp","href":"https:\/\/api.w.org\/{rel}","templated":true}]}}