{"id":44,"date":"2024-12-22T22:49:13","date_gmt":"2024-12-22T21:49:13","guid":{"rendered":"https:\/\/oega.boku.ac.at\/?page_id=44"},"modified":"2025-03-29T10:04:48","modified_gmt":"2025-03-29T09:04:48","slug":"impressum","status":"publish","type":"page","link":"https:\/\/oega.boku.ac.at\/en\/impressum\/","title":{"rendered":"Imprint"},"content":{"rendered":"<p><strong>\u00d6GA \u2013 \u00d6sterreichische Gesellschaft f\u00fcr Agrar\u00f6konomie<\/strong><br><\/p>\n\n\n\n<p>Feistmantelstr. 4<br>1180 Wien ( Vienna )<br>Austria<\/p>\n\n\n\n<p>Tel. +43\/ 1 476 54 \u2013 73300<br>Fax. +43\/ 1 476 54 \u2013 73309<\/p>\n\n\n\n<p><strong>ZVR |<\/strong> 493337126<\/p>\n\n\n\n<hr class=\"wp-block-separator has-alpha-channel-opacity\"\/>\n\n\n\n<p><strong>Official Representatives<\/strong><br><br>Jochen Kantelhardt<br><em>President<\/em><\/p>\n\n\n\n<hr class=\"wp-block-separator has-alpha-channel-opacity\"\/>\n\n\n\n<p><strong>General Data Protection Regulation &amp; legal notes<\/strong><br>Detailled information (in Geman only) you can find <a href=\"\/en\/cookies-datenschutz\/\">\u00bbhere<\/a>.<\/p>\n\n\n\n<hr class=\"wp-block-separator has-alpha-channel-opacity\"\/>\n\n\n\n<p><\/p>\n<div class=\"pdfprnt-buttons pdfprnt-buttons-page pdfprnt-bottom-left\"><a href=\"https:\/\/oega.boku.ac.at\/en\/wp-json\/wp\/v2\/pages\/44?print=pdf\" class=\"pdfprnt-button pdfprnt-button-pdf\" target=\"_blank\" ><\/a><a href=\"https:\/\/oega.boku.ac.at\/en\/wp-json\/wp\/v2\/pages\/44?print=print\" class=\"pdfprnt-button pdfprnt-button-print\" target=\"_blank\" ><img decoding=\"async\" src=\"https:\/\/oega.boku.ac.at\/wp-content\/plugins\/pdf-print\/images\/print.png\" alt=\"image_print\" title=\"Print Content\" \/><span class=\"pdfprnt-button-title pdfprnt-button-print-title\">Print-Version<\/span><\/a><\/div>","protected":false},"excerpt":{"rendered":"","protected":false},"author":1,"featured_media":0,"parent":0,"menu_order":0,"comment_status":"closed","ping_status":"closed","template":"","meta":{"footnotes":""},"class_list":["post-44","page","type-page","status-publish","hentry"],"_links":{"self":[{"href":"https:\/\/oega.boku.ac.at\/en\/wp-json\/wp\/v2\/pages\/44","targetHints":{"allow":["GET"]}}],"collection":[{"href":"https:\/\/oega.boku.ac.at\/en\/wp-json\/wp\/v2\/pages"}],"about":[{"href":"https:\/\/oega.boku.ac.at\/en\/wp-json\/wp\/v2\/types\/page"}],"author":[{"embeddable":true,"href":"https:\/\/oega.boku.ac.at\/en\/wp-json\/wp\/v2\/users\/1"}],"replies":[{"embeddable":true,"href":"https:\/\/oega.boku.ac.at\/en\/wp-json\/wp\/v2\/comments?post=44"}],"version-history":[{"count":12,"href":"https:\/\/oega.boku.ac.at\/en\/wp-json\/wp\/v2\/pages\/44\/revisions"}],"predecessor-version":[{"id":1377,"href":"https:\/\/oega.boku.ac.at\/en\/wp-json\/wp\/v2\/pages\/44\/revisions\/1377"}],"wp:attachment":[{"href":"https:\/\/oega.boku.ac.at\/en\/wp-json\/wp\/v2\/media?parent=44"}],"curies":[{"name":"wp","href":"https:\/\/api.w.org\/{rel}","templated":true}]}}