{"id":41,"date":"2024-12-22T22:46:03","date_gmt":"2024-12-22T21:46:03","guid":{"rendered":"https:\/\/oega.boku.ac.at\/?page_id=41"},"modified":"2025-03-29T12:12:51","modified_gmt":"2025-03-29T11:12:51","slug":"ueber-uns","status":"publish","type":"page","link":"https:\/\/oega.boku.ac.at\/en\/ueber-uns\/","title":{"rendered":"About us"},"content":{"rendered":"<p>The <em><strong>Austrian Society for Agricultural Economics <\/strong>( \u00d6GA )<\/em> is an academic society founded in Vienna in December 1990.<\/p>\n\n\n\n<h3 class=\"wp-block-heading\">Goals &amp; Tasks<\/h3>\n\n\n\n<p>The \u00d6GA sees itself as an institutionalized forum for the social, political, and economic scientific discussion of issues relating to the agricultural sector. It aims to improve communication among academics, foster the exchange of experiences, opinions, and ideas, and encourage the intensification of contacts within its professional community.<\/p>\n\n\n\n<p>Accordingly, this academic society is conceived as a legal entity intended to facilitate the presentation of new research results and the discussion of methodological issues.<\/p>\n\n\n\n<p>To this end, the \u00d6GA stimulates public interest in agricultural economic research, organizes conferences, publishes relevant works, and recognizes outstanding academic achievements by younger researchers.<\/p>\n\n\n\n<p>The \u00d6GA aims to reach as many people as possible who are confronted with agricultural economic issues in theory and practice.<\/p>\n\n\n\n<p>This means that the \u00d6GA\u2019s target audience is all academics working on agricultural economics issues in the broadest sense. These primarily include the following academic disciplines: agricultural economics, agricultural marketing, agricultural structural research, agricultural law, agricultural and food policy, agricultural history, agricultural geography, agricultural systems analysis, food economics, agro-food studies, rural and agricultural sociology, rural regional and spatial research, agricultural business administration, and regional, resource, and environmental economics.<\/p>\n\n\n\n<h3 class=\"wp-block-heading\">Organization &amp; Structure<\/h3>\n\n\n\n<p>To efficiently manage its tasks, the \u00d6GA is organized into three levels.<\/p>\n\n\n\n<p>The General Assembly is responsible for the fundamental decision-making of the association. This means that it elects the association's bodies, decides on the discharge of the Executive Board, sets membership fees, and approves any amendments to the statutes.<\/p>\n\n\n\n<p>The eight- to 15-member Board of Directors, elected for a two-year term, is responsible for implementing the resolutions of the General Assembly and taking measures to achieve the association's purpose.<\/p>\n\n\n\n<p>A five-member Executive Committee is appointed to implement the Board's resolutions and manage the association's day-to-day business. It consists of the President of the Association, his\/her two deputies, the Treasurer, and the Managing Director.<\/p>\n\n\n\n<h3 class=\"wp-block-heading\">Membership Fees &amp; Services<\/h3>\n\n\n\n<p>In order to operate, the \u00d6GA requires financial resources, which are raised, among other things, through the contributions of its more than 120 members. The membership fee includes free subscription to the Austrian Journal of Agricultural Economics and Rural Studies.<\/p>\n\n\n\n<h3 class=\"wp-block-heading\">Personalia<\/h3>\n\n\n\n<p><em>The following officials are responsible for managing the \u00d6GA's day-to-day business and representing it externally:<\/em><\/p>\n\n\n\n<div style=\"height:10px\" aria-hidden=\"true\" class=\"wp-block-spacer\"><\/div>\n\n\n\n<p><strong>President<\/strong><br>Univ. Prof. Dr. Jochen Kantelhardt<br><em>Institute of Agricultural and Forest Economics, BOKU University Vienna<\/em><\/p>\n\n\n\n<p><strong>Vice President<\/strong><br>DI Josef Hambrusch<br><em>Federal Institute for Agricultural Economics and Mountain Farming<\/em><\/p>\n\n\n\n<p><strong>Vice President<\/strong><br>Univ. Prof.<sup>in<\/sup> Priv.-Doz.<sup>in<\/sup> DDI<sup>in<\/sup> Dr.<sup>in<\/sup> Hermine Mitter<br><em>University of Graz<\/em><\/p>\n\n\n\n<p><strong>Treasurer<\/strong><br>Ass.Prof. DI Dr. Michael Eder<br><em>Institute of Agricultural and Forest Economics, BOKU University Vienna<\/em><\/p>\n\n\n\n<p><strong>CEO<\/strong><br>DI Dr. Stefan Kirchweger<br><em>Study Center for International Analysis, Schlierbach<\/em><\/p>\n\n\n\n<div style=\"height:5px\" aria-hidden=\"true\" class=\"wp-block-spacer\"><\/div>\n\n\n\n<p><em>other Board Members:<\/em><\/p>\n\n\n\n<ul class=\"wp-block-list\">\n<li>Mag. Christian Fritz, MA<\/li>\n\n\n\n<li>DI.<sup>in<\/sup> Dr.<sup>in<\/sup>\u00a0Heidelinde\u00a0Gr\u00fcneis<\/li>\n\n\n\n<li>DI DDr. Reinhard Mang<\/li>\n\n\n\n<li>DI Dr. Andreas Niedermayr<\/li>\n\n\n\n<li>Univ. Prof.<sup>in<\/sup> Dr.<sup>in<\/sup> Petra Riefler<\/li>\n\n\n\n<li>Mag. DI Dr. Martin Sch\u00f6nhart<\/li>\n\n\n\n<li>Priv.-Doz. DI Dr. Franz Sinabell<\/li>\n\n\n\n<li>DI<sup>in<\/sup> Angelika Steger<\/li>\n\n\n\n<li>HS-Prof. Dipl.-Ing. Dr. Bernhard St\u00fcrmer<\/li>\n<\/ul>\n\n\n\n<hr class=\"wp-block-separator has-alpha-channel-opacity\"\/>\n\n\n\n<h3 class=\"wp-block-heading\">Downloads<\/h3>\n\n\n\n<p>\u2022 <a href=\"https:\/\/oega.boku.ac.at\/wp-content\/uploads\/2024\/12\/Statuten_21042010.pdf\" data-type=\"link\" data-id=\"https:\/\/oega.boku.ac.at\/wp-content\/uploads\/2024\/12\/Statuten_21042010.pdf\">Association Statutes<\/a><br>\u2022 <a href=\"https:\/\/oega.boku.ac.at\/wp-content\/uploads\/2024\/12\/OEGABeitritt_frm_16.docx\" data-type=\"link\" data-id=\"https:\/\/oega.boku.ac.at\/wp-content\/uploads\/2024\/12\/OEGABeitritt_frm_16.docx\">Membership Application<\/a><\/p>\n\n\n\n<hr class=\"wp-block-separator has-alpha-channel-opacity\"\/>\n<div class=\"pdfprnt-buttons pdfprnt-buttons-page pdfprnt-bottom-left\"><a href=\"https:\/\/oega.boku.ac.at\/en\/wp-json\/wp\/v2\/pages\/41?print=pdf\" class=\"pdfprnt-button pdfprnt-button-pdf\" target=\"_blank\" ><\/a><a href=\"https:\/\/oega.boku.ac.at\/en\/wp-json\/wp\/v2\/pages\/41?print=print\" class=\"pdfprnt-button pdfprnt-button-print\" target=\"_blank\" ><img decoding=\"async\" src=\"https:\/\/oega.boku.ac.at\/wp-content\/plugins\/pdf-print\/images\/print.png\" alt=\"image_print\" title=\"Print Content\" \/><span class=\"pdfprnt-button-title pdfprnt-button-print-title\">Print-Version<\/span><\/a><\/div>","protected":false},"excerpt":{"rendered":"<p>Die \u00d6sterreichische Gesellschaft f\u00fcr Agrar\u00f6konomie (\u00d6GA) ist eine wissenschaftliche Gesellschaft, die im Dezember 1990 in Wien gegr\u00fcndet wurde. Ziele &amp; Aufgaben Die \u00d6GA versteht sich als institutionalisiertes Forum f\u00fcr die sozial-, politik- und wirtschaftswissenschaftliche Auseinandersetzung mit Fragen des Agrarsektors. Sie m\u00f6chte die Kommunikation der Wissenschafterinnen und Wissenschafter untereinander verbessern, den Erfahrungs-, Meinungs- und Gedankenaustausch pflegen [&hellip;]<\/p>\n","protected":false},"author":1,"featured_media":0,"parent":0,"menu_order":0,"comment_status":"closed","ping_status":"closed","template":"","meta":{"footnotes":""},"class_list":["post-41","page","type-page","status-publish","hentry"],"_links":{"self":[{"href":"https:\/\/oega.boku.ac.at\/en\/wp-json\/wp\/v2\/pages\/41","targetHints":{"allow":["GET"]}}],"collection":[{"href":"https:\/\/oega.boku.ac.at\/en\/wp-json\/wp\/v2\/pages"}],"about":[{"href":"https:\/\/oega.boku.ac.at\/en\/wp-json\/wp\/v2\/types\/page"}],"author":[{"embeddable":true,"href":"https:\/\/oega.boku.ac.at\/en\/wp-json\/wp\/v2\/users\/1"}],"replies":[{"embeddable":true,"href":"https:\/\/oega.boku.ac.at\/en\/wp-json\/wp\/v2\/comments?post=41"}],"version-history":[{"count":24,"href":"https:\/\/oega.boku.ac.at\/en\/wp-json\/wp\/v2\/pages\/41\/revisions"}],"predecessor-version":[{"id":1397,"href":"https:\/\/oega.boku.ac.at\/en\/wp-json\/wp\/v2\/pages\/41\/revisions\/1397"}],"wp:attachment":[{"href":"https:\/\/oega.boku.ac.at\/en\/wp-json\/wp\/v2\/media?parent=41"}],"curies":[{"name":"wp","href":"https:\/\/api.w.org\/{rel}","templated":true}]}}