{"id":39,"date":"2024-12-22T22:45:52","date_gmt":"2024-12-22T21:45:52","guid":{"rendered":"https:\/\/oega.boku.ac.at\/?page_id=39"},"modified":"2026-01-30T16:18:53","modified_gmt":"2026-01-30T15:18:53","slug":"oega-preis","status":"publish","type":"page","link":"https:\/\/oega.boku.ac.at\/en\/oega-preis\/","title":{"rendered":"About the \u00d6GA Prize"},"content":{"rendered":"<p>The \u00d6GA honors outstanding scientific achievements by young researchers at its annual conference. Academic theses from the scientific fields represented by the \u00d6GA that have a connection to Austria can be submitted. Details on the relevant submission criteria can be found in the current <strong><a href=\"https:\/\/oega.boku.ac.at\/wp-content\/uploads\/2026\/01\/OeGA_Preis-2026_web.pdf\" data-type=\"attachment\" data-id=\"1723\">Call 2026<\/a><\/strong> and in the <strong><a href=\"https:\/\/oega.boku.ac.at\/wp-content\/uploads\/2025\/01\/OEGA-Preis_Vergaberichtlinien_2024_final.pdf\">award guidelines<\/a><\/strong>.<\/p>\n\n\n\n<p>Applicants for the \u00d6GA Prize are asked to elaborate on the following points in a letter of motivation:<\/p>\n\n\n\n<ul class=\"wp-block-list\">\n<li>Description of the connection to the <a href=\"https:\/\/oega.boku.ac.at\/en\/ueber-uns\/\" data-type=\"page\" data-id=\"41\" target=\"_blank\" rel=\"noreferrer noopener\">\u00d6GA\u2019s research fields<\/a>.<\/li>\n\n\n\n<li>Explanation of the Austrian relevance of the work.<\/li>\n\n\n\n<li>Argumentation of the award-worthy scientific and practice-relevant elements of the work.<\/li>\n\n\n\n<li>Further aspects are at the discretion of the applicant.<\/li>\n<\/ul>\n\n\n\n<figure class=\"wp-block-image size-full is-resized\"><img loading=\"lazy\" decoding=\"async\" width=\"524\" height=\"393\" src=\"https:\/\/oega.boku.ac.at\/wp-content\/uploads\/2025\/01\/csm_20230928_180938_a2d6dd8485.jpg\" alt=\"\" class=\"wp-image-395\" style=\"width:647px;height:auto\" srcset=\"https:\/\/oega.boku.ac.at\/wp-content\/uploads\/2025\/01\/csm_20230928_180938_a2d6dd8485.jpg 524w, https:\/\/oega.boku.ac.at\/wp-content\/uploads\/2025\/01\/csm_20230928_180938_a2d6dd8485-300x225.jpg 300w\" sizes=\"auto, (max-width: 524px) 100vw, 524px\" \/><figcaption class=\"wp-element-caption\">Award ceremony in the Ceremony Hall of the BOKU University, 2023<\/figcaption><\/figure>\n\n\n\n<hr class=\"wp-block-separator has-alpha-channel-opacity\"\/>\n<div class=\"pdfprnt-buttons pdfprnt-buttons-page pdfprnt-bottom-left\"><a href=\"https:\/\/oega.boku.ac.at\/en\/wp-json\/wp\/v2\/pages\/39?print=pdf\" class=\"pdfprnt-button pdfprnt-button-pdf\" target=\"_blank\" ><\/a><a href=\"https:\/\/oega.boku.ac.at\/en\/wp-json\/wp\/v2\/pages\/39?print=print\" class=\"pdfprnt-button pdfprnt-button-print\" target=\"_blank\" ><img decoding=\"async\" src=\"https:\/\/oega.boku.ac.at\/wp-content\/plugins\/pdf-print\/images\/print.png\" alt=\"image_print\" title=\"Print Content\" \/><span class=\"pdfprnt-button-title pdfprnt-button-print-title\">Print-Version<\/span><\/a><\/div>","protected":false},"excerpt":{"rendered":"<p>Die \u00d6GA zeichnet im Rahmen ihrer Jahrestagung besondere wissenschaftliche Leistungen j\u00fcngerer Forscher und Forscherinnen aus. Dazu k\u00f6nnen wissenschaftliche Abschlussarbeiten aus den in der \u00d6GA vertretenen Wissenschaftsgebieten eingereicht werden, die einen Bezug zu \u00d6sterreich haben. Die Details zu den f\u00fcr die Einreichung relevanten Kriterien finden Sie in der aktuellen Ausschreibung 2026 und in den Vergaberichtlinien. Die [&hellip;]<\/p>\n","protected":false},"author":1,"featured_media":0,"parent":0,"menu_order":0,"comment_status":"closed","ping_status":"closed","template":"","meta":{"footnotes":""},"class_list":["post-39","page","type-page","status-publish","hentry"],"_links":{"self":[{"href":"https:\/\/oega.boku.ac.at\/en\/wp-json\/wp\/v2\/pages\/39","targetHints":{"allow":["GET"]}}],"collection":[{"href":"https:\/\/oega.boku.ac.at\/en\/wp-json\/wp\/v2\/pages"}],"about":[{"href":"https:\/\/oega.boku.ac.at\/en\/wp-json\/wp\/v2\/types\/page"}],"author":[{"embeddable":true,"href":"https:\/\/oega.boku.ac.at\/en\/wp-json\/wp\/v2\/users\/1"}],"replies":[{"embeddable":true,"href":"https:\/\/oega.boku.ac.at\/en\/wp-json\/wp\/v2\/comments?post=39"}],"version-history":[{"count":8,"href":"https:\/\/oega.boku.ac.at\/en\/wp-json\/wp\/v2\/pages\/39\/revisions"}],"predecessor-version":[{"id":1724,"href":"https:\/\/oega.boku.ac.at\/en\/wp-json\/wp\/v2\/pages\/39\/revisions\/1724"}],"wp:attachment":[{"href":"https:\/\/oega.boku.ac.at\/en\/wp-json\/wp\/v2\/media?parent=39"}],"curies":[{"name":"wp","href":"https:\/\/api.w.org\/{rel}","templated":true}]}}