{"id":35,"date":"2024-12-22T22:43:15","date_gmt":"2024-12-22T21:43:15","guid":{"rendered":"https:\/\/oega.boku.ac.at\/?page_id=35"},"modified":"2025-03-29T09:00:00","modified_gmt":"2025-03-29T08:00:00","slug":"tagungen","status":"publish","type":"page","link":"https:\/\/oega.boku.ac.at\/en\/tagungen\/","title":{"rendered":"Conferences"},"content":{"rendered":"<p>The Austrian Society for Agricultural Economics (\u00d6GA) hosts an annual <strong>scientific conference<\/strong>\u00a0in the fall. Information on <strong>submission deadlines<\/strong> for <strong>short papers<\/strong> ( 2 pages ), as well as<strong> dates<\/strong> and <strong>location <\/strong>of the conference, can be found on the webpage related to a specific conference.<\/p>\n\n\n\n<p><\/p>\n\n\n\n<p>Following the annual conference, articles can also be submitted to the <strong><em>AJARS \u2013 A<\/em><\/strong><em><strong>ustrian Journal of Agricultural Economics and Rural Studies.<\/strong><\/em> However, participation in the conference is not a prerequisite. Further information on AJARS can be found <a href=\"\/en\/journal\/information-about-the-austrian-journal-of-agricultural-economics-and-rural-studies\/\" data-type=\"page\" data-id=\"82\">here<\/a>.<\/p>\n\n\n\n<figure class=\"wp-block-gallery has-nested-images columns-default is-cropped wp-block-gallery-1 is-layout-flex wp-block-gallery-is-layout-flex\">\n<figure class=\"wp-block-image size-large\"><img loading=\"lazy\" decoding=\"async\" width=\"524\" height=\"393\" data-id=\"405\" src=\"https:\/\/oega.boku.ac.at\/wp-content\/uploads\/2025\/01\/csm_20230928_180938_a2d6dd8485-1.jpg\" alt=\"\" class=\"wp-image-405\" srcset=\"https:\/\/oega.boku.ac.at\/wp-content\/uploads\/2025\/01\/csm_20230928_180938_a2d6dd8485-1.jpg 524w, https:\/\/oega.boku.ac.at\/wp-content\/uploads\/2025\/01\/csm_20230928_180938_a2d6dd8485-1-300x225.jpg 300w\" sizes=\"auto, (max-width: 524px) 100vw, 524px\" \/><\/figure>\n\n\n\n<figure class=\"wp-block-image size-large\"><img loading=\"lazy\" decoding=\"async\" width=\"524\" height=\"561\" data-id=\"404\" src=\"https:\/\/oega.boku.ac.at\/wp-content\/uploads\/2025\/01\/csm_OeGApreisBuffet_Ausschnitt1_klein_0b169fd3a7.jpg\" alt=\"\" class=\"wp-image-404\" srcset=\"https:\/\/oega.boku.ac.at\/wp-content\/uploads\/2025\/01\/csm_OeGApreisBuffet_Ausschnitt1_klein_0b169fd3a7.jpg 524w, https:\/\/oega.boku.ac.at\/wp-content\/uploads\/2025\/01\/csm_OeGApreisBuffet_Ausschnitt1_klein_0b169fd3a7-280x300.jpg 280w\" sizes=\"auto, (max-width: 524px) 100vw, 524px\" \/><\/figure>\n<\/figure>\n<div class=\"pdfprnt-buttons pdfprnt-buttons-page pdfprnt-bottom-left\"><a href=\"https:\/\/oega.boku.ac.at\/en\/wp-json\/wp\/v2\/pages\/35?print=pdf\" class=\"pdfprnt-button pdfprnt-button-pdf\" target=\"_blank\" ><\/a><a href=\"https:\/\/oega.boku.ac.at\/en\/wp-json\/wp\/v2\/pages\/35?print=print\" class=\"pdfprnt-button pdfprnt-button-print\" target=\"_blank\" ><img decoding=\"async\" src=\"https:\/\/oega.boku.ac.at\/wp-content\/plugins\/pdf-print\/images\/print.png\" alt=\"image_print\" title=\"Print Content\" \/><span class=\"pdfprnt-button-title pdfprnt-button-print-title\">Print-Version<\/span><\/a><\/div>","protected":false},"excerpt":{"rendered":"<p>Die \u00d6sterreichische Gesellschaft f\u00fcr Agrar\u00f6konomie (\u00d6GA) veranstaltet jedes Jahr im Herbst eine wissenschaftliche Fachtagung. Informationen zu Einreichfristen f\u00fcr Short-Papers (2 Seiten), Zeit und Ort der Tagung finden Sie auf der Seite der jeweiligen Tagung. Im Anschluss an die jeweilige Jahrestagung k\u00f6nnen auch Artikel f\u00fcr das AJARS &#8211; Austrian Journal of Agricultural Economics and Rural Studies [&hellip;]<\/p>\n","protected":false},"author":1,"featured_media":0,"parent":0,"menu_order":0,"comment_status":"closed","ping_status":"closed","template":"","meta":{"footnotes":""},"class_list":["post-35","page","type-page","status-publish","hentry"],"_links":{"self":[{"href":"https:\/\/oega.boku.ac.at\/en\/wp-json\/wp\/v2\/pages\/35","targetHints":{"allow":["GET"]}}],"collection":[{"href":"https:\/\/oega.boku.ac.at\/en\/wp-json\/wp\/v2\/pages"}],"about":[{"href":"https:\/\/oega.boku.ac.at\/en\/wp-json\/wp\/v2\/types\/page"}],"author":[{"embeddable":true,"href":"https:\/\/oega.boku.ac.at\/en\/wp-json\/wp\/v2\/users\/1"}],"replies":[{"embeddable":true,"href":"https:\/\/oega.boku.ac.at\/en\/wp-json\/wp\/v2\/comments?post=35"}],"version-history":[{"count":7,"href":"https:\/\/oega.boku.ac.at\/en\/wp-json\/wp\/v2\/pages\/35\/revisions"}],"predecessor-version":[{"id":1366,"href":"https:\/\/oega.boku.ac.at\/en\/wp-json\/wp\/v2\/pages\/35\/revisions\/1366"}],"wp:attachment":[{"href":"https:\/\/oega.boku.ac.at\/en\/wp-json\/wp\/v2\/media?parent=35"}],"curies":[{"name":"wp","href":"https:\/\/api.w.org\/{rel}","templated":true}]}}