{"id":176,"date":"2025-01-15T17:46:51","date_gmt":"2025-01-15T16:46:51","guid":{"rendered":"https:\/\/oega.boku.ac.at\/?page_id=176"},"modified":"2025-10-29T20:22:58","modified_gmt":"2025-10-29T19:22:58","slug":"oega-tagung-2025","status":"publish","type":"page","link":"https:\/\/oega.boku.ac.at\/en\/tagungen\/oega-tagung-2025\/","title":{"rendered":"\u00d6GA Conference 2025"},"content":{"rendered":"<p class=\"has-text-align-center\">The 35th Annual Conference of the Austrian Society for Agricultural Economics on the topic <\/p>\n\n\n\n<p class=\"has-text-align-center\">\u201c<strong>Security of Supply in the Context of Rising Demand and Limited Resources<\/strong>\u201d <\/p>\n\n\n\n<p class=\"has-text-align-center\">fand vom<\/p>\n\n\n\n<p class=\"has-text-align-center\"><strong>September 18-19, 2025 <\/strong>at the <strong>University of Graz<\/strong> .&nbsp;<\/p>\n\n\n\n<figure class=\"wp-block-image size-large\"><img loading=\"lazy\" decoding=\"async\" width=\"1024\" height=\"683\" src=\"https:\/\/oega.boku.ac.at\/wp-content\/uploads\/2025\/10\/DSC_0070-1024x683.jpg\" alt=\"\" class=\"wp-image-1686\" srcset=\"https:\/\/oega.boku.ac.at\/wp-content\/uploads\/2025\/10\/DSC_0070-1024x683.jpg 1024w, https:\/\/oega.boku.ac.at\/wp-content\/uploads\/2025\/10\/DSC_0070-300x200.jpg 300w, https:\/\/oega.boku.ac.at\/wp-content\/uploads\/2025\/10\/DSC_0070-768x512.jpg 768w, https:\/\/oega.boku.ac.at\/wp-content\/uploads\/2025\/10\/DSC_0070-1536x1024.jpg 1536w, https:\/\/oega.boku.ac.at\/wp-content\/uploads\/2025\/10\/DSC_0070-2048x1365.jpg 2048w, https:\/\/oega.boku.ac.at\/wp-content\/uploads\/2025\/10\/DSC_0070-18x12.jpg 18w, https:\/\/oega.boku.ac.at\/wp-content\/uploads\/2025\/10\/DSC_0070-1200x800.jpg 1200w, https:\/\/oega.boku.ac.at\/wp-content\/uploads\/2025\/10\/DSC_0070-1980x1320.jpg 1980w\" sizes=\"auto, (max-width: 1024px) 100vw, 1024px\" \/><\/figure>\n\n\n\n<p>Im Rahmen der Tagung widmeten sich 3 Plenarvortr\u00e4ge diesem Tagungsthema (Folien k\u00f6nnen in den Hyperlinks unten heruntergeladen werden):<\/p>\n\n\n\n<p><strong>Petr Havlik <\/strong>(International Institute for Applied Systems Analysis, AT): <a href=\"https:\/\/oega.boku.ac.at\/wp-content\/uploads\/2025\/10\/PetrHavlik_public.pdf\" data-type=\"attachment\" data-id=\"1685\">Sustainable agricultural sector: A key component of EU economic prosperity and security<\/a><\/p>\n\n\n\n<p><strong>Monika Hartmann <\/strong>(University of Bonn, D): <a href=\"https:\/\/oega.boku.ac.at\/wp-content\/uploads\/2025\/10\/Hartmann_public.pdf\" data-type=\"attachment\" data-id=\"1681\">Sustainable Food Consumption \u2013 Relevance, Challenges, and Strategies<\/a><\/p>\n\n\n\n<p><strong>Sophie Helaine <\/strong>(European Commission): The EU\u2019s vision on agricultural policy in the face of rising demand and limited resources, including labour force<\/p>\n\n\n\n<figure class=\"wp-block-image size-large\"><img loading=\"lazy\" decoding=\"async\" width=\"1024\" height=\"683\" src=\"https:\/\/oega.boku.ac.at\/wp-content\/uploads\/2025\/10\/DSC_0407-1024x683.jpg\" alt=\"\" class=\"wp-image-1689\" srcset=\"https:\/\/oega.boku.ac.at\/wp-content\/uploads\/2025\/10\/DSC_0407-1024x683.jpg 1024w, https:\/\/oega.boku.ac.at\/wp-content\/uploads\/2025\/10\/DSC_0407-300x200.jpg 300w, https:\/\/oega.boku.ac.at\/wp-content\/uploads\/2025\/10\/DSC_0407-768x512.jpg 768w, https:\/\/oega.boku.ac.at\/wp-content\/uploads\/2025\/10\/DSC_0407-1536x1024.jpg 1536w, https:\/\/oega.boku.ac.at\/wp-content\/uploads\/2025\/10\/DSC_0407-2048x1365.jpg 2048w, https:\/\/oega.boku.ac.at\/wp-content\/uploads\/2025\/10\/DSC_0407-18x12.jpg 18w, https:\/\/oega.boku.ac.at\/wp-content\/uploads\/2025\/10\/DSC_0407-1200x800.jpg 1200w, https:\/\/oega.boku.ac.at\/wp-content\/uploads\/2025\/10\/DSC_0407-1980x1320.jpg 1980w\" sizes=\"auto, (max-width: 1024px) 100vw, 1024px\" \/><\/figure>\n\n\n\n<p><strong>Downloads<\/strong><\/p>\n\n\n\n<ul class=\"wp-block-list\">\n<li><a href=\"https:\/\/oega.boku.ac.at\/wp-content\/uploads\/2025\/10\/Tagungsband_24.10.25.pdf\" data-type=\"attachment\" data-id=\"1704\" target=\"_blank\" rel=\"noreferrer noopener\"><strong>Conference Proceedings<\/strong><\/a><\/li>\n\n\n\n<li><strong><a href=\"https:\/\/oega.boku.ac.at\/wp-content\/uploads\/2025\/09\/programm2025_160925.pdf\" data-type=\"attachment\" data-id=\"1674\">Programme<\/a><\/strong><\/li>\n<\/ul>\n\n\n\n<p><\/p>\n<div class=\"pdfprnt-buttons pdfprnt-buttons-page pdfprnt-bottom-left\"><a href=\"https:\/\/oega.boku.ac.at\/en\/wp-json\/wp\/v2\/pages\/176?print=pdf\" class=\"pdfprnt-button pdfprnt-button-pdf\" target=\"_blank\" ><\/a><a href=\"https:\/\/oega.boku.ac.at\/en\/wp-json\/wp\/v2\/pages\/176?print=print\" class=\"pdfprnt-button pdfprnt-button-print\" target=\"_blank\" ><img decoding=\"async\" src=\"https:\/\/oega.boku.ac.at\/wp-content\/plugins\/pdf-print\/images\/print.png\" alt=\"image_print\" title=\"Print Content\" \/><span class=\"pdfprnt-button-title pdfprnt-button-print-title\">Print-Version<\/span><\/a><\/div>","protected":false},"excerpt":{"rendered":"<p>Die 35. Jahrestagung&nbsp;der \u00d6sterreichischen Gesellschaft f\u00fcr Agrar\u00f6konomie zum Thema \u201eVersorgungssicherheit im Spannungsfeld steigender Nachfrage und begrenzter Ressourcen\u201c fand vom 18. bis 19. September 2025 an der Universit\u00e4t Graz statt.&nbsp; Im Rahmen der Tagung widmeten sich 3 Plenarvortr\u00e4ge diesem Tagungsthema (Folien k\u00f6nnen in den Hyperlinks unten heruntergeladen werden): Petr Havlik (International Institute for Applied Systems Analysis, [&hellip;]<\/p>\n","protected":false},"author":1,"featured_media":0,"parent":35,"menu_order":0,"comment_status":"closed","ping_status":"closed","template":"","meta":{"footnotes":"[]"},"class_list":["post-176","page","type-page","status-publish","hentry"],"_links":{"self":[{"href":"https:\/\/oega.boku.ac.at\/en\/wp-json\/wp\/v2\/pages\/176","targetHints":{"allow":["GET"]}}],"collection":[{"href":"https:\/\/oega.boku.ac.at\/en\/wp-json\/wp\/v2\/pages"}],"about":[{"href":"https:\/\/oega.boku.ac.at\/en\/wp-json\/wp\/v2\/types\/page"}],"author":[{"embeddable":true,"href":"https:\/\/oega.boku.ac.at\/en\/wp-json\/wp\/v2\/users\/1"}],"replies":[{"embeddable":true,"href":"https:\/\/oega.boku.ac.at\/en\/wp-json\/wp\/v2\/comments?post=176"}],"version-history":[{"count":54,"href":"https:\/\/oega.boku.ac.at\/en\/wp-json\/wp\/v2\/pages\/176\/revisions"}],"predecessor-version":[{"id":1705,"href":"https:\/\/oega.boku.ac.at\/en\/wp-json\/wp\/v2\/pages\/176\/revisions\/1705"}],"up":[{"embeddable":true,"href":"https:\/\/oega.boku.ac.at\/en\/wp-json\/wp\/v2\/pages\/35"}],"wp:attachment":[{"href":"https:\/\/oega.boku.ac.at\/en\/wp-json\/wp\/v2\/media?parent=176"}],"curies":[{"name":"wp","href":"https:\/\/api.w.org\/{rel}","templated":true}]}}